{"id":1564,"date":"2020-06-26T12:22:45","date_gmt":"2020-06-26T12:22:45","guid":{"rendered":"http:\/\/www.ket4f-gas.eu\/?page_id=1564"},"modified":"2021-11-12T10:36:20","modified_gmt":"2021-11-12T10:36:20","slug":"ressources","status":"publish","type":"page","link":"http:\/\/www.ket4f-gas.eu\/?page_id=1564&lang=fr","title":{"rendered":"R\u00e9sultats"},"content":{"rendered":"<p>[et_pb_section fb_built=&#8221;1&#8243; _builder_version=&#8221;3.22&#8243; global_colors_info=&#8221;{}&#8221;][et_pb_row _builder_version=&#8221;3.25&#8243; background_size=&#8221;initial&#8221; background_position=&#8221;top_left&#8221; background_repeat=&#8221;repeat&#8221; collapsed=&#8221;off&#8221; global_colors_info=&#8221;{}&#8221;][et_pb_column type=&#8221;4_4&#8243; _builder_version=&#8221;3.25&#8243; custom_padding=&#8221;|||&#8221; global_colors_info=&#8221;{}&#8221; custom_padding__hover=&#8221;|||&#8221;][et_pb_image src=&#8221;http:\/\/www.ket4f-gas.eu\/wp-content\/uploads\/2020\/12\/banner-pt-1.jpg&#8221; title_text=&#8221;banner-pt&#8221; _builder_version=&#8221;4.7.7&#8243; _module_preset=&#8221;default&#8221; global_colors_info=&#8221;{}&#8221;][\/et_pb_image][\/et_pb_column][\/et_pb_row][et_pb_row _builder_version=&#8221;4.7.3&#8243; _module_preset=&#8221;default&#8221; locked=&#8221;off&#8221; global_colors_info=&#8221;{}&#8221;][et_pb_column type=&#8221;4_4&#8243; _builder_version=&#8221;4.7.3&#8243; _module_preset=&#8221;default&#8221; global_colors_info=&#8221;{}&#8221;][et_pb_text _builder_version=&#8221;4.13.0&#8243; _module_preset=&#8221;default&#8221; global_colors_info=&#8221;{}&#8221;]<\/p>\n<h1 class=\"ect-events-page-title\"><span style=\"font-size: 45px; color: #ff9900;\"><strong>01<\/strong><\/span><\/h1>\n<h2 class=\"ect-events-page-title\"><span style=\"color: #ff9900;\"><strong>Videos<\/strong><\/span><\/h2>\n<p style=\"text-align: justify;\">Syst\u00e8me KET4F-GAS pour la r\u00e9cup\u00e9ration des gaz fluor\u00e9s HFC. Dans cette vid\u00e9o, vous pouvez voir l&#8217;un des principaux r\u00e9sultats de ce projet, le syst\u00e8me cr\u00e9\u00e9 pour la gestion des gaz fluor\u00e9s a pour objectif ultime de r\u00e9duire les \u00e9missions de ces compos\u00e9s fluor\u00e9s si n\u00e9fastes au changement climatique. Deux prototypes ont \u00e9t\u00e9 con\u00e7us, construits et valid\u00e9s pour l&#8217;\u00e9limination des \u00e9missions et la r\u00e9cup\u00e9ration des gaz F sur la base d&#8217;une combinaison optimale de TCGs et de multi-TCGs.<\/p>\n<p style=\"text-align: justify;\">Ce produit permet de valider \u00e0 l&#8217;\u00e9chelle pilote de nouvelles technologies pour le traitement des gaz fluor\u00e9s (F-gaz) au moyen de solutions alternatives bas\u00e9es sur les TCGs crois\u00e9s, r\u00e9duisant ainsi les \u00e9missions de compos\u00e9s fluor\u00e9s dans la r\u00e9gion de Sudoe.<\/p>\n<p>[\/et_pb_text][\/et_pb_column][\/et_pb_row][et_pb_row column_structure=&#8221;1_2,1_2&#8243; _builder_version=&#8221;4.9.7&#8243; _module_preset=&#8221;default&#8221; width=&#8221;50%&#8221; locked=&#8221;off&#8221; global_colors_info=&#8221;{}&#8221;][et_pb_column type=&#8221;1_2&#8243; _builder_version=&#8221;4.9.7&#8243; _module_preset=&#8221;default&#8221; global_colors_info=&#8221;{}&#8221;][et_pb_video src=&#8221;https:\/\/www.youtube.com\/watch?v=lwx0TVv0QyA&#038;t=4s&#8221; _builder_version=&#8221;4.9.7&#8243; _module_preset=&#8221;default&#8221; global_colors_info=&#8221;{}&#8221;][\/et_pb_video][et_pb_text _builder_version=&#8221;4.12.1&#8243; _module_preset=&#8221;default&#8221; global_colors_info=&#8221;{}&#8221;]<\/p>\n<p>Prototypes pour la s\u00e9paration des F-gaz<\/p>\n<p>[\/et_pb_text][\/et_pb_column][et_pb_column type=&#8221;1_2&#8243; _builder_version=&#8221;4.9.7&#8243; _module_preset=&#8221;default&#8221; global_colors_info=&#8221;{}&#8221;][et_pb_video src=&#8221;http:\/\/www.ket4f-gas.eu\/wp-content\/uploads\/2021\/10\/KET4F_Gas_FR.mp4&#8243; _builder_version=&#8221;4.11.1&#8243; _module_preset=&#8221;default&#8221; global_colors_info=&#8221;{}&#8221;][\/et_pb_video][et_pb_text _builder_version=&#8221;4.11.1&#8243; _module_preset=&#8221;default&#8221; global_colors_info=&#8221;{}&#8221;]Cette vid\u00e9o, destin\u00e9e aux jeunes, d\u00e9crit les objectifs du projet Ket4F-Gas et le d\u00e9fi que nous devons relever pour r\u00e9duire l&#8217;impact des gaz fluor\u00e9s sur l&#8217;environnement, et plus particuli\u00e8rement le r\u00e9chauffement climatique, de mani\u00e8re simple et accessible.[\/et_pb_text][\/et_pb_column][\/et_pb_row][et_pb_row column_structure=&#8221;1_2,1_2&#8243; _builder_version=&#8221;4.9.7&#8243; _module_preset=&#8221;default&#8221; width=&#8221;50%&#8221; locked=&#8221;off&#8221; global_colors_info=&#8221;{}&#8221;][et_pb_column type=&#8221;1_2&#8243; _builder_version=&#8221;4.9.7&#8243; _module_preset=&#8221;default&#8221; global_colors_info=&#8221;{}&#8221;][et_pb_video src=&#8221;http:\/\/www.ket4f-gas.eu\/wp-content\/uploads\/2021\/11\/Pildora_Ketf4-Gas_FR_V2.mp4&#8243; _builder_version=&#8221;4.12.1&#8243; _module_preset=&#8221;default&#8221; global_colors_info=&#8221;{}&#8221;][\/et_pb_video][\/et_pb_column][et_pb_column type=&#8221;1_2&#8243; _builder_version=&#8221;4.9.7&#8243; _module_preset=&#8221;default&#8221; global_colors_info=&#8221;{}&#8221;][et_pb_video src=&#8221;http:\/\/www.ket4f-gas.eu\/wp-content\/uploads\/2021\/10\/KET4F-GAS_FR.mp4&#8243; _builder_version=&#8221;4.11.3&#8243; _module_preset=&#8221;default&#8221; global_colors_info=&#8221;{}&#8221;][\/et_pb_video][\/et_pb_column][\/et_pb_row][et_pb_row _builder_version=&#8221;4.9.7&#8243; _module_preset=&#8221;default&#8221; width=&#8221;50%&#8221; locked=&#8221;off&#8221; global_colors_info=&#8221;{}&#8221;][et_pb_column type=&#8221;4_4&#8243; _builder_version=&#8221;4.9.7&#8243; _module_preset=&#8221;default&#8221; global_colors_info=&#8221;{}&#8221;][et_pb_text _builder_version=&#8221;4.12.1&#8243; _module_preset=&#8221;default&#8221; global_colors_info=&#8221;{}&#8221;]<\/p>\n<p>Vid\u00e9o de capitalisation des r\u00e9sultats, d\u00e9crivant les diff\u00e9rentes activit\u00e9s qui ont \u00e9t\u00e9 d\u00e9velopp\u00e9es dans le projet et les conclusions finales.<\/p>\n<p>[\/et_pb_text][\/et_pb_column][\/et_pb_row][et_pb_row column_structure=&#8221;1_2,1_2&#8243; _builder_version=&#8221;4.9.7&#8243; _module_preset=&#8221;default&#8221; width=&#8221;50%&#8221; locked=&#8221;off&#8221; global_colors_info=&#8221;{}&#8221;][et_pb_column type=&#8221;1_2&#8243; _builder_version=&#8221;4.9.7&#8243; _module_preset=&#8221;default&#8221; global_colors_info=&#8221;{}&#8221;][et_pb_video src=&#8221;https:\/\/www.youtube.com\/watch?v=yK5vmsBikLA&#8221; _builder_version=&#8221;4.9.10&#8243; _module_preset=&#8221;default&#8221; global_colors_info=&#8221;{}&#8221;][\/et_pb_video][\/et_pb_column][et_pb_column type=&#8221;1_2&#8243; _builder_version=&#8221;4.9.7&#8243; _module_preset=&#8221;default&#8221; global_colors_info=&#8221;{}&#8221;][et_pb_video src=&#8221;https:\/\/www.youtube.com\/watch?v=L_8thNIWQ9o&#8221; _builder_version=&#8221;4.9.10&#8243; _module_preset=&#8221;default&#8221; global_colors_info=&#8221;{}&#8221;][\/et_pb_video][\/et_pb_column][\/et_pb_row][et_pb_row _builder_version=&#8221;4.9.7&#8243; _module_preset=&#8221;default&#8221; width=&#8221;50%&#8221; locked=&#8221;off&#8221; global_colors_info=&#8221;{}&#8221;][et_pb_column type=&#8221;4_4&#8243; _builder_version=&#8221;4.9.7&#8243; _module_preset=&#8221;default&#8221; global_colors_info=&#8221;{}&#8221;][et_pb_text _builder_version=&#8221;4.13.0&#8243; _module_preset=&#8221;default&#8221; global_colors_info=&#8221;{}&#8221;]<\/p>\n<p>L&#8217;objectif principal du projet Ket4F-Gas est de r\u00e9duire l&#8217;impact environnemental des gaz fluor\u00e9s par le d\u00e9veloppement et la mise en \u0153uvre de Technologies Cl\u00e9s G\u00e9n\u00e9riques (EET).<\/p>\n<p>[\/et_pb_text][\/et_pb_column][\/et_pb_row][et_pb_row column_structure=&#8221;3_4,1_4&#8243; _builder_version=&#8221;4.7.3&#8243; _module_preset=&#8221;default&#8221; global_colors_info=&#8221;{}&#8221;][et_pb_column type=&#8221;3_4&#8243; _builder_version=&#8221;4.7.3&#8243; _module_preset=&#8221;default&#8221; global_colors_info=&#8221;{}&#8221;][et_pb_text _builder_version=&#8221;4.12.1&#8243; _module_preset=&#8221;default&#8221; global_colors_info=&#8221;{}&#8221;]<\/p>\n<h1 class=\"ect-events-page-title\"><span style=\"font-size: 45px; color: #ff9900;\"><strong>02<\/strong><\/span><\/h1>\n<h2 class=\"ect-events-page-title\"><span style=\"color: #ff9900;\"><strong>Instrument pour la s\u00e9lection des Technologies Cl\u00e9s G\u00e9n\u00e9riques<\/strong><\/span><\/h2>\n<p>Cet instrument informatique permet de classer les d\u00e9chets selon la m\u00e9thode europ\u00e9enne (LEF &#8211; Liste europ\u00e9enne des d\u00e9chets) et de mieux comprendre l&#8217;impact des gaz fluor\u00e9s, ainsi que les meilleures solutions disponibles pour leur traitement \u00e0 l&#8217;aide des Technologies Cl\u00e9s G\u00e9n\u00e9riques (TCG).<\/p>\n<p>L&#8217; instrument a \u00e9t\u00e9 d\u00e9velopp\u00e9 dans le cadre du projet europ\u00e9en KET4F-Gas, cofinanc\u00e9 par le programme europ\u00e9en Interreg Sudoe via le Fonds Europ\u00e9en de D\u00e9veloppement R\u00e9gional (FEDER).[\/et_pb_text][\/et_pb_column][et_pb_column type=&#8221;1_4&#8243; _builder_version=&#8221;4.7.3&#8243; _module_preset=&#8221;default&#8221; custom_padding=&#8221;40px||||false|false&#8221; global_colors_info=&#8221;{}&#8221;][et_pb_image src=&#8221;http:\/\/www.ket4f-gas.eu\/wp-content\/uploads\/2020\/12\/residuos-FR.jpg&#8221; title_text=&#8221;residuos-FR&#8221; url=&#8221;http:\/\/www.ket4f-gas.eu\/ket4f\/web\/index.php?r=site%2Fhome-classificacao&#038;lg=fr&#8221; align=&#8221;center&#8221; _builder_version=&#8221;4.7.7&#8243; _module_preset=&#8221;default&#8221; global_colors_info=&#8221;{}&#8221;][\/et_pb_image][et_pb_image src=&#8221;http:\/\/www.ket4f-gas.eu\/wp-content\/uploads\/2020\/12\/tecnologias-FR.jpg&#8221; title_text=&#8221;tecnologias-FR&#8221; url=&#8221;http:\/\/www.ket4f-gas.eu\/ket4f\/web\/index.php?r=site%2Fhome-tecnologias&#038;lg=fr&#8221; align=&#8221;center&#8221; _builder_version=&#8221;4.7.7&#8243; _module_preset=&#8221;default&#8221; global_colors_info=&#8221;{}&#8221;][\/et_pb_image][\/et_pb_column][\/et_pb_row][et_pb_row _builder_version=&#8221;4.7.3&#8243; _module_preset=&#8221;default&#8221; global_colors_info=&#8221;{}&#8221;][et_pb_column type=&#8221;4_4&#8243; _builder_version=&#8221;4.7.3&#8243; _module_preset=&#8221;default&#8221; global_colors_info=&#8221;{}&#8221;][et_pb_text _builder_version=&#8221;4.12.1&#8243; _module_preset=&#8221;default&#8221; global_colors_info=&#8221;{}&#8221;]<\/p>\n<h1 class=\"ect-events-page-title\"><span style=\"font-size: 45px; color: #ff9900;\"><strong>03<\/strong><\/span><\/h1>\n<h2 class=\"ect-events-page-title\"><span style=\"color: #ff9900;\"><strong>Librairie en ligne<\/strong><\/span><\/h2>\n<ul>\n<li>Feuille de route pour l&#8217;administration publique responsable de la gestion des d\u00e9chets<\/li>\n<li>Manuel de bonnes pratiques pour l\u2019industrie et les gestionnaires des d\u00e9chets<\/li>\n<li>Catalogue de financement &#8211; Possibilit\u00e9s de consolider les r\u00e9sultats de KET4F-Gas et d&#8217;am\u00e9liorer les performances environnementales du secteur industriel du gaz fluor\u00e9s dans la r\u00e9gion de Sudoe<\/li>\n<li>Innovations factsheets<\/li>\n<\/ul>\n<p>[\/et_pb_text][\/et_pb_column][\/et_pb_row][et_pb_row column_structure=&#8221;1_5,1_5,1_5,1_5,1_5&#8243; _builder_version=&#8221;4.10.8&#8243; _module_preset=&#8221;default&#8221; global_colors_info=&#8221;{}&#8221;][et_pb_column type=&#8221;1_5&#8243; _builder_version=&#8221;4.10.8&#8243; _module_preset=&#8221;default&#8221; global_colors_info=&#8221;{}&#8221;][et_pb_image src=&#8221;http:\/\/www.ket4f-gas.eu\/wp-content\/uploads\/2021\/10\/BUENAS-PRACTICAS_fr.png&#8221; title_text=&#8221;BUENAS-PRACTICAS_fr&#8221; url=&#8221;http:\/\/www.ket4f-gas.eu\/wp-content\/uploads\/2021\/03\/FR_Good_practices.pdf&#8221; align=&#8221;center&#8221; _builder_version=&#8221;4.11.4&#8243; _module_preset=&#8221;default&#8221; global_colors_info=&#8221;{}&#8221;][\/et_pb_image][et_pb_image src=&#8221;http:\/\/www.ket4f-gas.eu\/wp-content\/uploads\/2021\/10\/InnovationFactsheet-Platform.png&#8221; title_text=&#8221;InnovationFactsheet-Platform&#8221; url=&#8221;http:\/\/www.ket4f-gas.eu\/wp-content\/uploads\/2021\/10\/KET4FGas_3_Platform.pdf&#8221; url_new_window=&#8221;on&#8221; _builder_version=&#8221;4.11.4&#8243; _module_preset=&#8221;default&#8221; locked=&#8221;off&#8221; global_colors_info=&#8221;{}&#8221;][\/et_pb_image][\/et_pb_column][et_pb_column type=&#8221;1_5&#8243; _builder_version=&#8221;4.10.8&#8243; _module_preset=&#8221;default&#8221; global_colors_info=&#8221;{}&#8221;][et_pb_image src=&#8221;http:\/\/www.ket4f-gas.eu\/wp-content\/uploads\/2021\/10\/HOJA-RUTA_fr.png&#8221; title_text=&#8221;HOJA-RUTA_fr&#8221; url=&#8221;http:\/\/www.ket4f-gas.eu\/wp-content\/uploads\/2021\/03\/FR_Roadmap.pdf&#8221; align=&#8221;center&#8221; _builder_version=&#8221;4.11.4&#8243; _module_preset=&#8221;default&#8221; global_colors_info=&#8221;{}&#8221;][\/et_pb_image][et_pb_image src=&#8221;http:\/\/www.ket4f-gas.eu\/wp-content\/uploads\/2021\/10\/Innovation_Factsheet-Guides.png&#8221; title_text=&#8221;Innovation_Factsheet-Guides&#8221; url=&#8221;http:\/\/www.ket4f-gas.eu\/wp-content\/uploads\/2021\/10\/KET4FGas_4_Guides.pdf&#8221; url_new_window=&#8221;on&#8221; _builder_version=&#8221;4.11.4&#8243; _module_preset=&#8221;default&#8221; locked=&#8221;off&#8221; global_colors_info=&#8221;{}&#8221;][\/et_pb_image][\/et_pb_column][et_pb_column type=&#8221;1_5&#8243; _builder_version=&#8221;4.10.8&#8243; _module_preset=&#8221;default&#8221; global_colors_info=&#8221;{}&#8221;][et_pb_image src=&#8221;http:\/\/www.ket4f-gas.eu\/wp-content\/uploads\/2021\/10\/Catalogo-de-financiacion_fr.png&#8221; title_text=&#8221;Catalogo-de-financiaci\u00f3n_fr&#8221; url=&#8221;http:\/\/www.ket4f-gas.eu\/wp-content\/uploads\/2021\/09\/KET4FGas_financial_scheme_FV_print.pdf&#8221; _builder_version=&#8221;4.11.4&#8243; _module_preset=&#8221;default&#8221; global_colors_info=&#8221;{}&#8221;][\/et_pb_image][\/et_pb_column][et_pb_column type=&#8221;1_5&#8243; _builder_version=&#8221;4.10.8&#8243; _module_preset=&#8221;default&#8221; global_colors_info=&#8221;{}&#8221;][et_pb_image src=&#8221;http:\/\/www.ket4f-gas.eu\/wp-content\/uploads\/2021\/10\/Innovation-_Factsheet-Adsorption_Prototype.png&#8221; title_text=&#8221;Innovation-_Factsheet-Adsorption_Prototype&#8221; url=&#8221;http:\/\/www.ket4f-gas.eu\/wp-content\/uploads\/2021\/10\/KET4FGas_1_Adsorption_Prototype.pdf&#8221; url_new_window=&#8221;on&#8221; _builder_version=&#8221;4.11.4&#8243; _module_preset=&#8221;default&#8221; locked=&#8221;off&#8221; global_colors_info=&#8221;{}&#8221;][\/et_pb_image][\/et_pb_column][et_pb_column type=&#8221;1_5&#8243; _builder_version=&#8221;4.10.8&#8243; _module_preset=&#8221;default&#8221; global_colors_info=&#8221;{}&#8221;][et_pb_image src=&#8221;http:\/\/www.ket4f-gas.eu\/wp-content\/uploads\/2021\/10\/InnovationFactsheet-MembranePrototype.png&#8221; title_text=&#8221;InnovationFactsheet-MembranePrototype&#8221; url=&#8221;http:\/\/www.ket4f-gas.eu\/wp-content\/uploads\/2021\/10\/KET4FGas_2_Membrane_Prototype.pdf&#8221; url_new_window=&#8221;on&#8221; _builder_version=&#8221;4.11.4&#8243; _module_preset=&#8221;default&#8221; locked=&#8221;off&#8221; global_colors_info=&#8221;{}&#8221;][\/et_pb_image][\/et_pb_column][\/et_pb_row][et_pb_row _builder_version=&#8221;4.7.3&#8243; _module_preset=&#8221;default&#8221; locked=&#8221;off&#8221; global_colors_info=&#8221;{}&#8221;][et_pb_column type=&#8221;4_4&#8243; _builder_version=&#8221;4.7.3&#8243; _module_preset=&#8221;default&#8221; global_colors_info=&#8221;{}&#8221;][et_pb_text _builder_version=&#8221;4.12.1&#8243; _module_preset=&#8221;default&#8221; global_colors_info=&#8221;{}&#8221;]<\/p>\n<h1 class=\"ect-events-page-title\"><span style=\"font-size: 45px; color: #ff9900;\"><strong>04<\/strong><\/span><\/h1>\n<h2 class=\"ect-events-page-title\"><span style=\"color: #ff9900;\"><strong>Newsletters<\/strong><\/span><\/h2>\n<p>Vous pouvez t\u00e9l\u00e9charger ici les bulletins d&#8217;information qui ont \u00e9t\u00e9 publi\u00e9s avec les nouvelles du projet et du secteur des gaz fluor\u00e9s.[\/et_pb_text][\/et_pb_column][\/et_pb_row][et_pb_row column_structure=&#8221;1_5,1_5,1_5,1_5,1_5&#8243; _builder_version=&#8221;4.10.8&#8243; _module_preset=&#8221;default&#8221; locked=&#8221;off&#8221; global_colors_info=&#8221;{}&#8221;][et_pb_column type=&#8221;1_5&#8243; _builder_version=&#8221;4.10.8&#8243; _module_preset=&#8221;default&#8221; global_colors_info=&#8221;{}&#8221;][et_pb_image src=&#8221;http:\/\/www.ket4f-gas.eu\/wp-content\/uploads\/2021\/10\/NEWS-LETTER-1.png&#8221; title_text=&#8221;NEWS-LETTER-1&#8243; url=&#8221;http:\/\/www.ket4f-gas.eu\/wp-content\/uploads\/2021\/07\/newsletter1.pdf&#8221; url_new_window=&#8221;on&#8221; _builder_version=&#8221;4.11.4&#8243; _module_preset=&#8221;default&#8221; global_colors_info=&#8221;{}&#8221;][\/et_pb_image][\/et_pb_column][et_pb_column type=&#8221;1_5&#8243; _builder_version=&#8221;4.10.8&#8243; _module_preset=&#8221;default&#8221; global_colors_info=&#8221;{}&#8221;][et_pb_image src=&#8221;http:\/\/www.ket4f-gas.eu\/wp-content\/uploads\/2021\/10\/NEWS-LETTER-2.png&#8221; title_text=&#8221;NEWS-LETTER-2&#8243; url=&#8221;http:\/\/www.ket4f-gas.eu\/wp-content\/uploads\/2021\/07\/newsletter2.pdf&#8221; url_new_window=&#8221;on&#8221; _builder_version=&#8221;4.11.4&#8243; _module_preset=&#8221;default&#8221; global_colors_info=&#8221;{}&#8221;][\/et_pb_image][\/et_pb_column][et_pb_column type=&#8221;1_5&#8243; _builder_version=&#8221;4.10.8&#8243; _module_preset=&#8221;default&#8221; global_colors_info=&#8221;{}&#8221;][et_pb_image src=&#8221;http:\/\/www.ket4f-gas.eu\/wp-content\/uploads\/2021\/10\/NEWS-LETTER-3-1.png&#8221; title_text=&#8221;NEWS-LETTER-3&#8243; url=&#8221;http:\/\/www.ket4f-gas.eu\/wp-content\/uploads\/2021\/10\/newsletter3.pdf&#8221; url_new_window=&#8221;on&#8221; _builder_version=&#8221;4.11.4&#8243; _module_preset=&#8221;default&#8221; global_colors_info=&#8221;{}&#8221;][\/et_pb_image][\/et_pb_column][et_pb_column type=&#8221;1_5&#8243; _builder_version=&#8221;4.10.8&#8243; _module_preset=&#8221;default&#8221; global_colors_info=&#8221;{}&#8221;][\/et_pb_column][et_pb_column type=&#8221;1_5&#8243; _builder_version=&#8221;4.10.8&#8243; _module_preset=&#8221;default&#8221; global_colors_info=&#8221;{}&#8221;][\/et_pb_column][\/et_pb_row][et_pb_row _builder_version=&#8221;4.7.3&#8243; _module_preset=&#8221;default&#8221; locked=&#8221;off&#8221; global_colors_info=&#8221;{}&#8221;][et_pb_column type=&#8221;4_4&#8243; _builder_version=&#8221;4.7.3&#8243; _module_preset=&#8221;default&#8221; global_colors_info=&#8221;{}&#8221;][et_pb_text _builder_version=&#8221;4.12.1&#8243; _module_preset=&#8221;default&#8221; global_colors_info=&#8221;{}&#8221;]<\/p>\n<h1 class=\"ect-events-page-title\"><span style=\"font-size: 45px; color: #ff9900;\"><strong>05<\/strong><\/span><\/h1>\n<h2 class=\"ect-events-page-title\"><span style=\"color: #ff9900;\"><strong>La Brochure<\/strong><\/span><\/h2>\n<p>Vous pouvez t\u00e9l\u00e9charger ici les bulletins d&#8217;information qui ont \u00e9t\u00e9 publi\u00e9s avec les nouvelles du projet et du secteur des gaz fluor\u00e9s.<\/p>\n<p>[\/et_pb_text][\/et_pb_column][\/et_pb_row][et_pb_row column_structure=&#8221;1_5,1_5,1_5,1_5,1_5&#8243; _builder_version=&#8221;4.10.8&#8243; _module_preset=&#8221;default&#8221; locked=&#8221;off&#8221; global_colors_info=&#8221;{}&#8221;][et_pb_column type=&#8221;1_5&#8243; _builder_version=&#8221;4.10.8&#8243; _module_preset=&#8221;default&#8221; global_colors_info=&#8221;{}&#8221;][et_pb_image src=&#8221;http:\/\/www.ket4f-gas.eu\/wp-content\/uploads\/2021\/11\/Detalles-principales-del-proyecto_FR.png&#8221; title_text=&#8221;Detalles-principales-del-proyecto_FR&#8221; url=&#8221;http:\/\/www.ket4f-gas.eu\/wp-content\/uploads\/2021\/07\/InfografiaKET4FGAS_fr.pdf&#8221; url_new_window=&#8221;on&#8221; _builder_version=&#8221;4.13.0&#8243; _module_preset=&#8221;default&#8221; hover_enabled=&#8221;0&#8243; global_colors_info=&#8221;{}&#8221; sticky_enabled=&#8221;0&#8243;][\/et_pb_image][\/et_pb_column][et_pb_column type=&#8221;1_5&#8243; _builder_version=&#8221;4.10.8&#8243; _module_preset=&#8221;default&#8221; global_colors_info=&#8221;{}&#8221;][\/et_pb_column][et_pb_column type=&#8221;1_5&#8243; _builder_version=&#8221;4.10.8&#8243; _module_preset=&#8221;default&#8221; global_colors_info=&#8221;{}&#8221;][\/et_pb_column][et_pb_column type=&#8221;1_5&#8243; _builder_version=&#8221;4.10.8&#8243; _module_preset=&#8221;default&#8221; global_colors_info=&#8221;{}&#8221;][\/et_pb_column][et_pb_column type=&#8221;1_5&#8243; _builder_version=&#8221;4.10.8&#8243; _module_preset=&#8221;default&#8221; global_colors_info=&#8221;{}&#8221;][\/et_pb_column][\/et_pb_row][\/et_pb_section]<\/p>\n","protected":false},"excerpt":{"rendered":"<p>01 Videos Syst\u00e8me KET4F-GAS pour la r\u00e9cup\u00e9ration des gaz fluor\u00e9s HFC. Dans cette vid\u00e9o, vous pouvez voir l&#8217;un des principaux r\u00e9sultats de ce projet, le syst\u00e8me cr\u00e9\u00e9 pour la gestion [&hellip;]<\/p>\n","protected":false},"author":5,"featured_media":0,"parent":0,"menu_order":0,"comment_status":"closed","ping_status":"closed","template":"","meta":{"_et_pb_use_builder":"on","_et_pb_old_content":"","_et_gb_content_width":"","footnotes":""},"class_list":["post-1564","page","type-page","status-publish","hentry"],"_links":{"self":[{"href":"http:\/\/www.ket4f-gas.eu\/index.php?rest_route=\/wp\/v2\/pages\/1564","targetHints":{"allow":["GET"]}}],"collection":[{"href":"http:\/\/www.ket4f-gas.eu\/index.php?rest_route=\/wp\/v2\/pages"}],"about":[{"href":"http:\/\/www.ket4f-gas.eu\/index.php?rest_route=\/wp\/v2\/types\/page"}],"author":[{"embeddable":true,"href":"http:\/\/www.ket4f-gas.eu\/index.php?rest_route=\/wp\/v2\/users\/5"}],"replies":[{"embeddable":true,"href":"http:\/\/www.ket4f-gas.eu\/index.php?rest_route=%2Fwp%2Fv2%2Fcomments&post=1564"}],"version-history":[{"count":31,"href":"http:\/\/www.ket4f-gas.eu\/index.php?rest_route=\/wp\/v2\/pages\/1564\/revisions"}],"predecessor-version":[{"id":2841,"href":"http:\/\/www.ket4f-gas.eu\/index.php?rest_route=\/wp\/v2\/pages\/1564\/revisions\/2841"}],"wp:attachment":[{"href":"http:\/\/www.ket4f-gas.eu\/index.php?rest_route=%2Fwp%2Fv2%2Fmedia&parent=1564"}],"curies":[{"name":"wp","href":"https:\/\/api.w.org\/{rel}","templated":true}]}}