{"id":677,"date":"2018-11-08T16:32:29","date_gmt":"2018-11-08T16:32:29","guid":{"rendered":"http:\/\/www.ket4f-gas.eu\/?page_id=677"},"modified":"2019-10-14T10:18:48","modified_gmt":"2019-10-14T10:18:48","slug":"ket4f-gas-es","status":"publish","type":"page","link":"http:\/\/www.ket4f-gas.eu\/?page_id=677&lang=es","title":{"rendered":"KET4F-Gas-ES"},"content":{"rendered":"<p>[et_pb_section fb_built=&#8221;1&#8243; _builder_version=&#8221;3.22&#8243; custom_margin=&#8221;-100px|||&#8221; fb_built=&#8221;1&#8243; bb_built=&#8221;1&#8243; _i=&#8221;0&#8243; _address=&#8221;0&#8243;][et_pb_row _builder_version=&#8221;3.25&#8243; background_size=&#8221;initial&#8221; background_position=&#8221;top_left&#8221; background_repeat=&#8221;repeat&#8221; _i=&#8221;0&#8243; _address=&#8221;0.0&#8243;][et_pb_column type=&#8221;4_4&#8243; _builder_version=&#8221;3.25&#8243; custom_padding=&#8221;|||&#8221; _i=&#8221;0&#8243; _address=&#8221;0.0.0&#8243; custom_padding__hover=&#8221;|||&#8221;][et_pb_slider use_bg_overlay=&#8221;off&#8221; use_text_overlay=&#8221;off&#8221; _builder_version=&#8221;3.29.3&#8243; animation_style=&#8221;fade&#8221; auto=&#8221;on&#8221; auto_speed=&#8221;3000&#8243; auto_ignore_hover=&#8221;on&#8221; z_index_tablet=&#8221;500&#8243; hover_enabled=&#8221;0&#8243; header_text_shadow_horizontal_length_tablet=&#8221;0px&#8221; header_text_shadow_vertical_length_tablet=&#8221;0px&#8221; header_text_shadow_blur_strength_tablet=&#8221;1px&#8221; body_text_shadow_horizontal_length_tablet=&#8221;0px&#8221; body_text_shadow_vertical_length_tablet=&#8221;0px&#8221; body_text_shadow_blur_strength_tablet=&#8221;1px&#8221; body_link_text_shadow_horizontal_length_tablet=&#8221;0px&#8221; body_link_text_shadow_vertical_length_tablet=&#8221;0px&#8221; body_link_text_shadow_blur_strength_tablet=&#8221;1px&#8221; body_ul_text_shadow_horizontal_length_tablet=&#8221;0px&#8221; body_ul_text_shadow_vertical_length_tablet=&#8221;0px&#8221; body_ul_text_shadow_blur_strength_tablet=&#8221;1px&#8221; body_ol_text_shadow_horizontal_length_tablet=&#8221;0px&#8221; body_ol_text_shadow_vertical_length_tablet=&#8221;0px&#8221; body_ol_text_shadow_blur_strength_tablet=&#8221;1px&#8221; body_quote_text_shadow_horizontal_length_tablet=&#8221;0px&#8221; body_quote_text_shadow_vertical_length_tablet=&#8221;0px&#8221; body_quote_text_shadow_blur_strength_tablet=&#8221;1px&#8221; button_text_shadow_horizontal_length_tablet=&#8221;0px&#8221; button_text_shadow_vertical_length_tablet=&#8221;0px&#8221; button_text_shadow_blur_strength_tablet=&#8221;1px&#8221; box_shadow_horizontal_tablet=&#8221;0px&#8221; box_shadow_vertical_tablet=&#8221;0px&#8221; box_shadow_blur_tablet=&#8221;40px&#8221; box_shadow_spread_tablet=&#8221;0px&#8221; box_shadow_horizontal_image_tablet=&#8221;0px&#8221; box_shadow_vertical_image_tablet=&#8221;0px&#8221; box_shadow_blur_image_tablet=&#8221;40px&#8221; box_shadow_spread_image_tablet=&#8221;0px&#8221; box_shadow_horizontal_button_tablet=&#8221;0px&#8221; box_shadow_vertical_button_tablet=&#8221;0px&#8221; box_shadow_blur_button_tablet=&#8221;40px&#8221; box_shadow_spread_button_tablet=&#8221;0px&#8221; text_shadow_horizontal_length_tablet=&#8221;0px&#8221; text_shadow_vertical_length_tablet=&#8221;0px&#8221; text_shadow_blur_strength_tablet=&#8221;1px&#8221; _i=&#8221;0&#8243; _address=&#8221;0.0.0.0&#8243;][et_pb_slide use_bg_overlay=&#8221;off&#8221; use_text_overlay=&#8221;off&#8221; _builder_version=&#8221;3.23.2&#8243; background_image=&#8221;http:\/\/www.ket4f-gas.eu\/wp-content\/uploads\/2018\/06\/banner2-1.jpg&#8221; button_on_hover=&#8221;on&#8221; background_color_gradient_direction_tablet=&#8221;180deg&#8221; background_color_gradient_direction_phone=&#8221;180deg&#8221; background_color_gradient_start_position_tablet=&#8221;0%&#8221; background_color_gradient_start_position_phone=&#8221;0%&#8221; background_color_gradient_end_position_tablet=&#8221;100%&#8221; background_color_gradient_end_position_phone=&#8221;100%&#8221; child_filter_hue_rotate_tablet=&#8221;0deg&#8221; child_filter_hue_rotate_phone=&#8221;0deg&#8221; child_filter_saturate_tablet=&#8221;100%&#8221; child_filter_saturate_phone=&#8221;100%&#8221; child_filter_brightness_tablet=&#8221;100%&#8221; child_filter_brightness_phone=&#8221;100%&#8221; child_filter_contrast_tablet=&#8221;100%&#8221; child_filter_contrast_phone=&#8221;100%&#8221; child_filter_invert_tablet=&#8221;0%&#8221; child_filter_invert_phone=&#8221;0%&#8221; child_filter_sepia_tablet=&#8221;0%&#8221; child_filter_sepia_phone=&#8221;0%&#8221; child_filter_opacity_tablet=&#8221;100%&#8221; child_filter_opacity_phone=&#8221;100%&#8221; child_filter_blur_tablet=&#8221;0px&#8221; child_filter_blur_phone=&#8221;0px&#8221; hover_transition_duration_tablet=&#8221;300ms&#8221; hover_transition_duration_phone=&#8221;300ms&#8221; hover_transition_delay_tablet=&#8221;0ms&#8221; hover_transition_delay_phone=&#8221;0ms&#8221; header_text_shadow_horizontal_length_tablet=&#8221;0px&#8221; header_text_shadow_horizontal_length_phone=&#8221;0px&#8221; header_text_shadow_vertical_length_tablet=&#8221;0px&#8221; header_text_shadow_vertical_length_phone=&#8221;0px&#8221; header_text_shadow_blur_strength_tablet=&#8221;1px&#8221; header_text_shadow_blur_strength_phone=&#8221;1px&#8221; body_text_shadow_horizontal_length_tablet=&#8221;0px&#8221; body_text_shadow_horizontal_length_phone=&#8221;0px&#8221; body_text_shadow_vertical_length_tablet=&#8221;0px&#8221; body_text_shadow_vertical_length_phone=&#8221;0px&#8221; body_text_shadow_blur_strength_tablet=&#8221;1px&#8221; body_text_shadow_blur_strength_phone=&#8221;1px&#8221; body_link_text_shadow_horizontal_length_tablet=&#8221;0px&#8221; body_link_text_shadow_horizontal_length_phone=&#8221;0px&#8221; body_link_text_shadow_vertical_length_tablet=&#8221;0px&#8221; body_link_text_shadow_vertical_length_phone=&#8221;0px&#8221; body_link_text_shadow_blur_strength_tablet=&#8221;1px&#8221; body_link_text_shadow_blur_strength_phone=&#8221;1px&#8221; body_ul_text_shadow_horizontal_length_tablet=&#8221;0px&#8221; body_ul_text_shadow_horizontal_length_phone=&#8221;0px&#8221; body_ul_text_shadow_vertical_length_tablet=&#8221;0px&#8221; body_ul_text_shadow_vertical_length_phone=&#8221;0px&#8221; body_ul_text_shadow_blur_strength_tablet=&#8221;1px&#8221; body_ul_text_shadow_blur_strength_phone=&#8221;1px&#8221; body_ol_text_shadow_horizontal_length_tablet=&#8221;0px&#8221; body_ol_text_shadow_horizontal_length_phone=&#8221;0px&#8221; body_ol_text_shadow_vertical_length_tablet=&#8221;0px&#8221; body_ol_text_shadow_vertical_length_phone=&#8221;0px&#8221; body_ol_text_shadow_blur_strength_tablet=&#8221;1px&#8221; body_ol_text_shadow_blur_strength_phone=&#8221;1px&#8221; body_quote_text_shadow_horizontal_length_tablet=&#8221;0px&#8221; body_quote_text_shadow_horizontal_length_phone=&#8221;0px&#8221; body_quote_text_shadow_vertical_length_tablet=&#8221;0px&#8221; body_quote_text_shadow_vertical_length_phone=&#8221;0px&#8221; body_quote_text_shadow_blur_strength_tablet=&#8221;1px&#8221; body_quote_text_shadow_blur_strength_phone=&#8221;1px&#8221; button_text_shadow_horizontal_length_tablet=&#8221;0px&#8221; button_text_shadow_horizontal_length_phone=&#8221;0px&#8221; button_text_shadow_vertical_length_tablet=&#8221;0px&#8221; button_text_shadow_vertical_length_phone=&#8221;0px&#8221; button_text_shadow_blur_strength_tablet=&#8221;1px&#8221; button_text_shadow_blur_strength_phone=&#8221;1px&#8221; box_shadow_horizontal_image_tablet=&#8221;0px&#8221; box_shadow_horizontal_image_phone=&#8221;0px&#8221; box_shadow_vertical_image_tablet=&#8221;0px&#8221; box_shadow_vertical_image_phone=&#8221;0px&#8221; box_shadow_blur_image_tablet=&#8221;40px&#8221; box_shadow_blur_image_phone=&#8221;40px&#8221; box_shadow_spread_image_tablet=&#8221;0px&#8221; box_shadow_spread_image_phone=&#8221;0px&#8221; box_shadow_horizontal_button_tablet=&#8221;0px&#8221; box_shadow_horizontal_button_phone=&#8221;0px&#8221; box_shadow_vertical_button_tablet=&#8221;0px&#8221; box_shadow_vertical_button_phone=&#8221;0px&#8221; box_shadow_blur_button_tablet=&#8221;40px&#8221; box_shadow_blur_button_phone=&#8221;40px&#8221; box_shadow_spread_button_tablet=&#8221;0px&#8221; box_shadow_spread_button_phone=&#8221;0px&#8221; text_shadow_horizontal_length_tablet=&#8221;0px&#8221; text_shadow_horizontal_length_phone=&#8221;0px&#8221; text_shadow_vertical_length_tablet=&#8221;0px&#8221; text_shadow_vertical_length_phone=&#8221;0px&#8221; text_shadow_blur_strength_tablet=&#8221;1px&#8221; text_shadow_blur_strength_phone=&#8221;1px&#8221; _i=&#8221;0&#8243; _address=&#8221;0.0.0.0.0&#8243;][\/et_pb_slide][\/et_pb_slider][\/et_pb_column][\/et_pb_row][et_pb_row column_structure=&#8221;3_4,1_4&#8243; _builder_version=&#8221;3.25&#8243; background_size=&#8221;initial&#8221; background_position=&#8221;top_left&#8221; background_repeat=&#8221;repeat&#8221; _i=&#8221;1&#8243; _address=&#8221;0.1&#8243;][et_pb_column type=&#8221;3_4&#8243; _builder_version=&#8221;3.25&#8243; custom_padding=&#8221;|||&#8221; _i=&#8221;0&#8243; _address=&#8221;0.1.0&#8243; custom_padding__hover=&#8221;|||&#8221;][et_pb_text _builder_version=&#8221;3.29.3&#8243; background_size=&#8221;initial&#8221; background_position=&#8221;top_left&#8221; background_repeat=&#8221;repeat&#8221; _i=&#8221;0&#8243; _address=&#8221;0.1.0.0&#8243;]<\/p>\n<h1 style=\"text-align: left;\"><span style=\"color: #ff9900;\"><strong>KET4F-Gas<\/strong><\/span><\/h1>\n<p>&nbsp;<\/p>\n<h2 style=\"text-align: left;\"><span style=\"color: #ff9900;\">Reducci\u00f3n del Impacto Ambiental de los Gases Fluorados en el espacio Sudoe mediante Tecnolog\u00edas Facilitadoras Esenciales<\/span><\/h2>\n<p>&nbsp;<\/p>\n<p style=\"text-align: justify;\">KET4F-Gas es un proyecto europeo cofinanciado por el Programa Interreg Sudoe a trav\u00e9s del Fondo Europeo de Desarrollo Regional (FEDER), con una financiaci\u00f3n de 1,7 millones de euros.<\/p>\n<h2><span style=\"color: #ff9900;\">Resumen del proyecto<\/span><\/h2>\n<p style=\"text-align: justify;\">En el contexto actual de sequ\u00eda persistente en las regiones del sudoeste europo (\u00e1rea Sudoe), que sufren cada vez m\u00e1s eventos de incendios dif\u00edcilmente controlables, relacionados con per\u00edodos prolongados de sequ\u00eda y fuertes vientos, la investigaci\u00f3n sobre alternativas que contribuyan a reducir las emisiones de gases de efecto invernadero es de la m\u00e1s alta prioridad.<\/p>\n<p style=\"text-align: center;\"><iframe loading=\"lazy\" width=\"560\" height=\"315\" src=\"https:\/\/www.youtube.com\/embed\/tSCmq0SwhUQ\" frameborder=\"0\" allow=\"accelerometer; autoplay; encrypted-media; gyroscope; picture-in-picture\" allowfullscreen><\/iframe><\/p>\n<p style=\"text-align: justify;\">KET4F-Gas es un proyecto europeo cofinaciado por el <a href=\"https:\/\/www.interreg-sudoe.eu\/gbr\/home\" target=\"_blank\" rel=\"noopener noreferrer\">Programa Interreg Sudoe<\/a> que tiene como objetivo principal reducir el impacto ambiental de los gases fluorados a trav\u00e9s del desarrollo y la implementaci\u00f3n de Tecnolog\u00edas Facilitadoras Esenciales (TFE).<\/p>\n<p style=\"text-align: justify;\">El uso de los gases fluorados ha aumentado dr\u00e1sticamente en los \u00faltimos a\u00f1os, en especial en el sector de la refrigeraci\u00f3n, al ser buenos sustitutos de sustancias responsables de la destrucci\u00f3n de la capa de ozono que deben ser eliminadas en virtud del Protocolo de Montreal.<\/p>\n<p style=\"text-align: justify;\">A pesar de ser energ\u00e9ticamente eficientes, inocuos para el ozono y seguros para los usuarios, con bajos niveles de inflamabilidad y toxicidad, los gases fluorados son potentes gases de efecto invernadero, con un efecto de calentamiento global hasta 23 000 veces mayor que el del di\u00f3xido de carbono, y sus emisiones a la atm\u00f3sfera debe reducirse de acuerdo con el protocolo de Kioto y la nueva regulaci\u00f3n de la UE.<\/p>\n<h3 style=\"text-align: justify;\"><span style=\"color: #ff9900;\">Objetivo<\/span><\/h3>\n<p style=\"text-align: justify;\">El objetivo de este proyecto es desarrollar e implementar Tecnolog\u00edas Facilitadoras Esenciales (TFE) usando sistemas de tratamiento dise\u00f1ados de acuerdo a los principios de la qu\u00edmica verde, m\u00e1s benignos y eficientes, para recuperar los gases fluorados empleados en equipos de refrigeraci\u00f3n y aire acondicionado y reducir sus emisiones.<\/p>\n<p style=\"text-align: justify;\">De este modo, el proyecto incrementar\u00e1 la investigaci\u00f3n aplicada y la eco-innovaci\u00f3n para proteger el medio ambiente mediante la aplicaci\u00f3n de TFE y permitir\u00e1 la transferencia tecnol\u00f3gica a las PYMEs del sudoeste europeo, para la mejora de su competitividad.<\/p>\n<p style=\"text-align: justify;\">Los resultados de esta investigaci\u00f3n tambi\u00e9n beneficiar\u00e1n a la ciudadan\u00eda en su conjunto, al crear conciencia sobre la problem\u00e1tica de los gases fluorados, as\u00ed como a los gestores de residuos, las administraciones p\u00fablicas y la industria, ya que en las regiones del \u00e1rea Sudoe no existe hasta el momento tecnolog\u00eda aplicada en este \u00e1mbito y las empresas tienen una clara e inminente necesidad de cumplir con la legislaci\u00f3n vigente.<\/p>\n<h3 style=\"text-align: justify;\"><span style=\"color: #ff9900;\">Interreg Sudoe<\/span><\/h3>\n<p style=\"text-align: justify;\">El <a href=\"https:\/\/www.interreg-sudoe.eu\/gbr\/home\" target=\"_blank\" rel=\"noopener noreferrer\">Programa Interreg Sudoe<\/a> poya el desarrollo regional en el sudoeste de Europa, financiando proyectos transnacionales a trav\u00e9s del <a href=\"https:\/\/ec.europa.eu\/sfc\/en\/2014\/fund\/erdf\" target=\"_blank\" rel=\"noopener noreferrer\">Fondo Europeo de Desarrollo Regional (FEDER)<\/a><\/p>\n<p style=\"text-align: justify;\">As\u00ed, promueve la cooperaci\u00f3n transnacional para tratar problem\u00e1ticas comunes a las regiones de dicho territorio, como la baja inversi\u00f3n en investigaci\u00f3n y desarrollo, la baja competitividad de la peque\u00f1a y mediana empresa y la exposici\u00f3n al cambio clim\u00e1tico y riesgos ambientales.<\/p>\n<p style=\"text-align: justify;\">KET4F-Gas es un proyecto incluido en <a href=\"https:\/\/www.interreg-sudoe.eu\/gbr\/programme\/priority-axis-1\" target=\"_blank\" rel=\"noopener noreferrer\">el eje prioritario (1), Investigaci\u00f3n e Innovaci\u00f3n<\/a>, que tiene como objetivos (1) fortalecer el funcionamiento en red de la investigaci\u00f3n e innovaci\u00f3n en los sectores espec\u00edficos del \u00e1rea Sudoe, a partir de la especializaci\u00f3n inteligente y (2) desarrollar la difusi\u00f3n de la investigaci\u00f3n de Tecnolog\u00edas Facilitadoras Esenciales (TFE).<\/p>\n<p style=\"text-align: justify;\"><strong>SOE2\/P1\/P0823<br \/>\n<\/strong>Presupuesto del proyecto: 1,742,800\u20ac cofinanciaci\u00f3n FEDER de 1,307,100\u20ac<\/p>\n<p>&nbsp;[\/et_pb_text][et_pb_map address=&#8221;Madrid, Espa\u00f1a&#8221; zoom_level=&#8221;4&#8243; address_lat=&#8221;37.04439405770873&#8243; address_lng=&#8221;23.507018369695402&#8243; _builder_version=&#8221;3.7.1&#8243; _i=&#8221;1&#8243; _address=&#8221;0.1.0.1&#8243;][et_pb_map_pin title=&#8221;Universidade Nova de Lisboa&#8221; pin_address=&#8221;Quinta da Torre, Campus Universit\u00e1rio, 2829-516 Caparica, Portugal&#8221; pin_address_lat=&#8221;38.6615119&#8243; pin_address_lng=&#8221;-9.20666099999994&#8243; _builder_version=&#8221;3.7.1&#8243; _i=&#8221;0&#8243; _address=&#8221;0.1.0.1.0&#8243;]<\/p>\n<p align=\"justify\"><span style=\"font-family: Arial, serif;\"><span style=\"font-size: small;\">Faculdade de Ci\u00eancias e Tecnologia 2829-516 Caparica Portugal (+351) 212948318<br \/>\nAna Bel\u00e9n Pereiro Est\u00e9vez <a href=\"mailto:anab@fct.unl.pt\">anab@fct.unl.pt<\/a><br \/>\nJo\u00e3o Araujo <a href=\"mailto:jmmda@fct.unl.pt\">jmmda@fct.unl.pt<\/a><\/span><\/span><\/p>\n<p>[\/et_pb_map_pin][et_pb_map_pin title=&#8221;Fundaci\u00f3n Empresa-Universidad Gallega&#8221; pin_address=&#8221;Campus Vida, R\u00faa Lope G\u00f3mez de Marzoa, s\/n, 15705 Santiago de Compostela, A Coru\u00f1a, Espa\u00f1a&#8221; pin_address_lat=&#8221;42.873454&#8243; pin_address_lng=&#8221;-8.558817999999974&#8243; _builder_version=&#8221;3.7.1&#8243; _i=&#8221;1&#8243; _address=&#8221;0.1.0.1.1&#8243;]R\u00faa Lope G\u00f3mez de Marzoa s\/n Campus Vida, 15705 Santiago de Compostela (A Coru\u00f1a) Espa\u00f1a (+34) 981534180 Rebeca Di\u00e9guez Gonz\u00e1lez <a href=\"mailto:rdieguez@feuga.es\">rdieguez@feuga.es<\/a><br \/>\n[\/et_pb_map_pin][et_pb_map_pin title=&#8221;Institut Qu\u00edmic de Sarri\u00e0 CETS Fundaci\u00f3 Privada&#8221; pin_address=&#8221;Via Augusta, 390, 08017 Barcelona, Espa\u00f1a&#8221; pin_address_lat=&#8221;41.40315289999999&#8243; pin_address_lng=&#8221;2.1198773999999503&#8243; _builder_version=&#8221;3.7.1&#8243; _i=&#8221;2&#8243; _address=&#8221;0.1.0.1.2&#8243;]Via Augusta 390, 08017 Barcelona Espa\u00f1a (+34) 932672000 F\u00e8lix Llovell <a href=\"mailto:felix.llovell@iqs.edu\">felix.llovell@iqs.edu<\/a><br \/>\n[\/et_pb_map_pin][et_pb_map_pin title=&#8221;Universit\u00e9 de Pau et des Pays de l&#8217;Adour&#8221; pin_address=&#8221;Avenue de l&#8217;Universit\u00e9, 64012 Pau, Francia&#8221; pin_address_lat=&#8221;43.3150753&#8243; pin_address_lng=&#8221;-0.36564099999998234&#8243; _builder_version=&#8221;3.7.1&#8243; _i=&#8221;3&#8243; _address=&#8221;0.1.0.1.3&#8243;]Universit\u00e9 de Pau et des Pays de l&#8217;Adour Avenue de l&#8217;Universit\u00e9 BP 576 64012 PAU cedex Francia (+33) 5 59 40 70 00 Fr\u00e9d\u00e9ric Plantier <a href=\"mailto:frederic.plantier@univ-pau.fr\">frederic.plantier@univ-pau.fr<\/a><br \/>\n[\/et_pb_map_pin][et_pb_map_pin title=&#8221;Universidad de Cantabria&#8221; pin_address=&#8221;Av. de los Castros, Santander, Cantabria, Espa\u00f1a&#8221; pin_address_lat=&#8221;43.4704858&#8243; pin_address_lng=&#8221;-3.8030039000000215&#8243; _builder_version=&#8221;3.7.1&#8243; _i=&#8221;4&#8243; _address=&#8221;0.1.0.1.4&#8243;]Avda. de los Castros, s\/n 39005 Santander Espa\u00f1a (+34) 942202223 Gabriel Zarca <a href=\"mailto:zarcag@unican.es\">zarcag@unican.es<\/a><br \/>\n[\/et_pb_map_pin][et_pb_map_pin title=&#8221;APRIA Systems SL&#8221; pin_address=&#8221;Parque Empresarial de Morero, 39611 Astillero, Cantabria, Espa\u00f1a&#8221; pin_address_lat=&#8221;43.3959974&#8243; pin_address_lng=&#8221;-3.8408549000000676&#8243; _builder_version=&#8221;3.7.1&#8243; _i=&#8221;5&#8243; _address=&#8221;0.1.0.1.5&#8243;]Parque Empresarial de Morero Parcela P.2-12, Nave 1 &#8211; Puerta 5 39611 Guarnizo, Cantabria Espa\u00f1a (+34) 942078147 Esther Santos <a href=\"mailto:esther.santos@apriasystems.es\">esther.santos@apriasystems.es<\/a><br \/>\n[\/et_pb_map_pin][et_pb_map_pin title=&#8221;FUNDECYT-PCTEX&#8221; pin_address=&#8221;Av. de la Investigaci\u00f3n, 06006 Badajoz, Espa\u00f1a&#8221; pin_address_lat=&#8221;38.88640949715171&#8243; pin_address_lng=&#8221;-7.003889738870271&#8243; _builder_version=&#8221;3.7.1&#8243; _i=&#8221;6&#8243; _address=&#8221;0.1.0.1.6&#8243;]Av. de la Investigaci\u00f3n s\/n 06006 Badajoz Espa\u00f1a (+34) 924014600 Carmen S\u00e1nchez Ruano <a href=\"mailto:carmen.sanchez@fundecyt-pctex.es\">carmen.sanchez@fundecyt-pctex.es<\/a><br \/>\n[\/et_pb_map_pin][et_pb_map_pin title=&#8221;Interlun&#8221; pin_address=&#8221;Pol. Ind. las Capellan\u00edas, Calle Molineros, 217, 10005 C\u00e1ceres, Espa\u00f1a&#8221; pin_address_lat=&#8221;39.4885175&#8243; pin_address_lng=&#8221;-6.420187199999987&#8243; _builder_version=&#8221;3.7.1&#8243; _i=&#8221;7&#8243; _address=&#8221;0.1.0.1.7&#8243;]C\/ Molineros, 106 Pol\u00edg. Ind. Las Capellan\u00edas 10005 &#8211; C\u00e1ceres Espa\u00f1a (+34) 927 230 704 Miguel Canal <a href=\"mailto:miguel@interlun.es\">miguel@interlun.es<\/a><br \/>\n[\/et_pb_map_pin][et_pb_map_pin title=&#8221;Universidade de Vigo&#8221; pin_address=&#8221;Campus Universitario, s\/n, 36310 Vigo, Pontevedra, Espa\u00f1a&#8221; pin_address_lat=&#8221;42.1694839&#8243; pin_address_lng=&#8221;-8.683478499999978&#8243; _builder_version=&#8221;3.7.1&#8243; _i=&#8221;8&#8243; _address=&#8221;0.1.0.1.8&#8243;]<span class=\"LrzXr\">Campus Universitario, s\/n, 36310 Vigo, Pontevedra <\/span>Espa\u00f1a Manuel Mart\u00ednez <a href=\"mailto:manumar@uvigo.es\">manumar@uvigo.es<\/a><br \/>\n[\/et_pb_map_pin][et_pb_map_pin title=&#8221;TALENCE INNOVATION AGCE DEV ECON&#8221; pin_address=&#8221;27 All\u00e9e des Petits Rois, 33400 Talence, Francia&#8221; pin_address_lat=&#8221;44.7884062&#8243; pin_address_lng=&#8221;-0.5936550000000125&#8243; _builder_version=&#8221;3.7.1&#8243; _i=&#8221;9&#8243; _address=&#8221;0.1.0.1.9&#8243;]TALENCE INNOVATION AGCE DEV ECON 27 All\u00e9e des Petits Rois, 33400 Talence Francia (+33) 5 56 04 01 90 Bertrand COUSIN <a href=\"mailto:info@talence-innovation.com\">info@talence-innovation.com<\/a><br \/>\n[\/et_pb_map_pin][et_pb_map_pin title=&#8221;F\u00e9d\u00e9ration des Recherches en Environnement&#8221; pin_address=&#8221;49 Boulevard Fran\u00e7ois Mitterrand, 63000 Clermont-Ferrand, Francia&#8221; pin_address_lat=&#8221;45.77059&#8243; pin_address_lng=&#8221;3.0879400000000032&#8243; _builder_version=&#8221;3.7.1&#8243; _i=&#8221;10&#8243; _address=&#8221;0.1.0.1.10&#8243;]49 bd Fran\u00e7ois Mitterrand, CS 60032 63001 Clermont-Ferrand Francia (+33) 4 73 17 79 79 Agilio Padua <a href=\"mailto:agilio.padua@uca.fr\">agilio.padua@uca.fr<\/a><br \/>\n[\/et_pb_map_pin][et_pb_map_pin title=&#8221;PI \u2013 The Petroleum Institute &#8211; Khalifa University of Science and Technology&#8221; pin_address=&#8221;Abu Dabi &#8211; Emiratos \u00c1rabes Unidos&#8221; pin_address_lat=&#8221;24.3582277&#8243; pin_address_lng=&#8221;54.659223699999984&#8243; _builder_version=&#8221;3.7.1&#8243; _i=&#8221;11&#8243; _address=&#8221;0.1.0.1.11&#8243;]P.O. Box: 127788 Abu Dhabi Emiratos \u00c1rabes Unidos +9712-401 8000 Lourdes F. Vega <a href=\"mailto:lourdes.vega@ku.ac.ae\">lourdes.vega@ku.ac.ae<\/a><br \/>\n[\/et_pb_map_pin][et_pb_map_pin title=&#8221;MARE&#8221; pin_address=&#8221;Barrio la Barquera, 13, 39311 La Barquera, Cantabria, Espa\u00f1a&#8221; pin_address_lat=&#8221;43.34270799999999&#8243; pin_address_lng=&#8221;-4.073532099999966&#8243; _builder_version=&#8221;3.7.1&#8243; _i=&#8221;12&#8243; _address=&#8221;0.1.0.1.12&#8243;]C\/ Ctra. Torres \u2013 Reoc\u00edn B\u00ba La Barquera, n\u00ba 13 39311 CARTES (Cantabria) Espa\u00f1a (+34) 942318202 Beatriz Gonz\u00e1lez <a href=\"mailto:bgonzalez@mare.es\">bgonzalez@mare.es<\/a><br \/>\n[\/et_pb_map_pin][et_pb_map_pin title=&#8221;FCC&#8221; pin_address=&#8221;Av. del Camino de Santiago, 40, 28050 Madrid, Espa\u00f1a&#8221; pin_address_lat=&#8221;40.5064183&#8243; pin_address_lng=&#8221;-3.671395299999972&#8243; _builder_version=&#8221;3.7.1&#8243; _i=&#8221;13&#8243; _address=&#8221;0.1.0.1.13&#8243;]Avda. Camino de Santiago, n\u00ba 40 8050 Madrid Espa\u00f1a (+34) 917573924 Enrique Gonz\u00e1lez <a href=\"mailto:egonzalezg@fcc.es\">egonzalezg@fcc.es<\/a><br \/>\n[\/et_pb_map_pin][et_pb_map_pin title=&#8221;ERP Portugal&#8221; pin_address=&#8221;R. Dom Dinis Bordalo Pinheiro 467, 2645 Cascais, Portugal&#8221; pin_address_lat=&#8221;38.7553105&#8243; pin_address_lng=&#8221;-9.393475099999932&#8243; _builder_version=&#8221;3.7.1&#8243; _i=&#8221;14&#8243; _address=&#8221;0.1.0.1.14&#8243;]Rua Dinis Bordalo Pinheiro, 467 B 2645-539 Alcabideche Portugal (+351) 21 911 96 30 Rosa Monforte <a href=\"mailto:rosa.monforte@erp-recycling.org\">rosa.monforte@erp-recycling.org<\/a><br \/>\n[\/et_pb_map_pin][et_pb_map_pin title=&#8221;ZERO&#8221; pin_address=&#8221;Av. de Berna 31 2, 1050-099 Lisboa, Portugal&#8221; pin_address_lat=&#8221;38.7395151&#8243; pin_address_lng=&#8221;-9.151623400000062&#8243; _builder_version=&#8221;3.7.1&#8243; _i=&#8221;15&#8243; _address=&#8221;0.1.0.1.15&#8243;]Av. de Berna, 31 2\u00ba dto. (sala 2) 1050-038 Lisboa Portugal Filipa Alves <a href=\"mailto:filipa.alves@zero.ong\">filipa.alves@zero.ong<\/a><br \/>\n[\/et_pb_map_pin][\/et_pb_map][\/et_pb_column][et_pb_column type=&#8221;1_4&#8243; _builder_version=&#8221;3.25&#8243; custom_padding=&#8221;|||&#8221; _i=&#8221;1&#8243; _address=&#8221;0.1.1&#8243; custom_padding__hover=&#8221;|||&#8221;][et_pb_sidebar area=&#8221;sidebar-1&#8243; _builder_version=&#8221;3.7.1&#8243; _i=&#8221;0&#8243; _address=&#8221;0.1.1.0&#8243;][\/et_pb_sidebar][\/et_pb_column][\/et_pb_row][\/et_pb_section]<\/p>\n","protected":false},"excerpt":{"rendered":"<p>KET4F-Gas &nbsp; Reducci\u00f3n del Impacto Ambiental de los Gases Fluorados en el espacio Sudoe mediante Tecnolog\u00edas Facilitadoras Esenciales &nbsp; KET4F-Gas es un proyecto europeo cofinanciado por el Programa Interreg Sudoe [&hellip;]<\/p>\n","protected":false},"author":5,"featured_media":0,"parent":0,"menu_order":0,"comment_status":"closed","ping_status":"closed","template":"","meta":{"_et_pb_use_builder":"on","_et_pb_old_content":"","_et_gb_content_width":"","footnotes":""},"class_list":["post-677","page","type-page","status-publish","hentry"],"_links":{"self":[{"href":"http:\/\/www.ket4f-gas.eu\/index.php?rest_route=\/wp\/v2\/pages\/677","targetHints":{"allow":["GET"]}}],"collection":[{"href":"http:\/\/www.ket4f-gas.eu\/index.php?rest_route=\/wp\/v2\/pages"}],"about":[{"href":"http:\/\/www.ket4f-gas.eu\/index.php?rest_route=\/wp\/v2\/types\/page"}],"author":[{"embeddable":true,"href":"http:\/\/www.ket4f-gas.eu\/index.php?rest_route=\/wp\/v2\/users\/5"}],"replies":[{"embeddable":true,"href":"http:\/\/www.ket4f-gas.eu\/index.php?rest_route=%2Fwp%2Fv2%2Fcomments&post=677"}],"version-history":[{"count":10,"href":"http:\/\/www.ket4f-gas.eu\/index.php?rest_route=\/wp\/v2\/pages\/677\/revisions"}],"predecessor-version":[{"id":1444,"href":"http:\/\/www.ket4f-gas.eu\/index.php?rest_route=\/wp\/v2\/pages\/677\/revisions\/1444"}],"wp:attachment":[{"href":"http:\/\/www.ket4f-gas.eu\/index.php?rest_route=%2Fwp%2Fv2%2Fmedia&parent=677"}],"curies":[{"name":"wp","href":"https:\/\/api.w.org\/{rel}","templated":true}]}}