{"id":718,"date":"2018-11-12T08:46:38","date_gmt":"2018-11-12T08:46:38","guid":{"rendered":"http:\/\/www.ket4f-gas.eu\/?page_id=718"},"modified":"2018-11-12T08:46:38","modified_gmt":"2018-11-12T08:46:38","slug":"evenements","status":"publish","type":"page","link":"http:\/\/www.ket4f-gas.eu\/?page_id=718&lang=fr","title":{"rendered":"\u00c9v\u00e9nements"},"content":{"rendered":"<p>[et_pb_section bb_built=&#8221;1&#8243; fullwidth=&#8221;off&#8221; specialty=&#8221;off&#8221;][et_pb_row][et_pb_column type=&#8221;4_4&#8243;][et_pb_text _builder_version=&#8221;3.7.1&#8243;]<\/p>\n<h2 class=\"ect-events-page-title\"><span style=\"color: #ff9900;\"><strong>\u00c9v\u00e8nements \u00e0 venir<\/strong><\/span><\/h2>\n<div class='et-box et-shadow'>\n\t\t\t\t\t<div class='et-box-content'><div id=\"ect-no-events\"><p>There are no upcoming events at this time.<\/p><\/div><\/div><\/div>\n<p>[\/et_pb_text][et_pb_text _builder_version=&#8221;3.7.1&#8243;]<\/p>\n<h2 class=\"ect-events-page-title\"><span style=\"color: #ff9900;\"><strong>\u00c9v\u00e9nements pass\u00e9s<\/strong><\/span><\/h2>\n<div class='et-box et-shadow'>\n\t\t\t\t\t<div class='et-box-content'><!=========Events list Template 2.6.2=========><div id=\"ect-events-list-content\"><div id=\"list-wrp\" class=\"ect-list-wrapper all\"><div id=\"event-2565\" class=\"ect-list-post style-1 ect-simple-event past\"><div class=\"ect-list-post-left \">\n\t\t\t\t<div class=\"ect-list-img\" style=\"background-image:url(&#039;http:\/\/www.ket4f-gas.eu\/wp-content\/uploads\/2021\/09\/Banner_Event_2-1024x536.jpg&#039;);background-size:cover;\"><a href=\"http:\/\/www.ket4f-gas.eu\/?tribe_events=hybrid-event-lessons-learned-from-ket4f-gas-4&#038;lang=fr\" alt=\"Hybrid event &#8211; Lessons learned from KET4F-Gas\" rel=\"bookmark\"><div class=\"ect-list-date\"><div class=\"ect-date-area default-schedule\"><span class=\"ev-day\">22<\/span>\n\t\t\t\t\t<span class=\"ev-mo\">September<\/span>\n\t\t\t\t\t<span class=\"ev-yr\">2021<\/span><\/div><\/div><\/a><\/div><\/div><!-- left-post close --><div class=\"ect-list-post-right\">\n\t\t\t\t<div class=\"ect-list-post-right-table\"><div class=\"ect-list-description\" style=\"width:100%;\"><h2 class=\"ect-list-title\"><a class=\"ect-event-url\" href=\"http:\/\/www.ket4f-gas.eu\/?tribe_events=hybrid-event-lessons-learned-from-ket4f-gas-4&#038;lang=fr\" rel=\"bookmark\">Hybrid event &#8211; Lessons learned from KET4F-Gas<\/a><\/h2><!-- Event Content --><div class=\"ect-event-content\"><p>The first European Project on disruptive technologies for the green revolution. The event will be held on the 22nd and 23rd September in Bayonne in a hybrid format. The speakers [&hellip;]<\/p>\n<\/div><a href=\"http:\/\/www.ket4f-gas.eu\/?tribe_events=hybrid-event-lessons-learned-from-ket4f-gas-4&#038;lang=fr\" class=\"ect-events-read-more\" rel=\"bookmark\">Find out more<\/a><\/div><\/div><\/div><!-- right-wrapper close --><\/div><!-- event-loop-end --><div id=\"event-2562\" class=\"ect-list-post style-1 ect-simple-event past\"><div class=\"ect-list-post-left \">\n\t\t\t\t<div class=\"ect-list-img\" style=\"background-image:url(&#039;http:\/\/www.ket4f-gas.eu\/wp-content\/uploads\/2021\/09\/Banner_Event_2-1024x536.jpg&#039;);background-size:cover;\"><a href=\"http:\/\/www.ket4f-gas.eu\/?tribe_events=hybrid-event-lessons-learned-from-ket4f-gas-3&#038;lang=es\" alt=\"Hybrid event &#8211; Lessons learned from KET4F-Gas\" rel=\"bookmark\"><div class=\"ect-list-date\"><div class=\"ect-date-area default-schedule\"><span class=\"ev-day\">22<\/span>\n\t\t\t\t\t<span class=\"ev-mo\">September<\/span>\n\t\t\t\t\t<span class=\"ev-yr\">2021<\/span><\/div><\/div><\/a><\/div><\/div><!-- left-post close --><div class=\"ect-list-post-right\">\n\t\t\t\t<div class=\"ect-list-post-right-table\"><div class=\"ect-list-description\" style=\"width:100%;\"><h2 class=\"ect-list-title\"><a class=\"ect-event-url\" href=\"http:\/\/www.ket4f-gas.eu\/?tribe_events=hybrid-event-lessons-learned-from-ket4f-gas-3&#038;lang=es\" rel=\"bookmark\">Hybrid event &#8211; Lessons learned from KET4F-Gas<\/a><\/h2><!-- Event Content --><div class=\"ect-event-content\"><p>The first European Project on disruptive technologies for the green revolution. The event will be held on the 22nd and 23rd September in Bayonne in a hybrid format. The speakers [&hellip;]<\/p>\n<\/div><a href=\"http:\/\/www.ket4f-gas.eu\/?tribe_events=hybrid-event-lessons-learned-from-ket4f-gas-3&#038;lang=es\" class=\"ect-events-read-more\" rel=\"bookmark\">Find out more<\/a><\/div><\/div><\/div><!-- right-wrapper close --><\/div><!-- event-loop-end --><div id=\"event-2560\" class=\"ect-list-post style-1 ect-simple-event past\"><div class=\"ect-list-post-left \">\n\t\t\t\t<div class=\"ect-list-img\" style=\"background-image:url(&#039;http:\/\/www.ket4f-gas.eu\/wp-content\/uploads\/2021\/09\/Banner_Event_2-1024x536.jpg&#039;);background-size:cover;\"><a href=\"http:\/\/www.ket4f-gas.eu\/?tribe_events=hybrid-event-lessons-learned-from-ket4f-gas-2&#038;lang=pt\" alt=\"Hybrid event &#8211; Lessons learned from KET4F-Gas\" rel=\"bookmark\"><div class=\"ect-list-date\"><div class=\"ect-date-area default-schedule\"><span class=\"ev-day\">22<\/span>\n\t\t\t\t\t<span class=\"ev-mo\">September<\/span>\n\t\t\t\t\t<span class=\"ev-yr\">2021<\/span><\/div><\/div><\/a><\/div><\/div><!-- left-post close --><div class=\"ect-list-post-right\">\n\t\t\t\t<div class=\"ect-list-post-right-table\"><div class=\"ect-list-description\" style=\"width:100%;\"><h2 class=\"ect-list-title\"><a class=\"ect-event-url\" href=\"http:\/\/www.ket4f-gas.eu\/?tribe_events=hybrid-event-lessons-learned-from-ket4f-gas-2&#038;lang=pt\" rel=\"bookmark\">Hybrid event &#8211; Lessons learned from KET4F-Gas<\/a><\/h2><!-- Event Content --><div class=\"ect-event-content\"><p>The first European Project on disruptive technologies for the green revolution. The event will be held on the 22nd and 23rd September in Bayonne in a hybrid format. The speakers [&hellip;]<\/p>\n<\/div><a href=\"http:\/\/www.ket4f-gas.eu\/?tribe_events=hybrid-event-lessons-learned-from-ket4f-gas-2&#038;lang=pt\" class=\"ect-events-read-more\" rel=\"bookmark\">Find out more<\/a><\/div><\/div><\/div><!-- right-wrapper close --><\/div><!-- event-loop-end --><div id=\"event-2557\" class=\"ect-list-post style-1 ect-simple-event past\"><div class=\"ect-list-post-left \">\n\t\t\t\t<div class=\"ect-list-img\" style=\"background-image:url(&#039;http:\/\/www.ket4f-gas.eu\/wp-content\/uploads\/2021\/09\/Banner_Event_2-1024x536.jpg&#039;);background-size:cover;\"><a href=\"http:\/\/www.ket4f-gas.eu\/?tribe_events=hybrid-event-lessons-learned-from-ket4f-gas\" alt=\"Hybrid event &#8211; Lessons learned from KET4F-Gas\" rel=\"bookmark\"><div class=\"ect-list-date\"><div class=\"ect-date-area default-schedule\"><span class=\"ev-day\">22<\/span>\n\t\t\t\t\t<span class=\"ev-mo\">September<\/span>\n\t\t\t\t\t<span class=\"ev-yr\">2021<\/span><\/div><\/div><\/a><\/div><\/div><!-- left-post close --><div class=\"ect-list-post-right\">\n\t\t\t\t<div class=\"ect-list-post-right-table\"><div class=\"ect-list-description\" style=\"width:100%;\"><h2 class=\"ect-list-title\"><a class=\"ect-event-url\" href=\"http:\/\/www.ket4f-gas.eu\/?tribe_events=hybrid-event-lessons-learned-from-ket4f-gas\" rel=\"bookmark\">Hybrid event &#8211; Lessons learned from KET4F-Gas<\/a><\/h2><!-- Event Content --><div class=\"ect-event-content\"><p>The first European Project on disruptive technologies for the green revolution. The event will be held on the 22nd and 23rd September in Bayonne in a hybrid format. The speakers [&hellip;]<\/p>\n<\/div><a href=\"http:\/\/www.ket4f-gas.eu\/?tribe_events=hybrid-event-lessons-learned-from-ket4f-gas\" class=\"ect-events-read-more\" rel=\"bookmark\">Find out more<\/a><\/div><\/div><\/div><!-- right-wrapper close --><\/div><!-- event-loop-end --><div id=\"event-2534\" class=\"ect-list-post style-1 ect-simple-event past\"><div class=\"ect-list-post-left \">\n\t\t\t\t<div class=\"ect-list-img\" style=\"background-image:url(&#039;http:\/\/www.ket4f-gas.eu\/wp-content\/uploads\/2021\/08\/Banner_Final_PT-1024x576.png&#039;);background-size:cover;\"><a href=\"http:\/\/www.ket4f-gas.eu\/?tribe_events=solucoes-para-uma-gestao-sustentavel-de-gases-fluorados&#038;lang=pt\" alt=\"Solu\u00e7\u00f5es para uma Gest\u00e3o Sustent\u00e1vel de Gases Fluorados\" rel=\"bookmark\"><div class=\"ect-list-date\"><div class=\"ect-date-area default-schedule\"><span class=\"ev-day\">17<\/span>\n\t\t\t\t\t<span class=\"ev-mo\">September<\/span>\n\t\t\t\t\t<span class=\"ev-yr\">2021<\/span><\/div><\/div><\/a><\/div><\/div><!-- left-post close --><div class=\"ect-list-post-right\">\n\t\t\t\t<div class=\"ect-list-post-right-table\"><div class=\"ect-list-description\"><h2 class=\"ect-list-title\"><a class=\"ect-event-url\" href=\"http:\/\/www.ket4f-gas.eu\/?tribe_events=solucoes-para-uma-gestao-sustentavel-de-gases-fluorados&#038;lang=pt\" rel=\"bookmark\">Solu\u00e7\u00f5es para uma Gest\u00e3o Sustent\u00e1vel de Gases Fluorados<\/a><\/h2><!-- Event Content --><div class=\"ect-event-content\"><p>As altera\u00e7\u00f5es clim\u00e1ticas s\u00e3o um problema que necessita de ser enfrentado com urg\u00eancia por todos n\u00f3s. O projeto KET4F-Gas \u00e9 um projeto europeu, cofinanciado pelo programa Interreg Sudoe, que tem [&hellip;]<\/p>\n<\/div><a href=\"http:\/\/www.ket4f-gas.eu\/?tribe_events=solucoes-para-uma-gestao-sustentavel-de-gases-fluorados&#038;lang=pt\" class=\"ect-events-read-more\" rel=\"bookmark\">Find out more<\/a><\/div><div class=\"ect-list-venue default-venue\"><span class=\"ect-icon\"><i class=\"ect-icon-location\"><\/i><\/span><!-- Event Venue Info -->\n\t\t\t\t\t\t\t<span class=\"ect-venue-details ect-address\">\n\t\t\t\t\t\t\t<div><a href=\"http:\/\/www.ket4f-gas.eu\/?tribe_venue=webinar\" title=\"Webinar\">Webinar<\/a>,<span class=\"tribe-address\">\n\n\n\n\n\n\n<\/span>\n<\/div><\/span><\/div><\/div><\/div><!-- right-wrapper close --><\/div><!-- event-loop-end --><div id=\"event-2532\" class=\"ect-list-post style-1 ect-simple-event past\"><div class=\"ect-list-post-left \">\n\t\t\t\t<div class=\"ect-list-img\" style=\"background-image:url(&#039;http:\/\/www.ket4f-gas.eu\/wp-content\/uploads\/2021\/08\/KET4F-gas_imag_1920x1080_EN-1024x576.png&#039;);background-size:cover;\"><a href=\"http:\/\/www.ket4f-gas.eu\/?tribe_events=solutions-for-a-sustainable-management-of-fluorinated-greenhouse-gases-3&#038;lang=fr\" alt=\"Solutions for a Sustainable Management of Fluorinated Greenhouse Gases\" rel=\"bookmark\"><div class=\"ect-list-date\"><div class=\"ect-date-area default-schedule\"><span class=\"ev-day\">17<\/span>\n\t\t\t\t\t<span class=\"ev-mo\">September<\/span>\n\t\t\t\t\t<span class=\"ev-yr\">2021<\/span><\/div><\/div><\/a><\/div><\/div><!-- left-post close --><div class=\"ect-list-post-right\">\n\t\t\t\t<div class=\"ect-list-post-right-table\"><div class=\"ect-list-description\"><h2 class=\"ect-list-title\"><a class=\"ect-event-url\" href=\"http:\/\/www.ket4f-gas.eu\/?tribe_events=solutions-for-a-sustainable-management-of-fluorinated-greenhouse-gases-3&#038;lang=fr\" rel=\"bookmark\">Solutions for a Sustainable Management of Fluorinated Greenhouse Gases<\/a><\/h2><!-- Event Content --><div class=\"ect-event-content\"><p>The World is facing serious problems due to climate change that must be addressed with urgency by all of us. KET4F-Gas is an European project co-financed by the Interreg Sudoe [&hellip;]<\/p>\n<\/div><a href=\"http:\/\/www.ket4f-gas.eu\/?tribe_events=solutions-for-a-sustainable-management-of-fluorinated-greenhouse-gases-3&#038;lang=fr\" class=\"ect-events-read-more\" rel=\"bookmark\">Find out more<\/a><\/div><div class=\"ect-list-venue default-venue\"><span class=\"ect-icon\"><i class=\"ect-icon-location\"><\/i><\/span><!-- Event Venue Info -->\n\t\t\t\t\t\t\t<span class=\"ect-venue-details ect-address\">\n\t\t\t\t\t\t\t<div><a href=\"http:\/\/www.ket4f-gas.eu\/?tribe_venue=webinar\" title=\"Webinar\">Webinar<\/a>,<span class=\"tribe-address\">\n\n\n\n\n\n\n<\/span>\n<\/div><\/span><\/div><\/div><\/div><!-- right-wrapper close --><\/div><!-- event-loop-end --><div id=\"event-2530\" class=\"ect-list-post style-1 ect-simple-event past\"><div class=\"ect-list-post-left \">\n\t\t\t\t<div class=\"ect-list-img\" style=\"background-image:url(&#039;http:\/\/www.ket4f-gas.eu\/wp-content\/uploads\/2021\/08\/Banner_Final_EN-1024x576.png&#039;);background-size:cover;\"><a href=\"http:\/\/www.ket4f-gas.eu\/?tribe_events=solutions-for-a-sustainable-management-of-fluorinated-greenhouse-gases-2&#038;lang=es\" alt=\"Solutions for a Sustainable Management of Fluorinated Greenhouse Gases\" rel=\"bookmark\"><div class=\"ect-list-date\"><div class=\"ect-date-area default-schedule\"><span class=\"ev-day\">17<\/span>\n\t\t\t\t\t<span class=\"ev-mo\">September<\/span>\n\t\t\t\t\t<span class=\"ev-yr\">2021<\/span><\/div><\/div><\/a><\/div><\/div><!-- left-post close --><div class=\"ect-list-post-right\">\n\t\t\t\t<div class=\"ect-list-post-right-table\"><div class=\"ect-list-description\"><h2 class=\"ect-list-title\"><a class=\"ect-event-url\" href=\"http:\/\/www.ket4f-gas.eu\/?tribe_events=solutions-for-a-sustainable-management-of-fluorinated-greenhouse-gases-2&#038;lang=es\" rel=\"bookmark\">Solutions for a Sustainable Management of Fluorinated Greenhouse Gases<\/a><\/h2><!-- Event Content --><div class=\"ect-event-content\"><p>The World is facing serious problems due to climate change that must be addressed with urgency by all of us. KET4F-Gas is an European project co-financed by the Interreg Sudoe [&hellip;]<\/p>\n<\/div><a href=\"http:\/\/www.ket4f-gas.eu\/?tribe_events=solutions-for-a-sustainable-management-of-fluorinated-greenhouse-gases-2&#038;lang=es\" class=\"ect-events-read-more\" rel=\"bookmark\">Find out more<\/a><\/div><div class=\"ect-list-venue default-venue\"><span class=\"ect-icon\"><i class=\"ect-icon-location\"><\/i><\/span><!-- Event Venue Info -->\n\t\t\t\t\t\t\t<span class=\"ect-venue-details ect-address\">\n\t\t\t\t\t\t\t<div><a href=\"http:\/\/www.ket4f-gas.eu\/?tribe_venue=webinar\" title=\"Webinar\">Webinar<\/a>,<span class=\"tribe-address\">\n\n\n\n\n\n\n<\/span>\n<\/div><\/span><\/div><\/div><\/div><!-- right-wrapper close --><\/div><!-- event-loop-end --><div id=\"event-2516\" class=\"ect-list-post style-1 ect-simple-event past\"><div class=\"ect-list-post-left \">\n\t\t\t\t<div class=\"ect-list-img\" style=\"background-image:url(&#039;http:\/\/www.ket4f-gas.eu\/wp-content\/uploads\/2021\/08\/KET4F-gas_imag_1920x1080_EN-1024x576.png&#039;);background-size:cover;\"><a href=\"http:\/\/www.ket4f-gas.eu\/?tribe_events=solutions-for-a-sustainable-management-of-fluorinated-greenhouse-gases\" alt=\"Solutions for a Sustainable Management of Fluorinated Greenhouse Gases\" rel=\"bookmark\"><div class=\"ect-list-date\"><div class=\"ect-date-area default-schedule\"><span class=\"ev-day\">17<\/span>\n\t\t\t\t\t<span class=\"ev-mo\">September<\/span>\n\t\t\t\t\t<span class=\"ev-yr\">2021<\/span><\/div><\/div><\/a><\/div><\/div><!-- left-post close --><div class=\"ect-list-post-right\">\n\t\t\t\t<div class=\"ect-list-post-right-table\"><div class=\"ect-list-description\"><h2 class=\"ect-list-title\"><a class=\"ect-event-url\" href=\"http:\/\/www.ket4f-gas.eu\/?tribe_events=solutions-for-a-sustainable-management-of-fluorinated-greenhouse-gases\" rel=\"bookmark\">Solutions for a Sustainable Management of Fluorinated Greenhouse Gases<\/a><\/h2><!-- Event Content --><div class=\"ect-event-content\"><p>The World is facing serious problems due to climate change that must be addressed with urgency by all of us. KET4F-Gas is an European project co-financed by the Interreg Sudoe [&hellip;]<\/p>\n<\/div><a href=\"http:\/\/www.ket4f-gas.eu\/?tribe_events=solutions-for-a-sustainable-management-of-fluorinated-greenhouse-gases\" class=\"ect-events-read-more\" rel=\"bookmark\">Find out more<\/a><\/div><div class=\"ect-list-venue default-venue\"><span class=\"ect-icon\"><i class=\"ect-icon-location\"><\/i><\/span><!-- Event Venue Info -->\n\t\t\t\t\t\t\t<span class=\"ect-venue-details ect-address\">\n\t\t\t\t\t\t\t<div><a href=\"http:\/\/www.ket4f-gas.eu\/?tribe_venue=webinar\" title=\"Webinar\">Webinar<\/a>,<span class=\"tribe-address\">\n\n\n\n\n\n\n<\/span>\n<\/div><\/span><\/div><\/div><\/div><!-- right-wrapper close --><\/div><!-- event-loop-end --><div id=\"event-2589\" class=\"ect-list-post style-1 ect-simple-event past\"><div class=\"ect-list-post-left \">\n\t\t\t\t<div class=\"ect-list-img\" style=\"background-image:url(&#039;http:\/\/www.ket4f-gas.eu\/wp-content\/uploads\/2021\/09\/Baner_14_barcelona.png&#039;);background-size:cover;\"><a href=\"http:\/\/www.ket4f-gas.eu\/?tribe_events=retos-para-el-sector-de-los-f-gases-normativa-estrategias-y-accion-por-el-clima-4&#038;lang=fr\" alt=\"Retos para el sector de los F-gases: normativa, estrategias y acci\u00f3n por el clima\" rel=\"bookmark\"><div class=\"ect-list-date\"><div class=\"ect-date-area default-schedule\"><span class=\"ev-day\">14<\/span>\n\t\t\t\t\t<span class=\"ev-mo\">September<\/span>\n\t\t\t\t\t<span class=\"ev-yr\">2021<\/span><\/div><\/div><\/a><\/div><\/div><!-- left-post close --><div class=\"ect-list-post-right\">\n\t\t\t\t<div class=\"ect-list-post-right-table\"><div class=\"ect-list-description\" style=\"width:100%;\"><h2 class=\"ect-list-title\"><a class=\"ect-event-url\" href=\"http:\/\/www.ket4f-gas.eu\/?tribe_events=retos-para-el-sector-de-los-f-gases-normativa-estrategias-y-accion-por-el-clima-4&#038;lang=fr\" rel=\"bookmark\">Retos para el sector de los F-gases: normativa, estrategias y acci\u00f3n por el clima<\/a><\/h2><!-- Event Content --><div class=\"ect-event-content\"><p>La jornada se enmarca dentro del proyecto KET4F-Gas, un proyecto europeo cofinanciado por el Programa Interreg Sudoe, a trav\u00e9s del Fondo Europeo de Desarrollo Regional (FEDER), incluido en el eje [&hellip;]<\/p>\n<\/div><a href=\"http:\/\/www.ket4f-gas.eu\/?tribe_events=retos-para-el-sector-de-los-f-gases-normativa-estrategias-y-accion-por-el-clima-4&#038;lang=fr\" class=\"ect-events-read-more\" rel=\"bookmark\">Find out more<\/a><\/div><\/div><\/div><!-- right-wrapper close --><\/div><!-- event-loop-end --><div id=\"event-2587\" class=\"ect-list-post style-1 ect-simple-event past\"><div class=\"ect-list-post-left \">\n\t\t\t\t<div class=\"ect-list-img\" style=\"background-image:url(&#039;http:\/\/www.ket4f-gas.eu\/wp-content\/uploads\/2021\/09\/Baner_14_barcelona.png&#039;);background-size:cover;\"><a href=\"http:\/\/www.ket4f-gas.eu\/?tribe_events=retos-para-el-sector-de-los-f-gases-normativa-estrategias-y-accion-por-el-clima-3&#038;lang=es\" alt=\"Retos para el sector de los F-gases: normativa, estrategias y acci\u00f3n por el clima\" rel=\"bookmark\"><div class=\"ect-list-date\"><div class=\"ect-date-area default-schedule\"><span class=\"ev-day\">14<\/span>\n\t\t\t\t\t<span class=\"ev-mo\">September<\/span>\n\t\t\t\t\t<span class=\"ev-yr\">2021<\/span><\/div><\/div><\/a><\/div><\/div><!-- left-post close --><div class=\"ect-list-post-right\">\n\t\t\t\t<div class=\"ect-list-post-right-table\"><div class=\"ect-list-description\" style=\"width:100%;\"><h2 class=\"ect-list-title\"><a class=\"ect-event-url\" href=\"http:\/\/www.ket4f-gas.eu\/?tribe_events=retos-para-el-sector-de-los-f-gases-normativa-estrategias-y-accion-por-el-clima-3&#038;lang=es\" rel=\"bookmark\">Retos para el sector de los F-gases: normativa, estrategias y acci\u00f3n por el clima<\/a><\/h2><!-- Event Content --><div class=\"ect-event-content\"><p>La jornada se enmarca dentro del proyecto KET4F-Gas, un proyecto europeo cofinanciado por el Programa Interreg Sudoe, a trav\u00e9s del Fondo Europeo de Desarrollo Regional (FEDER), incluido en el eje [&hellip;]<\/p>\n<\/div><a href=\"http:\/\/www.ket4f-gas.eu\/?tribe_events=retos-para-el-sector-de-los-f-gases-normativa-estrategias-y-accion-por-el-clima-3&#038;lang=es\" class=\"ect-events-read-more\" rel=\"bookmark\">Find out more<\/a><\/div><\/div><\/div><!-- right-wrapper close --><\/div><!-- event-loop-end --><\/div><\/div><\/div><\/div>\n<p>[\/et_pb_text][\/et_pb_column][\/et_pb_row][\/et_pb_section]<\/p>\n","protected":false},"excerpt":{"rendered":"<p>[et_pb_section bb_built=&#8221;1&#8243; fullwidth=&#8221;off&#8221; specialty=&#8221;off&#8221;][et_pb_row][et_pb_column type=&#8221;4_4&#8243;][et_pb_text _builder_version=&#8221;3.7.1&#8243;] \u00c9v\u00e8nements \u00e0 venir [\/et_pb_text][et_pb_text _builder_version=&#8221;3.7.1&#8243;] \u00c9v\u00e9nements pass\u00e9s [\/et_pb_text][\/et_pb_column][\/et_pb_row][\/et_pb_section]<\/p>\n","protected":false},"author":5,"featured_media":0,"parent":0,"menu_order":0,"comment_status":"closed","ping_status":"closed","template":"","meta":{"_et_pb_use_builder":"on","_et_pb_old_content":"","_et_gb_content_width":"","footnotes":""},"class_list":["post-718","page","type-page","status-publish","hentry","cat_events-es"],"_links":{"self":[{"href":"http:\/\/www.ket4f-gas.eu\/index.php?rest_route=\/wp\/v2\/pages\/718","targetHints":{"allow":["GET"]}}],"collection":[{"href":"http:\/\/www.ket4f-gas.eu\/index.php?rest_route=\/wp\/v2\/pages"}],"about":[{"href":"http:\/\/www.ket4f-gas.eu\/index.php?rest_route=\/wp\/v2\/types\/page"}],"author":[{"embeddable":true,"href":"http:\/\/www.ket4f-gas.eu\/index.php?rest_route=\/wp\/v2\/users\/5"}],"replies":[{"embeddable":true,"href":"http:\/\/www.ket4f-gas.eu\/index.php?rest_route=%2Fwp%2Fv2%2Fcomments&post=718"}],"version-history":[{"count":1,"href":"http:\/\/www.ket4f-gas.eu\/index.php?rest_route=\/wp\/v2\/pages\/718\/revisions"}],"predecessor-version":[{"id":719,"href":"http:\/\/www.ket4f-gas.eu\/index.php?rest_route=\/wp\/v2\/pages\/718\/revisions\/719"}],"wp:attachment":[{"href":"http:\/\/www.ket4f-gas.eu\/index.php?rest_route=%2Fwp%2Fv2%2Fmedia&parent=718"}],"curies":[{"name":"wp","href":"https:\/\/api.w.org\/{rel}","templated":true}]}}