{"id":721,"date":"2018-11-12T08:49:08","date_gmt":"2018-11-12T08:49:08","guid":{"rendered":"http:\/\/www.ket4f-gas.eu\/?page_id=721"},"modified":"2021-03-03T13:26:25","modified_gmt":"2021-03-03T13:26:25","slug":"fct-nova-fr","status":"publish","type":"page","link":"http:\/\/www.ket4f-gas.eu\/?page_id=721&lang=fr","title":{"rendered":"FCT NOVA fr"},"content":{"rendered":"<p>[et_pb_section fb_built=&#8221;1&#8243; _builder_version=&#8221;3.22&#8243;][et_pb_row _builder_version=&#8221;3.25&#8243; background_size=&#8221;initial&#8221; background_position=&#8221;top_left&#8221; background_repeat=&#8221;repeat&#8221; column_structure=&#8221;1_4,3_4&#8243;][et_pb_column type=&#8221;1_4&#8243; _builder_version=&#8221;3.25&#8243; custom_padding=&#8221;|||&#8221; custom_padding__hover=&#8221;|||&#8221;][et_pb_image src=&#8221;http:\/\/www.ket4f-gas.eu\/wp-content\/uploads\/2021\/03\/NOVA_CMYK_SASSIN_HORIZ_POSIT_85_225mm-4.png&#8221; align_tablet=&#8221;center&#8221; align_last_edited=&#8221;on|desktop&#8221; _builder_version=&#8221;4.9.0&#8243; hover_enabled=&#8221;0&#8243; title_text=&#8221;NOVA_CMYK_SASSIN_HORIZ_POSIT_85_225mm&#8221; sticky_enabled=&#8221;0&#8243;][\/et_pb_image][et_pb_text _builder_version=&#8221;3.27.4&#8243;]<\/p>\n<p>\nPortugal<img loading=\"lazy\" decoding=\"async\" class=\"wp-image-397 alignleft\" style=\"margin-top: 1px;\" src=\"http:\/\/www.ket4f-gas.eu\/wp-content\/uploads\/2018\/08\/portugal_flags.png\" alt=\"\" width=\"20\" height=\"20\" \/><\/p>\n<p><a href=\"mailto:anab@fct.unl.pt\" target=\"_blank\" rel=\"noopener noreferrer\">Ana Bel\u00e9n Pereiro<\/a><img loading=\"lazy\" decoding=\"async\" class=\"wp-image-394 alignleft\" style=\"margin-top: 1px;\" src=\"http:\/\/www.ket4f-gas.eu\/wp-content\/uploads\/2018\/08\/email.png\" alt=\"\" width=\"25\" height=\"25\" \/><\/p>\n<p><a href=\"mailto:jmmda@fct.unl.pt\" target=\"_blank\" rel=\"noopener noreferrer\">Jo\u00e3o Araujo<\/a><img loading=\"lazy\" decoding=\"async\" class=\"wp-image-394 alignleft\" style=\"margin-top: 1px;\" src=\"http:\/\/www.ket4f-gas.eu\/wp-content\/uploads\/2018\/08\/email.png\" alt=\"\" width=\"25\" height=\"25\" \/><\/p>\n<p>[\/et_pb_text][\/et_pb_column][et_pb_column type=&#8221;3_4&#8243; _builder_version=&#8221;3.25&#8243; custom_padding=&#8221;|||&#8221; custom_padding__hover=&#8221;|||&#8221;][et_pb_text _builder_version=&#8221;3.27.4&#8243;]<\/p>\n<h3><span style=\"color: #ff9900;\"><strong>FCT NOVA<\/strong><\/span><\/h3>\n<p style=\"text-align: justify;\">La Facult\u00e9 des Sciences et Technologie (FCT NOVA), de l\u2019Universit\u00e9 NOVA de Lisbonne, est l\u2019une des plus prestigieuses \u00e9coles d\u2019ing\u00e9nierie et de sciences publiques portugaises et se consacre \u00e0 une vaste activit\u00e9 de recherche, d\u00e9velopp\u00e9e dans 16 centres de recherche. Parmi les partenaires de FCT NOVA, on compte des universit\u00e9s jouissant d\u2019une grande reconnaissance internationale, telles que le Massachusetts Institute of Technology (MIT), la Carnegie Mellon University (CMU) et l\u2019Universit\u00e9 du Texas, \u00e0 Austin (UTAustin), ainsi que ses programmes d&#8217;\u00e9tudes avanc\u00e9es, pionniers au niveau national.<\/p>\n<p style=\"text-align: justify;\">FCT NOVA poss\u00e8de une vaste exp\u00e9rience dans la R&#038;D&#038;i d\u00b4avant-garde en raison de sa nature multidisciplinaire et de sa solide exp\u00e9rience en mati\u00e8re de projets de recherche fondamentale et appliqu\u00e9e dans plusieurs domaines. Elle regroupe des professionnels de renomm\u00e9e internationale (chercheurs r\u00e9compens\u00e9s par des ERC &#8211; six au total &#8211; et prix du m\u00e9rite) et renforce l\u2019impulsion entrepreneuriale de ses \u00e9tudiants et dipl\u00f4m\u00e9s, ce qui a conduit \u00e0 de nombreuses retomb\u00e9es, qui transf\u00e8rent les connaissances sur le march\u00e9 et aident \u00e0 cr\u00e9er de la valeur et un impact social.<\/p>\n<p style=\"text-align: justify;\">Les centres de recherche LAQV (Laboratoire Associ\u00e9 de Chimie Verte &#8211; Technologies Propres et Processus) et MARE (Centre des Sciences de la Mer et de l&#8217;Environnement) participent au projet KET4F-Gas. LAQV est un centre de recherche de renomm\u00e9e internationale dans le domaine de la chimie verte, ax\u00e9 sur le d\u00e9veloppement de la chimie durable. Le MARE a pour objectif de rechercher l&#8217;excellence dans l&#8217;\u00e9tude des \u00e9cosyst\u00e8mes aquatiques et de diffuser les connaissances n\u00e9cessaires aux politiques de d\u00e9veloppement durable.<\/p>\n<p>[\/et_pb_text][et_pb_text _builder_version=&#8221;3.27.4&#8243; z_index_tablet=&#8221;500&#8243;]<\/p>\n<table style=\"width: 100%;\" border=\"0\">\n<tbody>\n<tr>\n<td style=\"width: 14.0878%;\"><img loading=\"lazy\" decoding=\"async\" class=\"aligncenter size-full wp-image-1136\" src=\"http:\/\/www.ket4f-gas.eu\/wp-content\/uploads\/2019\/05\/Ana-B.-Pereiro.jpg\" alt=\"\" width=\"106\" height=\"150\" \/><\/td>\n<td style=\"width: 66.9746%;\">\n<p align=\"center\"><span style=\"font-family: Arial, serif;\"><strong>Ana B. Pereiro<\/strong> <br \/><\/span><span style=\"font-family: Arial, serif;\">Coordinateur<\/span><\/p>\n<\/td>\n<td style=\"width: 17.7829%;\"><img loading=\"lazy\" decoding=\"async\" class=\"aligncenter wp-image-1153\" src=\"http:\/\/www.ket4f-gas.eu\/wp-content\/uploads\/2019\/05\/Logo_LAQV-150x150.png\" alt=\"\" width=\"100\" height=\"100\" srcset=\"http:\/\/www.ket4f-gas.eu\/wp-content\/uploads\/2019\/05\/Logo_LAQV-150x150.png 150w, http:\/\/www.ket4f-gas.eu\/wp-content\/uploads\/2019\/05\/Logo_LAQV-300x300.png 300w, http:\/\/www.ket4f-gas.eu\/wp-content\/uploads\/2019\/05\/Logo_LAQV-768x768.png 768w, http:\/\/www.ket4f-gas.eu\/wp-content\/uploads\/2019\/05\/Logo_LAQV-1024x1024.png 1024w, http:\/\/www.ket4f-gas.eu\/wp-content\/uploads\/2019\/05\/Logo_LAQV.png 1063w\" sizes=\"(max-width: 100px) 100vw, 100px\" \/><\/td>\n<\/tr>\n<tr>\n<td style=\"width: 14.0878%;\"><img loading=\"lazy\" decoding=\"async\" class=\"aligncenter size-full wp-image-1137\" src=\"http:\/\/www.ket4f-gas.eu\/wp-content\/uploads\/2019\/05\/Jo\u00e3o-M.-M.-Ara\u00fajo.jpg\" alt=\"\" width=\"117\" height=\"150\" \/><\/td>\n<td style=\"width: 66.9746%;\">\n<p align=\"center\"><span style=\"font-family: Arial, serif;\"><strong>Jo\u00e3o M. M. Ara\u00fajo<\/strong><br \/><\/span><span style=\"font-family: Arial, serif;\">Co-cordinateur<\/span><\/p>\n<\/td>\n<td style=\"width: 17.7829%;\">\n<p align=\"center\"><span style=\"font-family: Arial, serif;\"><img loading=\"lazy\" decoding=\"async\" class=\"aligncenter wp-image-1153\" src=\"http:\/\/www.ket4f-gas.eu\/wp-content\/uploads\/2019\/05\/Logo_LAQV-150x150.png\" alt=\"\" width=\"100\" height=\"100\" srcset=\"http:\/\/www.ket4f-gas.eu\/wp-content\/uploads\/2019\/05\/Logo_LAQV-150x150.png 150w, http:\/\/www.ket4f-gas.eu\/wp-content\/uploads\/2019\/05\/Logo_LAQV-300x300.png 300w, http:\/\/www.ket4f-gas.eu\/wp-content\/uploads\/2019\/05\/Logo_LAQV-768x768.png 768w, http:\/\/www.ket4f-gas.eu\/wp-content\/uploads\/2019\/05\/Logo_LAQV-1024x1024.png 1024w, http:\/\/www.ket4f-gas.eu\/wp-content\/uploads\/2019\/05\/Logo_LAQV.png 1063w\" sizes=\"(max-width: 100px) 100vw, 100px\" \/><\/span><\/p>\n<\/td>\n<\/tr>\n<tr>\n<td style=\"width: 14.0878%;\"><img loading=\"lazy\" decoding=\"async\" class=\"aligncenter size-full wp-image-1138\" src=\"http:\/\/www.ket4f-gas.eu\/wp-content\/uploads\/2019\/05\/Jos\u00e9-P.-Mota.jpg\" alt=\"\" width=\"115\" height=\"150\" \/><\/td>\n<td style=\"width: 66.9746%;\">\n<p align=\"center\"><span style=\"font-family: Arial, serif;\"><strong>Jos\u00e9 P. Mota<\/strong><br \/>Membre de l&#8217;\u00e9quipe de recherche<br \/><\/span><\/p>\n<\/td>\n<td style=\"width: 17.7829%;\">\n<p align=\"center\"><span style=\"font-family: Arial, serif;\"><img loading=\"lazy\" decoding=\"async\" class=\"aligncenter wp-image-1153\" src=\"http:\/\/www.ket4f-gas.eu\/wp-content\/uploads\/2019\/05\/Logo_LAQV-150x150.png\" alt=\"\" width=\"100\" height=\"100\" srcset=\"http:\/\/www.ket4f-gas.eu\/wp-content\/uploads\/2019\/05\/Logo_LAQV-150x150.png 150w, http:\/\/www.ket4f-gas.eu\/wp-content\/uploads\/2019\/05\/Logo_LAQV-300x300.png 300w, http:\/\/www.ket4f-gas.eu\/wp-content\/uploads\/2019\/05\/Logo_LAQV-768x768.png 768w, http:\/\/www.ket4f-gas.eu\/wp-content\/uploads\/2019\/05\/Logo_LAQV-1024x1024.png 1024w, http:\/\/www.ket4f-gas.eu\/wp-content\/uploads\/2019\/05\/Logo_LAQV.png 1063w\" sizes=\"(max-width: 100px) 100vw, 100px\" \/><\/span><\/p>\n<\/td>\n<\/tr>\n<tr>\n<td style=\"width: 14.0878%;\"><img loading=\"lazy\" decoding=\"async\" class=\"aligncenter size-full wp-image-1139\" src=\"http:\/\/www.ket4f-gas.eu\/wp-content\/uploads\/2019\/05\/Manuel-Nunes-da-Ponte.jpg\" alt=\"\" width=\"119\" height=\"151\" \/><\/td>\n<td style=\"width: 66.9746%;\">\n<p align=\"center\"><span style=\"font-family: Arial, serif;\"><span lang=\"pt-PT\"><strong>Manuel Nunes da Ponte<\/strong><br \/><\/span><\/span>Membre de l&#8217;\u00e9quipe de recherche<\/p>\n<\/td>\n<td style=\"width: 17.7829%;\">\n<p align=\"center\"><span style=\"font-family: Arial, serif;\"><img loading=\"lazy\" decoding=\"async\" class=\"aligncenter wp-image-1153\" src=\"http:\/\/www.ket4f-gas.eu\/wp-content\/uploads\/2019\/05\/Logo_LAQV-150x150.png\" alt=\"\" width=\"100\" height=\"100\" srcset=\"http:\/\/www.ket4f-gas.eu\/wp-content\/uploads\/2019\/05\/Logo_LAQV-150x150.png 150w, http:\/\/www.ket4f-gas.eu\/wp-content\/uploads\/2019\/05\/Logo_LAQV-300x300.png 300w, http:\/\/www.ket4f-gas.eu\/wp-content\/uploads\/2019\/05\/Logo_LAQV-768x768.png 768w, http:\/\/www.ket4f-gas.eu\/wp-content\/uploads\/2019\/05\/Logo_LAQV-1024x1024.png 1024w, http:\/\/www.ket4f-gas.eu\/wp-content\/uploads\/2019\/05\/Logo_LAQV.png 1063w\" sizes=\"(max-width: 100px) 100vw, 100px\" \/><\/span><\/p>\n<\/td>\n<\/tr>\n<tr>\n<td style=\"width: 14.0878%;\"><img loading=\"lazy\" decoding=\"async\" class=\"aligncenter size-full wp-image-1140\" src=\"http:\/\/www.ket4f-gas.eu\/wp-content\/uploads\/2019\/05\/Lu\u00eds-P.-N.-Rebelo.jpg\" alt=\"\" width=\"116\" height=\"151\" \/><\/td>\n<td style=\"width: 66.9746%;\">\n<p align=\"center\"><span style=\"font-family: Arial, serif;\"><span lang=\"pt-PT\"><strong>Lu\u00eds P. N. Rebelo<\/strong><br \/><\/span><\/span>Membre de l&#8217;\u00e9quipe de recherche<\/p>\n<\/td>\n<td style=\"width: 17.7829%;\">\n<p align=\"center\"><span style=\"font-family: Arial, serif;\"><img loading=\"lazy\" decoding=\"async\" class=\"aligncenter wp-image-1153\" src=\"http:\/\/www.ket4f-gas.eu\/wp-content\/uploads\/2019\/05\/Logo_LAQV-150x150.png\" alt=\"\" width=\"100\" height=\"100\" srcset=\"http:\/\/www.ket4f-gas.eu\/wp-content\/uploads\/2019\/05\/Logo_LAQV-150x150.png 150w, http:\/\/www.ket4f-gas.eu\/wp-content\/uploads\/2019\/05\/Logo_LAQV-300x300.png 300w, http:\/\/www.ket4f-gas.eu\/wp-content\/uploads\/2019\/05\/Logo_LAQV-768x768.png 768w, http:\/\/www.ket4f-gas.eu\/wp-content\/uploads\/2019\/05\/Logo_LAQV-1024x1024.png 1024w, http:\/\/www.ket4f-gas.eu\/wp-content\/uploads\/2019\/05\/Logo_LAQV.png 1063w\" sizes=\"(max-width: 100px) 100vw, 100px\" \/><\/span><\/p>\n<\/td>\n<\/tr>\n<tr>\n<td style=\"width: 14.0878%;\"><img loading=\"lazy\" decoding=\"async\" class=\"aligncenter wp-image-1141 size-thumbnail\" src=\"http:\/\/www.ket4f-gas.eu\/wp-content\/uploads\/2019\/05\/Rui-P.-P.-L.-Ribeiro-150x150.jpg\" alt=\"\" width=\"150\" height=\"150\" \/><\/td>\n<td style=\"width: 66.9746%;\">\n<p align=\"center\"><span style=\"font-family: Arial, serif;\"><span lang=\"pt-PT\"><strong>Rui P. P. L. Ribeiro<\/strong><br \/><\/span><\/span>Membre de l&#8217;\u00e9quipe de recherche<\/p>\n<\/td>\n<td style=\"width: 17.7829%;\">\n<p align=\"center\"><span style=\"font-family: Arial, serif;\"><img loading=\"lazy\" decoding=\"async\" class=\"aligncenter wp-image-1153\" src=\"http:\/\/www.ket4f-gas.eu\/wp-content\/uploads\/2019\/05\/Logo_LAQV-150x150.png\" alt=\"\" width=\"100\" height=\"100\" srcset=\"http:\/\/www.ket4f-gas.eu\/wp-content\/uploads\/2019\/05\/Logo_LAQV-150x150.png 150w, http:\/\/www.ket4f-gas.eu\/wp-content\/uploads\/2019\/05\/Logo_LAQV-300x300.png 300w, http:\/\/www.ket4f-gas.eu\/wp-content\/uploads\/2019\/05\/Logo_LAQV-768x768.png 768w, http:\/\/www.ket4f-gas.eu\/wp-content\/uploads\/2019\/05\/Logo_LAQV-1024x1024.png 1024w, http:\/\/www.ket4f-gas.eu\/wp-content\/uploads\/2019\/05\/Logo_LAQV.png 1063w\" sizes=\"(max-width: 100px) 100vw, 100px\" \/><\/span><\/p>\n<\/td>\n<\/tr>\n<tr>\n<td style=\"width: 14.0878%;\"><img loading=\"lazy\" decoding=\"async\" class=\"aligncenter size-thumbnail wp-image-1142\" src=\"http:\/\/www.ket4f-gas.eu\/wp-content\/uploads\/2019\/05\/Ana-V.M.-Nunes-150x150.jpg\" alt=\"\" width=\"150\" height=\"150\" \/><\/td>\n<td style=\"width: 66.9746%;\">\n<p align=\"center\"><span style=\"font-family: Arial, serif;\"><span lang=\"pt-PT\"><strong>Ana V.M. Nunes<\/strong><br \/><\/span><\/span>Membre de l&#8217;\u00e9quipe de recherche<\/p>\n<\/td>\n<td style=\"width: 17.7829%;\">\n<p align=\"center\"><span style=\"font-family: Arial, serif;\"><img loading=\"lazy\" decoding=\"async\" class=\"aligncenter wp-image-1153\" src=\"http:\/\/www.ket4f-gas.eu\/wp-content\/uploads\/2019\/05\/Logo_LAQV-150x150.png\" alt=\"\" width=\"100\" height=\"100\" srcset=\"http:\/\/www.ket4f-gas.eu\/wp-content\/uploads\/2019\/05\/Logo_LAQV-150x150.png 150w, http:\/\/www.ket4f-gas.eu\/wp-content\/uploads\/2019\/05\/Logo_LAQV-300x300.png 300w, http:\/\/www.ket4f-gas.eu\/wp-content\/uploads\/2019\/05\/Logo_LAQV-768x768.png 768w, http:\/\/www.ket4f-gas.eu\/wp-content\/uploads\/2019\/05\/Logo_LAQV-1024x1024.png 1024w, http:\/\/www.ket4f-gas.eu\/wp-content\/uploads\/2019\/05\/Logo_LAQV.png 1063w\" sizes=\"(max-width: 100px) 100vw, 100px\" \/><\/span><\/p>\n<\/td>\n<\/tr>\n<tr>\n<td style=\"width: 14.0878%;\">\n<p><img loading=\"lazy\" decoding=\"async\" class=\"size-thumbnail wp-image-1143\" src=\"http:\/\/www.ket4f-gas.eu\/wp-content\/uploads\/2019\/05\/Julio-Eduardo-Sosa-150x150.jpg\" alt=\"\" width=\"150\" height=\"150\" \/><\/p>\n<\/td>\n<td style=\"width: 66.9746%;\">\n<p align=\"center\"><span style=\"font-family: Arial, serif;\"><span lang=\"pt-PT\"><strong>Julio Eduardo Sosa<\/strong><br \/><\/span><\/span><span style=\"font-family: Arial, serif;\"><span lang=\"pt-PT\">\u00c9tudiant en doctorat<br \/><\/span><\/span><\/p>\n<\/td>\n<td style=\"width: 17.7829%;\">\n<p align=\"center\"><span style=\"font-family: Arial, serif;\"><img loading=\"lazy\" decoding=\"async\" class=\"aligncenter wp-image-1153\" src=\"http:\/\/www.ket4f-gas.eu\/wp-content\/uploads\/2019\/05\/Logo_LAQV-150x150.png\" alt=\"\" width=\"100\" height=\"100\" srcset=\"http:\/\/www.ket4f-gas.eu\/wp-content\/uploads\/2019\/05\/Logo_LAQV-150x150.png 150w, http:\/\/www.ket4f-gas.eu\/wp-content\/uploads\/2019\/05\/Logo_LAQV-300x300.png 300w, http:\/\/www.ket4f-gas.eu\/wp-content\/uploads\/2019\/05\/Logo_LAQV-768x768.png 768w, http:\/\/www.ket4f-gas.eu\/wp-content\/uploads\/2019\/05\/Logo_LAQV-1024x1024.png 1024w, http:\/\/www.ket4f-gas.eu\/wp-content\/uploads\/2019\/05\/Logo_LAQV.png 1063w\" sizes=\"(max-width: 100px) 100vw, 100px\" \/><\/span><\/p>\n<\/td>\n<\/tr>\n<tr>\n<td style=\"width: 14.0878%;\"><img loading=\"lazy\" decoding=\"async\" class=\"aligncenter size-thumbnail wp-image-1144\" src=\"http:\/\/www.ket4f-gas.eu\/wp-content\/uploads\/2019\/05\/Ma\u0142gorzata-Ewa-Zakrzewska-150x150.jpg\" alt=\"\" width=\"150\" height=\"150\" \/><\/td>\n<td style=\"width: 66.9746%;\">\n<p align=\"center\"><span style=\"font-family: Arial, serif;\"><span lang=\"pt-PT\"><strong>Ma\u0142gorzata Ewa Zakrzewska<\/strong><br \/><\/span><\/span>Membre de l&#8217;\u00e9quipe de recherche<\/p>\n<\/td>\n<td style=\"width: 17.7829%;\">\n<p align=\"center\"><span style=\"font-family: Arial, serif;\"><img loading=\"lazy\" decoding=\"async\" class=\"aligncenter wp-image-1153\" src=\"http:\/\/www.ket4f-gas.eu\/wp-content\/uploads\/2019\/05\/Logo_LAQV-150x150.png\" alt=\"\" width=\"100\" height=\"100\" srcset=\"http:\/\/www.ket4f-gas.eu\/wp-content\/uploads\/2019\/05\/Logo_LAQV-150x150.png 150w, http:\/\/www.ket4f-gas.eu\/wp-content\/uploads\/2019\/05\/Logo_LAQV-300x300.png 300w, http:\/\/www.ket4f-gas.eu\/wp-content\/uploads\/2019\/05\/Logo_LAQV-768x768.png 768w, http:\/\/www.ket4f-gas.eu\/wp-content\/uploads\/2019\/05\/Logo_LAQV-1024x1024.png 1024w, http:\/\/www.ket4f-gas.eu\/wp-content\/uploads\/2019\/05\/Logo_LAQV.png 1063w\" sizes=\"(max-width: 100px) 100vw, 100px\" \/><\/span><\/p>\n<\/td>\n<\/tr>\n<tr>\n<td style=\"width: 14.0878%;\"><img loading=\"lazy\" decoding=\"async\" class=\"aligncenter size-thumbnail wp-image-1145\" src=\"http:\/\/www.ket4f-gas.eu\/wp-content\/uploads\/2019\/05\/Graca-Martinho-150x150.jpg\" alt=\"\" width=\"150\" height=\"150\" \/><\/td>\n<td style=\"width: 66.9746%;\">\n<p align=\"center\"><span style=\"font-family: Arial, serif;\"><span lang=\"pt-PT\"><strong>Gra\u00e7a Martinho<\/strong><br \/><\/span><\/span>Membre de l&#8217;\u00e9quipe de recherche<\/p>\n<\/td>\n<td style=\"width: 17.7829%;\"><img loading=\"lazy\" decoding=\"async\" class=\"aligncenter wp-image-1155\" src=\"http:\/\/www.ket4f-gas.eu\/wp-content\/uploads\/2019\/05\/MARE_logo-1.png\" alt=\"\" width=\"200\" height=\"88\" srcset=\"http:\/\/www.ket4f-gas.eu\/wp-content\/uploads\/2019\/05\/MARE_logo-1.png 339w, http:\/\/www.ket4f-gas.eu\/wp-content\/uploads\/2019\/05\/MARE_logo-1-300x132.png 300w\" sizes=\"(max-width: 200px) 100vw, 200px\" \/><\/td>\n<\/tr>\n<tr>\n<td style=\"width: 14.0878%;\"><img loading=\"lazy\" decoding=\"async\" class=\"aligncenter size-thumbnail wp-image-1146\" src=\"http:\/\/www.ket4f-gas.eu\/wp-content\/uploads\/2019\/05\/Lia-Vasconcelos-150x150.png\" alt=\"\" width=\"150\" height=\"150\" srcset=\"http:\/\/www.ket4f-gas.eu\/wp-content\/uploads\/2019\/05\/Lia-Vasconcelos-150x150.png 150w, http:\/\/www.ket4f-gas.eu\/wp-content\/uploads\/2019\/05\/Lia-Vasconcelos-300x300.png 300w, http:\/\/www.ket4f-gas.eu\/wp-content\/uploads\/2019\/05\/Lia-Vasconcelos.png 360w\" sizes=\"(max-width: 150px) 100vw, 150px\" \/><\/td>\n<td style=\"width: 66.9746%;\">\n<p align=\"center\"><span style=\"font-family: Arial, serif;\"><span lang=\"pt-PT\"><strong>Lia Vasconcelos<\/strong><br \/><\/span><\/span>Membre de l&#8217;\u00e9quipe de recherche<\/p>\n<\/td>\n<td style=\"width: 17.7829%;\">\n<p align=\"center\"><span style=\"font-family: Arial, serif;\"><img loading=\"lazy\" decoding=\"async\" class=\"aligncenter wp-image-1155\" src=\"http:\/\/www.ket4f-gas.eu\/wp-content\/uploads\/2019\/05\/MARE_logo-1.png\" alt=\"\" width=\"200\" height=\"88\" srcset=\"http:\/\/www.ket4f-gas.eu\/wp-content\/uploads\/2019\/05\/MARE_logo-1.png 339w, http:\/\/www.ket4f-gas.eu\/wp-content\/uploads\/2019\/05\/MARE_logo-1-300x132.png 300w\" sizes=\"(max-width: 200px) 100vw, 200px\" \/><\/span><\/p>\n<\/td>\n<\/tr>\n<tr>\n<td style=\"width: 14.0878%;\"><img loading=\"lazy\" decoding=\"async\" class=\"aligncenter size-thumbnail wp-image-1147\" src=\"http:\/\/www.ket4f-gas.eu\/wp-content\/uploads\/2019\/05\/Pedro-Antunes-Santos-150x150.jpg\" alt=\"\" width=\"150\" height=\"150\" \/><\/td>\n<td style=\"width: 66.9746%;\">\n<p align=\"center\"><span style=\"font-family: Arial, serif;\"><span lang=\"pt-PT\"><strong>Pedro Antunes Santos<\/strong><br \/><\/span><\/span>Membre de l&#8217;\u00e9quipe de recherche<\/p>\n<\/td>\n<td style=\"width: 17.7829%;\">\n<p align=\"center\"><span style=\"font-family: Arial, serif;\"><img loading=\"lazy\" decoding=\"async\" class=\"aligncenter wp-image-1155\" src=\"http:\/\/www.ket4f-gas.eu\/wp-content\/uploads\/2019\/05\/MARE_logo-1.png\" alt=\"\" width=\"200\" height=\"88\" srcset=\"http:\/\/www.ket4f-gas.eu\/wp-content\/uploads\/2019\/05\/MARE_logo-1.png 339w, http:\/\/www.ket4f-gas.eu\/wp-content\/uploads\/2019\/05\/MARE_logo-1-300x132.png 300w\" sizes=\"(max-width: 200px) 100vw, 200px\" \/><\/span><\/p>\n<\/td>\n<\/tr>\n<tr>\n<td style=\"width: 14.0878%;\"><img loading=\"lazy\" decoding=\"async\" class=\"aligncenter size-thumbnail wp-image-1149\" src=\"http:\/\/www.ket4f-gas.eu\/wp-content\/uploads\/2019\/05\/Ana-Gomes-150x150.jpg\" alt=\"\" width=\"150\" height=\"150\" \/><\/td>\n<td style=\"width: 66.9746%;\">\n<p align=\"center\"><span style=\"font-family: Arial, serif;\"><span lang=\"pt-PT\"><strong>Ana Gomes<\/strong><br \/><\/span><\/span>Membre de l&#8217;\u00e9quipe de recherche<\/p>\n<\/td>\n<td style=\"width: 17.7829%;\">\n<p align=\"center\"><span style=\"font-family: Arial, serif;\"><img loading=\"lazy\" decoding=\"async\" class=\"aligncenter wp-image-1155\" src=\"http:\/\/www.ket4f-gas.eu\/wp-content\/uploads\/2019\/05\/MARE_logo-1.png\" alt=\"\" width=\"200\" height=\"88\" srcset=\"http:\/\/www.ket4f-gas.eu\/wp-content\/uploads\/2019\/05\/MARE_logo-1.png 339w, http:\/\/www.ket4f-gas.eu\/wp-content\/uploads\/2019\/05\/MARE_logo-1-300x132.png 300w\" sizes=\"(max-width: 200px) 100vw, 200px\" \/><\/span><\/p>\n<\/td>\n<\/tr>\n<tr>\n<td style=\"width: 14.0878%;\"><img loading=\"lazy\" decoding=\"async\" class=\"aligncenter size-thumbnail wp-image-1150\" src=\"http:\/\/www.ket4f-gas.eu\/wp-content\/uploads\/2019\/05\/Ana-Pires-150x150.png\" alt=\"\" width=\"150\" height=\"150\" \/><\/td>\n<td style=\"width: 66.9746%;\">\n<p align=\"center\"><span style=\"font-family: Arial, serif;\"><span lang=\"pt-PT\"><strong>Ana Pires<\/strong><br \/><\/span><\/span>Membre de l&#8217;\u00e9quipe de recherche<\/p>\n<\/td>\n<td style=\"width: 17.7829%;\">\n<p align=\"center\"><span style=\"font-family: Arial, serif;\"><img loading=\"lazy\" decoding=\"async\" class=\"aligncenter wp-image-1155\" src=\"http:\/\/www.ket4f-gas.eu\/wp-content\/uploads\/2019\/05\/MARE_logo-1.png\" alt=\"\" width=\"200\" height=\"88\" srcset=\"http:\/\/www.ket4f-gas.eu\/wp-content\/uploads\/2019\/05\/MARE_logo-1.png 339w, http:\/\/www.ket4f-gas.eu\/wp-content\/uploads\/2019\/05\/MARE_logo-1-300x132.png 300w\" sizes=\"(max-width: 200px) 100vw, 200px\" \/><\/span><\/p>\n<\/td>\n<\/tr>\n<tr>\n<td style=\"width: 14.0878%;\"><img loading=\"lazy\" decoding=\"async\" class=\"aligncenter size-thumbnail wp-image-1151\" src=\"http:\/\/www.ket4f-gas.eu\/wp-content\/uploads\/2019\/05\/Mario-Ramos-150x150.jpg\" alt=\"\" width=\"150\" height=\"150\" \/><\/td>\n<td style=\"width: 66.9746%;\">\n<p align=\"center\"><span style=\"font-family: Arial, serif;\"><span lang=\"pt-PT\"><strong>Mario Ramos<\/strong><br \/><\/span><\/span>Membre de l&#8217;\u00e9quipe de recherche<\/p>\n<\/td>\n<td style=\"width: 17.7829%;\">\n<p align=\"center\"><span style=\"font-family: Arial, serif;\"><img loading=\"lazy\" decoding=\"async\" class=\"aligncenter wp-image-1155\" src=\"http:\/\/www.ket4f-gas.eu\/wp-content\/uploads\/2019\/05\/MARE_logo-1.png\" alt=\"\" width=\"200\" height=\"88\" srcset=\"http:\/\/www.ket4f-gas.eu\/wp-content\/uploads\/2019\/05\/MARE_logo-1.png 339w, http:\/\/www.ket4f-gas.eu\/wp-content\/uploads\/2019\/05\/MARE_logo-1-300x132.png 300w\" sizes=\"(max-width: 200px) 100vw, 200px\" \/><\/span><\/p>\n<\/td>\n<\/tr>\n<tr>\n<td style=\"width: 14.0878%;\"><img loading=\"lazy\" decoding=\"async\" class=\"aligncenter size-thumbnail wp-image-1152\" src=\"http:\/\/www.ket4f-gas.eu\/wp-content\/uploads\/2019\/05\/Fl\u00e1via-Silva-150x150.jpg\" alt=\"\" width=\"150\" height=\"150\" \/><\/td>\n<td style=\"width: 66.9746%;\">\n<p align=\"center\"><span style=\"font-family: Arial, serif;\"><span lang=\"pt-PT\"><strong>Fl\u00e1via Silva<\/strong><br \/><\/span><\/span>Membre de l&#8217;\u00e9quipe de recherche<\/p>\n<\/td>\n<td style=\"width: 17.7829%;\">\n<p align=\"center\"><span style=\"font-family: Arial, serif;\"><img loading=\"lazy\" decoding=\"async\" class=\"aligncenter wp-image-1155\" src=\"http:\/\/www.ket4f-gas.eu\/wp-content\/uploads\/2019\/05\/MARE_logo-1.png\" alt=\"\" width=\"200\" height=\"88\" srcset=\"http:\/\/www.ket4f-gas.eu\/wp-content\/uploads\/2019\/05\/MARE_logo-1.png 339w, http:\/\/www.ket4f-gas.eu\/wp-content\/uploads\/2019\/05\/MARE_logo-1-300x132.png 300w\" sizes=\"(max-width: 200px) 100vw, 200px\" \/><\/span><\/p>\n<\/td>\n<\/tr>\n<\/tbody>\n<\/table>\n<p>\u00a0<\/p>\n<p>[\/et_pb_text][\/et_pb_column][\/et_pb_row][\/et_pb_section]<\/p>\n","protected":false},"excerpt":{"rendered":"<p>Portugal Ana Bel\u00e9n Pereiro Jo\u00e3o Araujo FCT NOVA La Facult\u00e9 des Sciences et Technologie (FCT NOVA), de l\u2019Universit\u00e9 NOVA de Lisbonne, est l\u2019une des plus prestigieuses \u00e9coles d\u2019ing\u00e9nierie et de [&hellip;]<\/p>\n","protected":false},"author":5,"featured_media":0,"parent":0,"menu_order":0,"comment_status":"closed","ping_status":"closed","template":"","meta":{"_et_pb_use_builder":"on","_et_pb_old_content":"","_et_gb_content_width":"","footnotes":""},"class_list":["post-721","page","type-page","status-publish","hentry"],"_links":{"self":[{"href":"http:\/\/www.ket4f-gas.eu\/index.php?rest_route=\/wp\/v2\/pages\/721","targetHints":{"allow":["GET"]}}],"collection":[{"href":"http:\/\/www.ket4f-gas.eu\/index.php?rest_route=\/wp\/v2\/pages"}],"about":[{"href":"http:\/\/www.ket4f-gas.eu\/index.php?rest_route=\/wp\/v2\/types\/page"}],"author":[{"embeddable":true,"href":"http:\/\/www.ket4f-gas.eu\/index.php?rest_route=\/wp\/v2\/users\/5"}],"replies":[{"embeddable":true,"href":"http:\/\/www.ket4f-gas.eu\/index.php?rest_route=%2Fwp%2Fv2%2Fcomments&post=721"}],"version-history":[{"count":4,"href":"http:\/\/www.ket4f-gas.eu\/index.php?rest_route=\/wp\/v2\/pages\/721\/revisions"}],"predecessor-version":[{"id":2006,"href":"http:\/\/www.ket4f-gas.eu\/index.php?rest_route=\/wp\/v2\/pages\/721\/revisions\/2006"}],"wp:attachment":[{"href":"http:\/\/www.ket4f-gas.eu\/index.php?rest_route=%2Fwp%2Fv2%2Fmedia&parent=721"}],"curies":[{"name":"wp","href":"https:\/\/api.w.org\/{rel}","templated":true}]}}