{"id":725,"date":"2018-11-12T08:53:42","date_gmt":"2018-11-12T08:53:42","guid":{"rendered":"http:\/\/www.ket4f-gas.eu\/?page_id=725"},"modified":"2018-11-12T08:53:42","modified_gmt":"2018-11-12T08:53:42","slug":"feuga-fr","status":"publish","type":"page","link":"http:\/\/www.ket4f-gas.eu\/?page_id=725&lang=fr","title":{"rendered":"FEUGA fr"},"content":{"rendered":"<p>[et_pb_section bb_built=&#8221;1&#8243;][et_pb_row][et_pb_column type=&#8221;1_4&#8243;][et_pb_image _builder_version=&#8221;3.7.1&#8243; src=&#8221;http:\/\/www.ket4f-gas.eu\/wp-content\/uploads\/2018\/08\/10-17-43-0.admin_.lgo_feuga.jpg&#8221; \/][et_pb_text _builder_version=&#8221;3.7.1&#8243;]<\/p>\n<p>Spain<img loading=\"lazy\" decoding=\"async\" class=\"wp-image-397 alignleft\" style=\"margin-top: 1px;\" src=\"http:\/\/www.ket4f-gas.eu\/wp-content\/uploads\/2018\/08\/Spain_flags.png\" alt=\"\" width=\"20\" height=\"20\" \/><\/p>\n<p><a href=\"http:\/\/www.feuga.es\/es\/\" target=\"_blank\" rel=\"noopener\">Website: http:\/\/www.feuga.es\/es\/<\/a><\/p>\n<p><a href=\"mailto:rdieguez@feuga.es\" target=\"_blank\" rel=\"noopener\">Rebeca Di\u00e9guez<\/a><img loading=\"lazy\" decoding=\"async\" class=\"wp-image-394 alignleft\" style=\"margin-top: 1px;\" src=\"http:\/\/www.ket4f-gas.eu\/wp-content\/uploads\/2018\/08\/email.png\" alt=\"\" width=\"25\" height=\"25\" \/><\/p>\n<p>[\/et_pb_text][\/et_pb_column][et_pb_column type=&#8221;3_4&#8243;][et_pb_text _builder_version=&#8221;3.7.1&#8243;]<\/p>\n<h3><span style=\"color: #ff9900;\"><strong>FEUGA<\/strong><\/span><\/h3>\n<p style=\"text-align: justify;\">La Fondation Entreprise-Universit\u00e9 Galicienne (FEUGA) est une organisation \u00e0 but non lucratif et de droit priv\u00e9, sp\u00e9cialis\u00e9e dans le transfert de connaissances, d&#8217;innovation et de technologies du syst\u00e8me universitaire de Galice au monde de l\u00b4entreprise et \u00e0 la soci\u00e9t\u00e9 en g\u00e9n\u00e9ral.<\/p>\n<p style=\"text-align: justify;\">Ses membres fondateurs sont les trois universit\u00e9s galiciennes (Universit\u00e9 de Santiago-de-Compostela, Universit\u00e9 de Vigo, Universit\u00e9 de La Coru\u00f1a) et les plus prestigieuses institutions publiques et entreprises priv\u00e9es de Galice.<\/p>\n<p style=\"text-align: justify;\">FEUGA est \u00e9galement l\u2019office de transfert de technologie des trois universit\u00e9s de Galice et est partenaire de nombreux r\u00e9seaux technologiques en Europe.<\/p>\n<p>[\/et_pb_text][\/et_pb_column][\/et_pb_row][\/et_pb_section]<\/p>\n","protected":false},"excerpt":{"rendered":"<p><div class=\"et_pb_row et_pb_row_0 et_pb_row_empty\">\n\t\t\t\t\n\t\t\t\t\n\t\t\t\t\n\t\t\t\t\n\t\t\t\t\n\t\t\t<\/div> Spain Website: http:\/\/www.feuga.es\/es\/ Rebeca Di\u00e9guez FEUGA La Fondation Entreprise-Universit\u00e9 Galicienne (FEUGA) est une organisation \u00e0 but non lucratif et de droit priv\u00e9, sp\u00e9cialis\u00e9e dans le transfert de connaissances, d&#8217;innovation [&hellip;]<\/p>\n","protected":false},"author":5,"featured_media":0,"parent":0,"menu_order":0,"comment_status":"closed","ping_status":"closed","template":"","meta":{"_et_pb_use_builder":"on","_et_pb_old_content":"","_et_gb_content_width":"","footnotes":""},"class_list":["post-725","page","type-page","status-publish","hentry"],"_links":{"self":[{"href":"http:\/\/www.ket4f-gas.eu\/index.php?rest_route=\/wp\/v2\/pages\/725","targetHints":{"allow":["GET"]}}],"collection":[{"href":"http:\/\/www.ket4f-gas.eu\/index.php?rest_route=\/wp\/v2\/pages"}],"about":[{"href":"http:\/\/www.ket4f-gas.eu\/index.php?rest_route=\/wp\/v2\/types\/page"}],"author":[{"embeddable":true,"href":"http:\/\/www.ket4f-gas.eu\/index.php?rest_route=\/wp\/v2\/users\/5"}],"replies":[{"embeddable":true,"href":"http:\/\/www.ket4f-gas.eu\/index.php?rest_route=%2Fwp%2Fv2%2Fcomments&post=725"}],"version-history":[{"count":1,"href":"http:\/\/www.ket4f-gas.eu\/index.php?rest_route=\/wp\/v2\/pages\/725\/revisions"}],"predecessor-version":[{"id":726,"href":"http:\/\/www.ket4f-gas.eu\/index.php?rest_route=\/wp\/v2\/pages\/725\/revisions\/726"}],"wp:attachment":[{"href":"http:\/\/www.ket4f-gas.eu\/index.php?rest_route=%2Fwp%2Fv2%2Fmedia&parent=725"}],"curies":[{"name":"wp","href":"https:\/\/api.w.org\/{rel}","templated":true}]}}