{"id":754,"date":"2018-11-12T10:38:07","date_gmt":"2018-11-12T10:38:07","guid":{"rendered":"http:\/\/www.ket4f-gas.eu\/?page_id=754"},"modified":"2018-11-12T10:38:07","modified_gmt":"2018-11-12T10:38:07","slug":"apria-system-es","status":"publish","type":"page","link":"http:\/\/www.ket4f-gas.eu\/?page_id=754&lang=es","title":{"rendered":"APRIA System es"},"content":{"rendered":"<p>[et_pb_section bb_built=&#8221;1&#8243;][et_pb_row][et_pb_column type=&#8221;1_4&#8243;][et_pb_image _builder_version=&#8221;3.7.1&#8243; src=&#8221;http:\/\/www.ket4f-gas.eu\/wp-content\/uploads\/2018\/08\/apria.png&#8221; \/][et_pb_text _builder_version=&#8221;3.7.1&#8243;]<\/p>\n<p>Spain<img loading=\"lazy\" decoding=\"async\" class=\"wp-image-397 alignleft\" style=\"margin-top: 1px;\" src=\"http:\/\/www.ket4f-gas.eu\/wp-content\/uploads\/2018\/08\/Spain_flags.png\" alt=\"\" width=\"20\" height=\"20\" \/><\/p>\n<p><a href=\"http:\/\/www.apriasystems.es\/\" target=\"_blank\" rel=\"noopener\">Website: http:\/\/www.apriasystems.es\/<\/a><\/p>\n<p><a href=\"mailto:esther.santos@apriasystems.es\" target=\"_blank\" rel=\"noopener\">Esther Santos<\/a><img loading=\"lazy\" decoding=\"async\" class=\"wp-image-394 alignleft\" style=\"margin-top: 1px;\" src=\"http:\/\/www.ket4f-gas.eu\/wp-content\/uploads\/2018\/08\/email.png\" alt=\"\" width=\"25\" height=\"25\" \/><\/p>\n<p>[\/et_pb_text][\/et_pb_column][et_pb_column type=&#8221;3_4&#8243;][et_pb_text _builder_version=&#8221;3.7.1&#8243;]<\/p>\n<h3><span style=\"color: #ff9900;\"><strong>APRIA Systems<\/strong><\/span><\/h3>\n<p style=\"text-align: justify;\">Fundada en 2006, APRIA Systems es una PYME innovadora, cuya actividad est\u00e1 fuertemente influida por acciones de I+D con las que ofrecer soluciones avanzadas mediante la aplicaci\u00f3n de tecnolog\u00edas de vanguardia basadas en procesos de oxidaci\u00f3n avanzada (POAs) y procesos de membrana (reconocida con el sello PYME innovadora por el Ministerio de Econom\u00eda y Competitividad del Gobierno de Espa\u00f1a).<\/p>\n<p style=\"text-align: justify;\">El personal de la empresa est\u00e1 compuesto por m\u00e1s de 10 ingenieros y doctores especializados en procesos de separaci\u00f3n, purificaci\u00f3n y valorizaci\u00f3n de corrientes. Su know-how se actualiza continuamente mediante la coordinaci\u00f3n\/participaci\u00f3n en diversos proyectos europeos (H2020 SME Instrument, Interreg, LIFE, etc.).<\/p>\n<p>[\/et_pb_text][\/et_pb_column][\/et_pb_row][\/et_pb_section]<\/p>\n","protected":false},"excerpt":{"rendered":"<p><div class=\"et_pb_row et_pb_row_0 et_pb_row_empty\">\n\t\t\t\t\n\t\t\t\t\n\t\t\t\t\n\t\t\t\t\n\t\t\t\t\n\t\t\t<\/div> Spain Website: http:\/\/www.apriasystems.es\/ Esther Santos APRIA Systems Fundada en 2006, APRIA Systems es una PYME innovadora, cuya actividad est\u00e1 fuertemente influida por acciones de I+D con las que ofrecer [&hellip;]<\/p>\n","protected":false},"author":5,"featured_media":0,"parent":0,"menu_order":0,"comment_status":"closed","ping_status":"closed","template":"","meta":{"_et_pb_use_builder":"on","_et_pb_old_content":"","_et_gb_content_width":"","footnotes":""},"class_list":["post-754","page","type-page","status-publish","hentry"],"_links":{"self":[{"href":"http:\/\/www.ket4f-gas.eu\/index.php?rest_route=\/wp\/v2\/pages\/754","targetHints":{"allow":["GET"]}}],"collection":[{"href":"http:\/\/www.ket4f-gas.eu\/index.php?rest_route=\/wp\/v2\/pages"}],"about":[{"href":"http:\/\/www.ket4f-gas.eu\/index.php?rest_route=\/wp\/v2\/types\/page"}],"author":[{"embeddable":true,"href":"http:\/\/www.ket4f-gas.eu\/index.php?rest_route=\/wp\/v2\/users\/5"}],"replies":[{"embeddable":true,"href":"http:\/\/www.ket4f-gas.eu\/index.php?rest_route=%2Fwp%2Fv2%2Fcomments&post=754"}],"version-history":[{"count":1,"href":"http:\/\/www.ket4f-gas.eu\/index.php?rest_route=\/wp\/v2\/pages\/754\/revisions"}],"predecessor-version":[{"id":755,"href":"http:\/\/www.ket4f-gas.eu\/index.php?rest_route=\/wp\/v2\/pages\/754\/revisions\/755"}],"wp:attachment":[{"href":"http:\/\/www.ket4f-gas.eu\/index.php?rest_route=%2Fwp%2Fv2%2Fmedia&parent=754"}],"curies":[{"name":"wp","href":"https:\/\/api.w.org\/{rel}","templated":true}]}}