{"id":756,"date":"2018-11-12T10:48:43","date_gmt":"2018-11-12T10:48:43","guid":{"rendered":"http:\/\/www.ket4f-gas.eu\/?page_id=756"},"modified":"2018-11-12T10:50:27","modified_gmt":"2018-11-12T10:50:27","slug":"fundecyt-pctex-2","status":"publish","type":"page","link":"http:\/\/www.ket4f-gas.eu\/?page_id=756&lang=es","title":{"rendered":"FUNDECYT-PCTEX es"},"content":{"rendered":"<p>[et_pb_section bb_built=&#8221;1&#8243;][et_pb_row][et_pb_column type=&#8221;1_4&#8243;][et_pb_image _builder_version=&#8221;3.7.1&#8243; src=&#8221;http:\/\/www.ket4f-gas.eu\/wp-content\/uploads\/2018\/08\/fundecyt.png&#8221; \/][et_pb_text _builder_version=&#8221;3.7.1&#8243;]<\/p>\n<p>Spain<img loading=\"lazy\" decoding=\"async\" class=\"wp-image-397 alignleft\" style=\"margin-top: 1px;\" src=\"http:\/\/www.ket4f-gas.eu\/wp-content\/uploads\/2018\/08\/Spain_flags.png\" alt=\"\" width=\"20\" height=\"20\" \/><\/p>\n<p><a href=\"http:\/\/fundecyt-pctex.es\" target=\"_blank\" rel=\"noopener\">Website: http:\/\/fundecyt-pctex.es\/<\/a><\/p>\n<p><a href=\"mailto:carmen.sanchez@fundecyt-pctex.es\" target=\"_blank\" rel=\"noopener\">Carmen S\u00e1nchez<\/a><img loading=\"lazy\" decoding=\"async\" class=\"wp-image-394 alignleft\" style=\"margin-top: 1px;\" src=\"http:\/\/www.ket4f-gas.eu\/wp-content\/uploads\/2018\/08\/email.png\" alt=\"\" width=\"25\" height=\"25\" \/><\/p>\n<p>[\/et_pb_text][\/et_pb_column][et_pb_column type=&#8221;3_4&#8243;][et_pb_text _builder_version=&#8221;3.7.1&#8243;]<\/p>\n<h3><span style=\"color: #ff9900;\"><strong>FUNDECYT-PCTEX<\/strong><\/span><\/h3>\n<p style=\"text-align: justify;\">La Fundaci\u00f3n FUNDECYT Parque Cient\u00edfico y Tecnol\u00f3gico de Extremadura es un organismo de Derecho p\u00fablico localizado en Extremadura (Espa\u00f1a), cuyo objetivo fundamental es contribuir al aprovechamiento socioecon\u00f3mico de la ciencia y la tecnolog\u00eda en la regi\u00f3n, apoyando y promoviendo el desarrollo cient\u00edfico y tecnol\u00f3gico y un mejor uso de los resultados de la investigaci\u00f3n y la innovaci\u00f3n.<\/p>\n<p style=\"text-align: justify;\">Como Parque Cient\u00edfico y Tecnol\u00f3gico de Extremadura, ofrece los espacios y los servicios necesarios para facilitar el intercambio de conocimiento, ciencia y tecnolog\u00eda en la regi\u00f3n. FUNDECYT-PCTEX alberga m\u00e1s de 90 empresas innovadoras en sus instalaciones y, adem\u00e1s de la asistencia brindada a las empresas alojadas, apoya a emprendedores y PYMES regionales para el desarrollo y la consolidaci\u00f3n de sus ideas de negocio.<\/p>\n<p style=\"text-align: justify;\">Adem\u00e1s, proporciona asistencia t\u00e9cnica al Gobierno Regional para el dise\u00f1o e implementaci\u00f3n de diversas pol\u00edticas, como la Estrategia de Especializaci\u00f3n Inteligente (RIS3), y trabaja en estrecha relaci\u00f3n con las empresas, la Universidad de Extremadura, Centros de I+D y otros agentes clave de la regi\u00f3n para fomentar la innovaci\u00f3n.<\/p>\n<p>[\/et_pb_text][\/et_pb_column][\/et_pb_row][\/et_pb_section]<\/p>\n","protected":false},"excerpt":{"rendered":"<p><div class=\"et_pb_row et_pb_row_0 et_pb_row_empty\">\n\t\t\t\t\n\t\t\t\t\n\t\t\t\t\n\t\t\t\t\n\t\t\t\t\n\t\t\t<\/div> Spain Website: http:\/\/fundecyt-pctex.es\/ Carmen S\u00e1nchez FUNDECYT-PCTEX La Fundaci\u00f3n FUNDECYT Parque Cient\u00edfico y Tecnol\u00f3gico de Extremadura es un organismo de Derecho p\u00fablico localizado en Extremadura (Espa\u00f1a), cuyo objetivo fundamental es [&hellip;]<\/p>\n","protected":false},"author":5,"featured_media":0,"parent":0,"menu_order":0,"comment_status":"closed","ping_status":"closed","template":"","meta":{"_et_pb_use_builder":"on","_et_pb_old_content":"","_et_gb_content_width":"","footnotes":""},"class_list":["post-756","page","type-page","status-publish","hentry"],"_links":{"self":[{"href":"http:\/\/www.ket4f-gas.eu\/index.php?rest_route=\/wp\/v2\/pages\/756","targetHints":{"allow":["GET"]}}],"collection":[{"href":"http:\/\/www.ket4f-gas.eu\/index.php?rest_route=\/wp\/v2\/pages"}],"about":[{"href":"http:\/\/www.ket4f-gas.eu\/index.php?rest_route=\/wp\/v2\/types\/page"}],"author":[{"embeddable":true,"href":"http:\/\/www.ket4f-gas.eu\/index.php?rest_route=\/wp\/v2\/users\/5"}],"replies":[{"embeddable":true,"href":"http:\/\/www.ket4f-gas.eu\/index.php?rest_route=%2Fwp%2Fv2%2Fcomments&post=756"}],"version-history":[{"count":2,"href":"http:\/\/www.ket4f-gas.eu\/index.php?rest_route=\/wp\/v2\/pages\/756\/revisions"}],"predecessor-version":[{"id":760,"href":"http:\/\/www.ket4f-gas.eu\/index.php?rest_route=\/wp\/v2\/pages\/756\/revisions\/760"}],"wp:attachment":[{"href":"http:\/\/www.ket4f-gas.eu\/index.php?rest_route=%2Fwp%2Fv2%2Fmedia&parent=756"}],"curies":[{"name":"wp","href":"https:\/\/api.w.org\/{rel}","templated":true}]}}