{"id":758,"date":"2018-11-12T10:50:04","date_gmt":"2018-11-12T10:50:04","guid":{"rendered":"http:\/\/www.ket4f-gas.eu\/?page_id=758"},"modified":"2019-05-17T10:35:40","modified_gmt":"2019-05-17T10:35:40","slug":"fundecyt-pctex-pt","status":"publish","type":"page","link":"http:\/\/www.ket4f-gas.eu\/?page_id=758&lang=pt","title":{"rendered":"FUNDECYT-PCTEX pt"},"content":{"rendered":"<p>[et_pb_section bb_built=&#8221;1&#8243; inner_width=&#8221;auto&#8221; inner_max_width=&#8221;none&#8221;][et_pb_row][et_pb_column type=&#8221;1_4&#8243;][et_pb_image _builder_version=&#8221;3.7.1&#8243; src=&#8221;http:\/\/www.ket4f-gas.eu\/wp-content\/uploads\/2018\/08\/fundecyt.png&#8221; \/][et_pb_text _builder_version=&#8221;3.7.1&#8243;]<\/p>\n<p>Spain<img loading=\"lazy\" decoding=\"async\" class=\"wp-image-397 alignleft\" style=\"margin-top: 1px;\" src=\"http:\/\/www.ket4f-gas.eu\/wp-content\/uploads\/2018\/08\/Spain_flags.png\" alt=\"\" width=\"20\" height=\"20\" \/><\/p>\n<p><a href=\"http:\/\/fundecyt-pctex.es\" target=\"_blank\" rel=\"noopener noreferrer\">Website: http:\/\/fundecyt-pctex.es\/<\/a><\/p>\n<p><a href=\"mailto:carmen.sanchez@fundecyt-pctex.es\" target=\"_blank\" rel=\"noopener noreferrer\">Carmen S\u00e1nchez<\/a><img loading=\"lazy\" decoding=\"async\" class=\"wp-image-394 alignleft\" style=\"margin-top: 1px;\" src=\"http:\/\/www.ket4f-gas.eu\/wp-content\/uploads\/2018\/08\/email.png\" alt=\"\" width=\"25\" height=\"25\" \/><\/p>\n<p>[\/et_pb_text][\/et_pb_column][et_pb_column type=&#8221;3_4&#8243;][et_pb_text _builder_version=&#8221;3.22.7&#8243; text_text_shadow_horizontal_length=&#8221;text_text_shadow_style,%91object Object%93&#8243; text_text_shadow_vertical_length=&#8221;text_text_shadow_style,%91object Object%93&#8243; text_text_shadow_blur_strength=&#8221;text_text_shadow_style,%91object Object%93&#8243; link_text_shadow_horizontal_length=&#8221;link_text_shadow_style,%91object Object%93&#8243; link_text_shadow_vertical_length=&#8221;link_text_shadow_style,%91object Object%93&#8243; link_text_shadow_blur_strength=&#8221;link_text_shadow_style,%91object Object%93&#8243; ul_text_shadow_horizontal_length=&#8221;ul_text_shadow_style,%91object Object%93&#8243; ul_text_shadow_vertical_length=&#8221;ul_text_shadow_style,%91object Object%93&#8243; ul_text_shadow_blur_strength=&#8221;ul_text_shadow_style,%91object Object%93&#8243; ol_text_shadow_horizontal_length=&#8221;ol_text_shadow_style,%91object Object%93&#8243; ol_text_shadow_vertical_length=&#8221;ol_text_shadow_style,%91object Object%93&#8243; ol_text_shadow_blur_strength=&#8221;ol_text_shadow_style,%91object Object%93&#8243; quote_text_shadow_horizontal_length=&#8221;quote_text_shadow_style,%91object Object%93&#8243; quote_text_shadow_vertical_length=&#8221;quote_text_shadow_style,%91object Object%93&#8243; quote_text_shadow_blur_strength=&#8221;quote_text_shadow_style,%91object Object%93&#8243; header_text_shadow_horizontal_length=&#8221;header_text_shadow_style,%91object Object%93&#8243; header_text_shadow_vertical_length=&#8221;header_text_shadow_style,%91object Object%93&#8243; header_text_shadow_blur_strength=&#8221;header_text_shadow_style,%91object Object%93&#8243; header_2_text_shadow_horizontal_length=&#8221;header_2_text_shadow_style,%91object Object%93&#8243; header_2_text_shadow_vertical_length=&#8221;header_2_text_shadow_style,%91object Object%93&#8243; header_2_text_shadow_blur_strength=&#8221;header_2_text_shadow_style,%91object Object%93&#8243; header_3_text_shadow_horizontal_length=&#8221;header_3_text_shadow_style,%91object Object%93&#8243; header_3_text_shadow_vertical_length=&#8221;header_3_text_shadow_style,%91object Object%93&#8243; header_3_text_shadow_blur_strength=&#8221;header_3_text_shadow_style,%91object Object%93&#8243; header_4_text_shadow_horizontal_length=&#8221;header_4_text_shadow_style,%91object Object%93&#8243; header_4_text_shadow_vertical_length=&#8221;header_4_text_shadow_style,%91object Object%93&#8243; header_4_text_shadow_blur_strength=&#8221;header_4_text_shadow_style,%91object Object%93&#8243; header_5_text_shadow_horizontal_length=&#8221;header_5_text_shadow_style,%91object Object%93&#8243; header_5_text_shadow_vertical_length=&#8221;header_5_text_shadow_style,%91object Object%93&#8243; header_5_text_shadow_blur_strength=&#8221;header_5_text_shadow_style,%91object Object%93&#8243; header_6_text_shadow_horizontal_length=&#8221;header_6_text_shadow_style,%91object Object%93&#8243; header_6_text_shadow_vertical_length=&#8221;header_6_text_shadow_style,%91object Object%93&#8243; header_6_text_shadow_blur_strength=&#8221;header_6_text_shadow_style,%91object Object%93&#8243; z_index_tablet=&#8221;500&#8243;]<\/p>\n<h3><span style=\"color: #ff9900;\"><strong>FUNDECYT-PCTEX<\/strong><\/span><\/h3>\n<p style=\"text-align: justify;\">A Funda\u00e7\u00e3o FUNDECYT &#8211; Parque Cient\u00edfico e Tecnol\u00f3gico da Extremadura \u00e9 uma institui\u00e7\u00e3o de direito p\u00fablico localizado na Extremadura (Espanha), cujo principal objetivo \u00e9 contribuir para o uso socio-econ\u00f3mico da ci\u00eancia e tecnologia na regi\u00e3o, apoiando e promovendo o desenvolvimento cient\u00edfico e tecnol\u00f3gico e um melhor aproveitamento dos resultados de investiga\u00e7\u00e3o e inova\u00e7\u00e3o.<\/p>\n<p style=\"text-align: justify;\">Como Parque Cient\u00edfico e Tecnol\u00f3gico da Extremadura, oferece os espa\u00e7os e servi\u00e7os necess\u00e1rios para facilitar o interc\u00e2mbio de conhecimento, ci\u00eancia e tecnologia na regi\u00e3o. A FUNDECYT-PCTEX abriga mais de 90 empresas inovadoras nas suas instala\u00e7\u00f5es e, al\u00e9m da assist\u00eancia prestada \u00e0s empresas hospedadas, apoia empreendedores e PMEs regionais para o desenvolvimento e consolida\u00e7\u00e3o das suas ideias de neg\u00f3cios.<\/p>\n<p style=\"text-align: justify;\">Al\u00e9m disso, fornece assist\u00eancia t\u00e9cnica ao Governo Regional para a concep\u00e7\u00e3o e implementa\u00e7\u00e3o de v\u00e1rias pol\u00edticas, como a estrat\u00e9gia de especializa\u00e7\u00e3o inteligente (RIS3), e trabalha em estreita colabora\u00e7\u00e3o com empresas, com a Universidade da Extremadura, e com centros de I&#038;D e outros agentes-chave da regi\u00e3o, para incentivar a inova\u00e7\u00e3o.<\/p>\n<p>[\/et_pb_text][\/et_pb_column][\/et_pb_row][\/et_pb_section]<\/p>\n","protected":false},"excerpt":{"rendered":"<p><div class=\"et_pb_row et_pb_row_0 et_pb_row_empty\">\n\t\t\t\t\n\t\t\t\t\n\t\t\t\t\n\t\t\t\t\n\t\t\t\t\n\t\t\t<\/div> Spain Website: http:\/\/fundecyt-pctex.es\/ Carmen S\u00e1nchez FUNDECYT-PCTEX A Funda\u00e7\u00e3o FUNDECYT &#8211; Parque Cient\u00edfico e Tecnol\u00f3gico da Extremadura \u00e9 uma institui\u00e7\u00e3o de direito p\u00fablico localizado na Extremadura (Espanha), cujo principal objetivo [&hellip;]<\/p>\n","protected":false},"author":5,"featured_media":0,"parent":0,"menu_order":0,"comment_status":"closed","ping_status":"closed","template":"","meta":{"_et_pb_use_builder":"on","_et_pb_old_content":"","_et_gb_content_width":"","footnotes":""},"class_list":["post-758","page","type-page","status-publish","hentry"],"_links":{"self":[{"href":"http:\/\/www.ket4f-gas.eu\/index.php?rest_route=\/wp\/v2\/pages\/758","targetHints":{"allow":["GET"]}}],"collection":[{"href":"http:\/\/www.ket4f-gas.eu\/index.php?rest_route=\/wp\/v2\/pages"}],"about":[{"href":"http:\/\/www.ket4f-gas.eu\/index.php?rest_route=\/wp\/v2\/types\/page"}],"author":[{"embeddable":true,"href":"http:\/\/www.ket4f-gas.eu\/index.php?rest_route=\/wp\/v2\/users\/5"}],"replies":[{"embeddable":true,"href":"http:\/\/www.ket4f-gas.eu\/index.php?rest_route=%2Fwp%2Fv2%2Fcomments&post=758"}],"version-history":[{"count":3,"href":"http:\/\/www.ket4f-gas.eu\/index.php?rest_route=\/wp\/v2\/pages\/758\/revisions"}],"predecessor-version":[{"id":1287,"href":"http:\/\/www.ket4f-gas.eu\/index.php?rest_route=\/wp\/v2\/pages\/758\/revisions\/1287"}],"wp:attachment":[{"href":"http:\/\/www.ket4f-gas.eu\/index.php?rest_route=%2Fwp%2Fv2%2Fmedia&parent=758"}],"curies":[{"name":"wp","href":"https:\/\/api.w.org\/{rel}","templated":true}]}}