{"id":765,"date":"2018-11-12T10:55:27","date_gmt":"2018-11-12T10:55:27","guid":{"rendered":"http:\/\/www.ket4f-gas.eu\/?page_id=765"},"modified":"2019-05-17T10:36:56","modified_gmt":"2019-05-17T10:36:56","slug":"interlun-pt","status":"publish","type":"page","link":"http:\/\/www.ket4f-gas.eu\/?page_id=765&lang=pt","title":{"rendered":"INTERLUN pt"},"content":{"rendered":"<p>[et_pb_section bb_built=&#8221;1&#8243; inner_width=&#8221;auto&#8221; inner_max_width=&#8221;none&#8221;][et_pb_row][et_pb_column type=&#8221;1_4&#8243;][et_pb_image _builder_version=&#8221;3.7.1&#8243; src=&#8221;http:\/\/www.ket4f-gas.eu\/wp-content\/uploads\/2018\/08\/LOGO-INTERLUN.png&#8221; \/][et_pb_text _builder_version=&#8221;3.7.1&#8243;]<\/p>\n<p>Spain<img loading=\"lazy\" decoding=\"async\" class=\"wp-image-397 alignleft\" style=\"margin-top: 1px;\" src=\"http:\/\/www.ket4f-gas.eu\/wp-content\/uploads\/2018\/08\/Spain_flags.png\" alt=\"\" width=\"20\" height=\"20\" \/><\/p>\n<p><a href=\"http:\/\/www.interlun.es\/\" target=\"_blank\" rel=\"noopener noreferrer\">Website: http:\/\/www.interlun.es\/<\/a><\/p>\n<p><a href=\"mailto:miguel@interlun.es\" target=\"_blank\" rel=\"noopener noreferrer\">Miguel Canal<\/a><img loading=\"lazy\" decoding=\"async\" class=\"wp-image-394 alignleft\" style=\"margin-top: 1px;\" src=\"http:\/\/www.ket4f-gas.eu\/wp-content\/uploads\/2018\/08\/email.png\" alt=\"\" width=\"25\" height=\"25\" \/><\/p>\n<p>[\/et_pb_text][\/et_pb_column][et_pb_column type=&#8221;3_4&#8243;][et_pb_text _builder_version=&#8221;3.22.7&#8243; text_text_shadow_horizontal_length=&#8221;text_text_shadow_style,%91object Object%93&#8243; text_text_shadow_vertical_length=&#8221;text_text_shadow_style,%91object Object%93&#8243; text_text_shadow_blur_strength=&#8221;text_text_shadow_style,%91object Object%93&#8243; link_text_shadow_horizontal_length=&#8221;link_text_shadow_style,%91object Object%93&#8243; link_text_shadow_vertical_length=&#8221;link_text_shadow_style,%91object Object%93&#8243; link_text_shadow_blur_strength=&#8221;link_text_shadow_style,%91object Object%93&#8243; ul_text_shadow_horizontal_length=&#8221;ul_text_shadow_style,%91object Object%93&#8243; ul_text_shadow_vertical_length=&#8221;ul_text_shadow_style,%91object Object%93&#8243; ul_text_shadow_blur_strength=&#8221;ul_text_shadow_style,%91object Object%93&#8243; ol_text_shadow_horizontal_length=&#8221;ol_text_shadow_style,%91object Object%93&#8243; ol_text_shadow_vertical_length=&#8221;ol_text_shadow_style,%91object Object%93&#8243; ol_text_shadow_blur_strength=&#8221;ol_text_shadow_style,%91object Object%93&#8243; quote_text_shadow_horizontal_length=&#8221;quote_text_shadow_style,%91object Object%93&#8243; quote_text_shadow_vertical_length=&#8221;quote_text_shadow_style,%91object Object%93&#8243; quote_text_shadow_blur_strength=&#8221;quote_text_shadow_style,%91object Object%93&#8243; header_text_shadow_horizontal_length=&#8221;header_text_shadow_style,%91object Object%93&#8243; header_text_shadow_vertical_length=&#8221;header_text_shadow_style,%91object Object%93&#8243; header_text_shadow_blur_strength=&#8221;header_text_shadow_style,%91object Object%93&#8243; header_2_text_shadow_horizontal_length=&#8221;header_2_text_shadow_style,%91object Object%93&#8243; header_2_text_shadow_vertical_length=&#8221;header_2_text_shadow_style,%91object Object%93&#8243; header_2_text_shadow_blur_strength=&#8221;header_2_text_shadow_style,%91object Object%93&#8243; header_3_text_shadow_horizontal_length=&#8221;header_3_text_shadow_style,%91object Object%93&#8243; header_3_text_shadow_vertical_length=&#8221;header_3_text_shadow_style,%91object Object%93&#8243; header_3_text_shadow_blur_strength=&#8221;header_3_text_shadow_style,%91object Object%93&#8243; header_4_text_shadow_horizontal_length=&#8221;header_4_text_shadow_style,%91object Object%93&#8243; header_4_text_shadow_vertical_length=&#8221;header_4_text_shadow_style,%91object Object%93&#8243; header_4_text_shadow_blur_strength=&#8221;header_4_text_shadow_style,%91object Object%93&#8243; header_5_text_shadow_horizontal_length=&#8221;header_5_text_shadow_style,%91object Object%93&#8243; header_5_text_shadow_vertical_length=&#8221;header_5_text_shadow_style,%91object Object%93&#8243; header_5_text_shadow_blur_strength=&#8221;header_5_text_shadow_style,%91object Object%93&#8243; header_6_text_shadow_horizontal_length=&#8221;header_6_text_shadow_style,%91object Object%93&#8243; header_6_text_shadow_vertical_length=&#8221;header_6_text_shadow_style,%91object Object%93&#8243; header_6_text_shadow_blur_strength=&#8221;header_6_text_shadow_style,%91object Object%93&#8243; z_index_tablet=&#8221;500&#8243;]<\/p>\n<h3><span style=\"color: #ff9900;\"><strong>INTERLUN<\/strong><\/span><\/h3>\n<p style=\"text-align: justify;\">Interlun S.L. \u00e9 uma empresa l\u00edder no setor de gest\u00e3o de res\u00edduos e pioneira no tratamento de res\u00edduos sanit\u00e1rios. Todos os servi\u00e7os s\u00e3o realizados com o m\u00e1ximo de respeito e cuidado com o meio ambiente e com a prote\u00e7\u00e3o das pessoas.<\/p>\n<p style=\"text-align: justify;\">Com mais de 25 anos de experi\u00eancia, possui uma ampla infraestrutura multidisciplinar capaz de oferecer um servi\u00e7o da mais alta qualidade ao menor custo. Al\u00e9m disso, disp\u00f5e de um departamento de I&#038;D que desenvolve constantemente novas tecnologias que contribuem para a melhoria cont\u00ednua do servi\u00e7o prestado.<\/p>\n<p>[\/et_pb_text][\/et_pb_column][\/et_pb_row][\/et_pb_section]<\/p>\n","protected":false},"excerpt":{"rendered":"<p><div class=\"et_pb_row et_pb_row_0 et_pb_row_empty\">\n\t\t\t\t\n\t\t\t\t\n\t\t\t\t\n\t\t\t\t\n\t\t\t\t\n\t\t\t<\/div> Spain Website: http:\/\/www.interlun.es\/ Miguel Canal INTERLUN Interlun S.L. \u00e9 uma empresa l\u00edder no setor de gest\u00e3o de res\u00edduos e pioneira no tratamento de res\u00edduos sanit\u00e1rios. Todos os servi\u00e7os s\u00e3o [&hellip;]<\/p>\n","protected":false},"author":5,"featured_media":0,"parent":0,"menu_order":0,"comment_status":"closed","ping_status":"closed","template":"","meta":{"_et_pb_use_builder":"on","_et_pb_old_content":"","_et_gb_content_width":"","footnotes":""},"class_list":["post-765","page","type-page","status-publish","hentry"],"_links":{"self":[{"href":"http:\/\/www.ket4f-gas.eu\/index.php?rest_route=\/wp\/v2\/pages\/765","targetHints":{"allow":["GET"]}}],"collection":[{"href":"http:\/\/www.ket4f-gas.eu\/index.php?rest_route=\/wp\/v2\/pages"}],"about":[{"href":"http:\/\/www.ket4f-gas.eu\/index.php?rest_route=\/wp\/v2\/types\/page"}],"author":[{"embeddable":true,"href":"http:\/\/www.ket4f-gas.eu\/index.php?rest_route=\/wp\/v2\/users\/5"}],"replies":[{"embeddable":true,"href":"http:\/\/www.ket4f-gas.eu\/index.php?rest_route=%2Fwp%2Fv2%2Fcomments&post=765"}],"version-history":[{"count":3,"href":"http:\/\/www.ket4f-gas.eu\/index.php?rest_route=\/wp\/v2\/pages\/765\/revisions"}],"predecessor-version":[{"id":1290,"href":"http:\/\/www.ket4f-gas.eu\/index.php?rest_route=\/wp\/v2\/pages\/765\/revisions\/1290"}],"wp:attachment":[{"href":"http:\/\/www.ket4f-gas.eu\/index.php?rest_route=%2Fwp%2Fv2%2Fmedia&parent=765"}],"curies":[{"name":"wp","href":"https:\/\/api.w.org\/{rel}","templated":true}]}}