{"id":792,"date":"2018-11-12T11:10:19","date_gmt":"2018-11-12T11:10:19","guid":{"rendered":"http:\/\/www.ket4f-gas.eu\/?page_id=792"},"modified":"2018-11-12T11:10:19","modified_gmt":"2018-11-12T11:10:19","slug":"uvigo-es","status":"publish","type":"page","link":"http:\/\/www.ket4f-gas.eu\/?page_id=792&lang=es","title":{"rendered":"UVIGO es"},"content":{"rendered":"<p>[et_pb_section bb_built=&#8221;1&#8243;][et_pb_row][et_pb_column type=&#8221;1_4&#8243;][et_pb_image _builder_version=&#8221;3.7.1&#8243; src=&#8221;http:\/\/www.ket4f-gas.eu\/wp-content\/uploads\/2018\/08\/logotipouniversidadedevigo.png&#8221; \/][et_pb_text _builder_version=&#8221;3.7.1&#8243;]<\/p>\n<p>Spain<img loading=\"lazy\" decoding=\"async\" class=\"wp-image-397 alignleft\" style=\"margin-top: 1px;\" src=\"http:\/\/www.ket4f-gas.eu\/wp-content\/uploads\/2018\/08\/Spain_flags.png\" alt=\"\" width=\"20\" height=\"20\" \/><\/p>\n<p><a href=\"https:\/\/www.uvigo.gal\/\" target=\"_blank\" rel=\"noopener\">Website: https:\/\/www.uvigo.gal\/<\/a><\/p>\n<p><a href=\"mailto:manumar@uvigo.es\" target=\"_blank\" rel=\"noopener\">Manuel Mart\u00ednez<\/a><img loading=\"lazy\" decoding=\"async\" class=\"wp-image-394 alignleft\" style=\"margin-top: 1px;\" src=\"http:\/\/www.ket4f-gas.eu\/wp-content\/uploads\/2018\/08\/email.png\" alt=\"\" width=\"25\" height=\"25\" \/><\/p>\n<p>[\/et_pb_text][\/et_pb_column][et_pb_column type=&#8221;3_4&#8243;][et_pb_text _builder_version=&#8221;3.7.1&#8243;]<\/p>\n<h3><span style=\"color: #ff9900;\"><strong>UVIGO<\/strong><\/span><\/h3>\n<p style=\"text-align: justify;\">La Universidad de Vigo es una instituci\u00f3n joven y din\u00e1mica que ofrece una excelente oferta de formaci\u00f3n acad\u00e9mica en los tres campus especializados e innovadores que la conforman. Est\u00e1 presente en los ayuntamientos de Ourense, Pontevedra y Vigo con tres campus especializados donde se pueden encontrar m\u00e1s de 30 centros de formaci\u00f3n e investigaci\u00f3n, adem\u00e1s de instalaciones para el deporte y el ocio, con un programa cultural continuo. Tambi\u00e9n dirige el Campus de Excelencia Internacional &#8211; Campus do Mar, que suma m\u00e1s de 3000 investigadores y constituye una red transfronteriza de investigaci\u00f3n y conocimiento con el mar como inspiraci\u00f3n y motor.<\/p>\n<p style=\"text-align: justify;\">En el campus se ofertan 125 t\u00edtulos oficiales de grado y m\u00e1ster, 36 programas de doctorado, t\u00edtulos de programaci\u00f3n conjunta y dobles titulaciones con universidades extranjeras. Tambi\u00e9n ofrece cientos de programas, eventos, talleres y cursos de idiomas y, por supuesto, un programa para adultos.<\/p>\n<p style=\"text-align: justify;\">La Universidad de Vigo se ha ido construyendo sobre fundamentos positivos, basados en la transparencia y una buena gesti\u00f3n, integraci\u00f3n, igualdad, diversidad y respeto por el medioambiente. Est\u00e1 enfocada en la especializaci\u00f3n e investigaci\u00f3n de calidad, y como instituci\u00f3n comprometida con el entorno social y econ\u00f3mico, la transferencia de conocimiento a la sociedad es fundamental para ella, por lo que busca revertir continuamente la investigaci\u00f3n en desarrollo social.<\/p>\n<p>[\/et_pb_text][\/et_pb_column][\/et_pb_row][\/et_pb_section]<\/p>\n","protected":false},"excerpt":{"rendered":"<p><div class=\"et_pb_row et_pb_row_0 et_pb_row_empty\">\n\t\t\t\t\n\t\t\t\t\n\t\t\t\t\n\t\t\t\t\n\t\t\t\t\n\t\t\t<\/div> Spain Website: https:\/\/www.uvigo.gal\/ Manuel Mart\u00ednez UVIGO La Universidad de Vigo es una instituci\u00f3n joven y din\u00e1mica que ofrece una excelente oferta de formaci\u00f3n acad\u00e9mica en los tres campus especializados [&hellip;]<\/p>\n","protected":false},"author":5,"featured_media":0,"parent":0,"menu_order":0,"comment_status":"closed","ping_status":"closed","template":"","meta":{"_et_pb_use_builder":"on","_et_pb_old_content":"","_et_gb_content_width":"","footnotes":""},"class_list":["post-792","page","type-page","status-publish","hentry"],"_links":{"self":[{"href":"http:\/\/www.ket4f-gas.eu\/index.php?rest_route=\/wp\/v2\/pages\/792","targetHints":{"allow":["GET"]}}],"collection":[{"href":"http:\/\/www.ket4f-gas.eu\/index.php?rest_route=\/wp\/v2\/pages"}],"about":[{"href":"http:\/\/www.ket4f-gas.eu\/index.php?rest_route=\/wp\/v2\/types\/page"}],"author":[{"embeddable":true,"href":"http:\/\/www.ket4f-gas.eu\/index.php?rest_route=\/wp\/v2\/users\/5"}],"replies":[{"embeddable":true,"href":"http:\/\/www.ket4f-gas.eu\/index.php?rest_route=%2Fwp%2Fv2%2Fcomments&post=792"}],"version-history":[{"count":1,"href":"http:\/\/www.ket4f-gas.eu\/index.php?rest_route=\/wp\/v2\/pages\/792\/revisions"}],"predecessor-version":[{"id":793,"href":"http:\/\/www.ket4f-gas.eu\/index.php?rest_route=\/wp\/v2\/pages\/792\/revisions\/793"}],"wp:attachment":[{"href":"http:\/\/www.ket4f-gas.eu\/index.php?rest_route=%2Fwp%2Fv2%2Fmedia&parent=792"}],"curies":[{"name":"wp","href":"https:\/\/api.w.org\/{rel}","templated":true}]}}