{"id":802,"date":"2018-11-12T11:22:54","date_gmt":"2018-11-12T11:22:54","guid":{"rendered":"http:\/\/www.ket4f-gas.eu\/?page_id=802"},"modified":"2021-03-17T08:54:03","modified_gmt":"2021-03-17T08:54:03","slug":"fre-pt","status":"publish","type":"page","link":"http:\/\/www.ket4f-gas.eu\/?page_id=802&lang=pt","title":{"rendered":"FRE pt"},"content":{"rendered":"<p>[et_pb_section fb_built=&#8221;1&#8243; _builder_version=&#8221;3.22&#8243;][et_pb_row _builder_version=&#8221;3.25&#8243; background_size=&#8221;initial&#8221; background_position=&#8221;top_left&#8221; background_repeat=&#8221;repeat&#8221; column_structure=&#8221;1_4,3_4&#8243;][et_pb_column type=&#8221;1_4&#8243; _builder_version=&#8221;3.25&#8243; custom_padding=&#8221;|||&#8221; custom_padding__hover=&#8221;|||&#8221;][et_pb_image src=&#8221;http:\/\/www.ket4f-gas.eu\/wp-content\/uploads\/2018\/08\/logo-uca-long-300dpi.png&#8221; align_tablet=&#8221;center&#8221; align_last_edited=&#8221;on|desktop&#8221; _builder_version=&#8221;3.23&#8243;][\/et_pb_image][et_pb_text _builder_version=&#8221;4.9.0&#8243; hover_enabled=&#8221;0&#8243; sticky_enabled=&#8221;0&#8243;]France<img loading=\"lazy\" decoding=\"async\" class=\"wp-image-397 alignleft\" style=\"margin-top: 1px;\" src=\"http:\/\/www.ket4f-gas.eu\/wp-content\/uploads\/2018\/08\/france_flags.png\" alt=\"\" width=\"20\" height=\"20\" \/><\/p>\n<p><a href=\"http:\/\/www.uca.fr\" target=\"_blank\" rel=\"noopener noreferrer\">Website<\/a><img loading=\"lazy\" decoding=\"async\" class=\"wp-image-394 alignleft\" style=\"margin-top: 1px;\" src=\"http:\/\/www.ket4f-gas.eu\/wp-content\/uploads\/2018\/08\/www.png\" alt=\"\" width=\"25\" height=\"25\" \/><\/p>\n<p><a href=\"mailto:Gilles.MAILHOT@uca.fr\" target=\"_blank\" rel=\"noopener noreferrer\">Gilles Mailhot<\/a><img loading=\"lazy\" decoding=\"async\" class=\"wp-image-394 alignleft\" style=\"margin-top: 1px;\" src=\"http:\/\/www.ket4f-gas.eu\/wp-content\/uploads\/2018\/08\/email.png\" alt=\"\" width=\"25\" height=\"25\" \/>[\/et_pb_text][\/et_pb_column][et_pb_column type=&#8221;3_4&#8243; _builder_version=&#8221;3.25&#8243; custom_padding=&#8221;|||&#8221; custom_padding__hover=&#8221;|||&#8221;][et_pb_text _builder_version=&#8221;3.27.4&#8243; z_index_tablet=&#8221;500&#8243;]<\/p>\n<h3><span style=\"color: #ff9900;\"><strong>FRE<\/strong><\/span><\/h3>\n<p style=\"text-align: justify;\">A Universidade de Clermont Auvergne (UCA) \u00e9 uma universidade de investiga\u00e7\u00e3o multidisciplinar localizada em Clermont-Ferrand, na regi\u00e3o francesa de Auvergne-Rh\u00f4ne-Alpes. \u00c9 frequentada por 35000 estudantes, incluindo 4600 estrangeiros e 850 estudantes de doutoramento. A UCA engloba 35 centros de investiga\u00e7\u00e3o, a maioria dos quais trabalha em conjunto com o CNRS, e estruturas federativas como a F\u00e9d\u00e9ration de Recherche en Environnement (FRE).<\/p>\n<p>[\/et_pb_text][\/et_pb_column][\/et_pb_row][\/et_pb_section]<\/p>\n","protected":false},"excerpt":{"rendered":"<p>France Website Gilles MailhotFRE A Universidade de Clermont Auvergne (UCA) \u00e9 uma universidade de investiga\u00e7\u00e3o multidisciplinar localizada em Clermont-Ferrand, na regi\u00e3o francesa de Auvergne-Rh\u00f4ne-Alpes. \u00c9 frequentada por 35000 estudantes, incluindo [&hellip;]<\/p>\n","protected":false},"author":5,"featured_media":0,"parent":0,"menu_order":0,"comment_status":"closed","ping_status":"closed","template":"","meta":{"_et_pb_use_builder":"on","_et_pb_old_content":"","_et_gb_content_width":"","footnotes":""},"class_list":["post-802","page","type-page","status-publish","hentry"],"_links":{"self":[{"href":"http:\/\/www.ket4f-gas.eu\/index.php?rest_route=\/wp\/v2\/pages\/802","targetHints":{"allow":["GET"]}}],"collection":[{"href":"http:\/\/www.ket4f-gas.eu\/index.php?rest_route=\/wp\/v2\/pages"}],"about":[{"href":"http:\/\/www.ket4f-gas.eu\/index.php?rest_route=\/wp\/v2\/types\/page"}],"author":[{"embeddable":true,"href":"http:\/\/www.ket4f-gas.eu\/index.php?rest_route=\/wp\/v2\/users\/5"}],"replies":[{"embeddable":true,"href":"http:\/\/www.ket4f-gas.eu\/index.php?rest_route=%2Fwp%2Fv2%2Fcomments&post=802"}],"version-history":[{"count":3,"href":"http:\/\/www.ket4f-gas.eu\/index.php?rest_route=\/wp\/v2\/pages\/802\/revisions"}],"predecessor-version":[{"id":2024,"href":"http:\/\/www.ket4f-gas.eu\/index.php?rest_route=\/wp\/v2\/pages\/802\/revisions\/2024"}],"wp:attachment":[{"href":"http:\/\/www.ket4f-gas.eu\/index.php?rest_route=%2Fwp%2Fv2%2Fmedia&parent=802"}],"curies":[{"name":"wp","href":"https:\/\/api.w.org\/{rel}","templated":true}]}}