{"id":823,"date":"2018-11-12T11:35:56","date_gmt":"2018-11-12T11:35:56","guid":{"rendered":"http:\/\/www.ket4f-gas.eu\/?page_id=823"},"modified":"2019-05-17T11:14:19","modified_gmt":"2019-05-17T11:14:19","slug":"fcc-pt","status":"publish","type":"page","link":"http:\/\/www.ket4f-gas.eu\/?page_id=823&lang=pt","title":{"rendered":"FCC pt"},"content":{"rendered":"<p>[et_pb_section bb_built=&#8221;1&#8243; inner_width=&#8221;auto&#8221; inner_max_width=&#8221;none&#8221;][et_pb_row][et_pb_column type=&#8221;1_4&#8243;][et_pb_image _builder_version=&#8221;3.7.1&#8243; src=&#8221;http:\/\/www.ket4f-gas.eu\/wp-content\/uploads\/2018\/08\/FCC-AMBITO.png&#8221; \/][et_pb_text _builder_version=&#8221;3.7.1&#8243;]<\/p>\n<p>Spain<img loading=\"lazy\" decoding=\"async\" class=\"wp-image-397 alignleft\" style=\"margin-top: 1px;\" src=\"http:\/\/www.ket4f-gas.eu\/wp-content\/uploads\/2018\/08\/Spain_flags.png\" alt=\"\" width=\"20\" height=\"20\" \/><\/p>\n<p><a href=\"http:\/\/www.fccambito.es\" target=\"_blank\" rel=\"noopener noreferrer\">Website<\/a><img loading=\"lazy\" decoding=\"async\" class=\"wp-image-394 alignleft\" style=\"margin-top: 1px;\" src=\"http:\/\/www.ket4f-gas.eu\/wp-content\/uploads\/2018\/08\/email.png\" alt=\"\" width=\"25\" height=\"25\" \/><\/p>\n<p><a href=\"mailto:egonzalezg@fcc.es\" target=\"_blank\" rel=\"noopener noreferrer\">Enrique Gonz\u00e1lez<\/a><img loading=\"lazy\" decoding=\"async\" class=\"wp-image-394 alignleft\" style=\"margin-top: 1px;\" src=\"http:\/\/www.ket4f-gas.eu\/wp-content\/uploads\/2018\/08\/email.png\" alt=\"\" width=\"25\" height=\"25\" \/><\/p>\n<p>[\/et_pb_text][\/et_pb_column][et_pb_column type=&#8221;3_4&#8243;][et_pb_text _builder_version=&#8221;3.22.7&#8243; text_text_shadow_horizontal_length=&#8221;text_text_shadow_style,%91object Object%93&#8243; text_text_shadow_vertical_length=&#8221;text_text_shadow_style,%91object Object%93&#8243; text_text_shadow_blur_strength=&#8221;text_text_shadow_style,%91object Object%93&#8243; link_text_shadow_horizontal_length=&#8221;link_text_shadow_style,%91object Object%93&#8243; link_text_shadow_vertical_length=&#8221;link_text_shadow_style,%91object Object%93&#8243; link_text_shadow_blur_strength=&#8221;link_text_shadow_style,%91object Object%93&#8243; ul_text_shadow_horizontal_length=&#8221;ul_text_shadow_style,%91object Object%93&#8243; ul_text_shadow_vertical_length=&#8221;ul_text_shadow_style,%91object Object%93&#8243; ul_text_shadow_blur_strength=&#8221;ul_text_shadow_style,%91object Object%93&#8243; ol_text_shadow_horizontal_length=&#8221;ol_text_shadow_style,%91object Object%93&#8243; ol_text_shadow_vertical_length=&#8221;ol_text_shadow_style,%91object Object%93&#8243; ol_text_shadow_blur_strength=&#8221;ol_text_shadow_style,%91object Object%93&#8243; quote_text_shadow_horizontal_length=&#8221;quote_text_shadow_style,%91object Object%93&#8243; quote_text_shadow_vertical_length=&#8221;quote_text_shadow_style,%91object Object%93&#8243; quote_text_shadow_blur_strength=&#8221;quote_text_shadow_style,%91object Object%93&#8243; header_text_shadow_horizontal_length=&#8221;header_text_shadow_style,%91object Object%93&#8243; header_text_shadow_vertical_length=&#8221;header_text_shadow_style,%91object Object%93&#8243; header_text_shadow_blur_strength=&#8221;header_text_shadow_style,%91object Object%93&#8243; header_2_text_shadow_horizontal_length=&#8221;header_2_text_shadow_style,%91object Object%93&#8243; header_2_text_shadow_vertical_length=&#8221;header_2_text_shadow_style,%91object Object%93&#8243; header_2_text_shadow_blur_strength=&#8221;header_2_text_shadow_style,%91object Object%93&#8243; header_3_text_shadow_horizontal_length=&#8221;header_3_text_shadow_style,%91object Object%93&#8243; header_3_text_shadow_vertical_length=&#8221;header_3_text_shadow_style,%91object Object%93&#8243; header_3_text_shadow_blur_strength=&#8221;header_3_text_shadow_style,%91object Object%93&#8243; header_4_text_shadow_horizontal_length=&#8221;header_4_text_shadow_style,%91object Object%93&#8243; header_4_text_shadow_vertical_length=&#8221;header_4_text_shadow_style,%91object Object%93&#8243; header_4_text_shadow_blur_strength=&#8221;header_4_text_shadow_style,%91object Object%93&#8243; header_5_text_shadow_horizontal_length=&#8221;header_5_text_shadow_style,%91object Object%93&#8243; header_5_text_shadow_vertical_length=&#8221;header_5_text_shadow_style,%91object Object%93&#8243; header_5_text_shadow_blur_strength=&#8221;header_5_text_shadow_style,%91object Object%93&#8243; header_6_text_shadow_horizontal_length=&#8221;header_6_text_shadow_style,%91object Object%93&#8243; header_6_text_shadow_vertical_length=&#8221;header_6_text_shadow_style,%91object Object%93&#8243; header_6_text_shadow_blur_strength=&#8221;header_6_text_shadow_style,%91object Object%93&#8243; z_index_tablet=&#8221;500&#8243;]<\/p>\n<h3><span style=\"color: #ff9900;\"><strong>FCC<\/strong><\/span><\/h3>\n<p style=\"text-align: justify;\"><strong>FCC \u00e1mbito: L\u00edder em gest\u00e3o e recupera\u00e7\u00e3o de res\u00edduos industriais e comerciais, recupera\u00e7\u00e3o de subprodutos e descontamina\u00e7\u00e3o de solos<\/strong><\/p>\n<p style=\"text-align: justify;\">A FCC \u00e1mbito,  subsidi\u00e1ria do Grupo FCC, \u00e9 a empresa l\u00edder em Espanha e Portugal na gest\u00e3o de res\u00edduos industriais, tratamento de subprodutos e descontamina\u00e7\u00e3o de solos, tendo tamb\u00e9m uma presen\u00e7a destacada nos EUA. A FCC estabeleceu-se como uma empresa l\u00edder no seu setor, com base num forte compromisso com a qualidade dos seus servi\u00e7os e a sua capacidade para inova\u00e7\u00e3o. A empresa oferece uma ampla gama de servi\u00e7os adaptados \u00e0s necessidades de cada cliente, dando prioridade \u00e0 reciclagem e recupera\u00e7\u00e3o de res\u00edduos.<\/p>\n<p style=\"text-align: justify;\">Desde a sua funda\u00e7\u00e3o, os principais objetivos da FCC \u00e1mbito incluem a gera\u00e7\u00e3o de valor acrescentado para as comunidades onde actua, bem como para \u00e0 sociedade em geral. A sua vasta rede de instala\u00e7\u00f5es de gest\u00e3o e tratamento de res\u00edduos, equipada com a tecnologia l\u00edder de mercado, permite uma gest\u00e3o adequada dos res\u00edduos, garantindo a prote\u00e7\u00e3o do ambiente e da sa\u00fade das comunidades locais. Com base em solu\u00e7\u00f5es inovadoras que visam utilizar os recursos contidos nos diferentes tipos de res\u00edduos, a FCC tornou-se um parceiro privilegiado da ind\u00fastria e do com\u00e9rcio, garantindo que estes contribuem para a economia circular, melhorando a sustentabilidade ambiental, social e econ\u00f3mica.<\/p>\n<p>[\/et_pb_text][\/et_pb_column][\/et_pb_row][\/et_pb_section]<\/p>\n","protected":false},"excerpt":{"rendered":"<p><div class=\"et_pb_row et_pb_row_0 et_pb_row_empty\">\n\t\t\t\t\n\t\t\t\t\n\t\t\t\t\n\t\t\t\t\n\t\t\t\t\n\t\t\t<\/div> Spain Website Enrique Gonz\u00e1lez FCC FCC \u00e1mbito: L\u00edder em gest\u00e3o e recupera\u00e7\u00e3o de res\u00edduos industriais e comerciais, recupera\u00e7\u00e3o de subprodutos e descontamina\u00e7\u00e3o de solos A FCC \u00e1mbito, subsidi\u00e1ria do [&hellip;]<\/p>\n","protected":false},"author":5,"featured_media":0,"parent":0,"menu_order":0,"comment_status":"closed","ping_status":"closed","template":"","meta":{"_et_pb_use_builder":"on","_et_pb_old_content":"","_et_gb_content_width":"","footnotes":""},"class_list":["post-823","page","type-page","status-publish","hentry"],"_links":{"self":[{"href":"http:\/\/www.ket4f-gas.eu\/index.php?rest_route=\/wp\/v2\/pages\/823","targetHints":{"allow":["GET"]}}],"collection":[{"href":"http:\/\/www.ket4f-gas.eu\/index.php?rest_route=\/wp\/v2\/pages"}],"about":[{"href":"http:\/\/www.ket4f-gas.eu\/index.php?rest_route=\/wp\/v2\/types\/page"}],"author":[{"embeddable":true,"href":"http:\/\/www.ket4f-gas.eu\/index.php?rest_route=\/wp\/v2\/users\/5"}],"replies":[{"embeddable":true,"href":"http:\/\/www.ket4f-gas.eu\/index.php?rest_route=%2Fwp%2Fv2%2Fcomments&post=823"}],"version-history":[{"count":3,"href":"http:\/\/www.ket4f-gas.eu\/index.php?rest_route=\/wp\/v2\/pages\/823\/revisions"}],"predecessor-version":[{"id":1316,"href":"http:\/\/www.ket4f-gas.eu\/index.php?rest_route=\/wp\/v2\/pages\/823\/revisions\/1316"}],"wp:attachment":[{"href":"http:\/\/www.ket4f-gas.eu\/index.php?rest_route=%2Fwp%2Fv2%2Fmedia&parent=823"}],"curies":[{"name":"wp","href":"https:\/\/api.w.org\/{rel}","templated":true}]}}