{"id":825,"date":"2018-11-12T11:38:10","date_gmt":"2018-11-12T11:38:10","guid":{"rendered":"http:\/\/www.ket4f-gas.eu\/?page_id=825"},"modified":"2019-05-17T11:16:07","modified_gmt":"2019-05-17T11:16:07","slug":"erp-portugal-pt","status":"publish","type":"page","link":"http:\/\/www.ket4f-gas.eu\/?page_id=825&lang=pt","title":{"rendered":"ERP Portugal pt"},"content":{"rendered":"<p>[et_pb_section bb_built=&#8221;1&#8243; inner_width=&#8221;auto&#8221; inner_max_width=&#8221;none&#8221;][et_pb_row][et_pb_column type=&#8221;1_4&#8243;][et_pb_image _builder_version=&#8221;3.7.1&#8243; src=&#8221;http:\/\/www.ket4f-gas.eu\/wp-content\/uploads\/2018\/08\/Log\u00f3tipo-ERP.gif&#8221; \/][et_pb_text _builder_version=&#8221;3.7.1&#8243;]<\/p>\n<p>Portugal<img loading=\"lazy\" decoding=\"async\" class=\"wp-image-397 alignleft\" style=\"margin-top: 1px;\" src=\"http:\/\/www.ket4f-gas.eu\/wp-content\/uploads\/2018\/08\/portugal_flags.png\" alt=\"\" width=\"20\" height=\"20\"><\/p>\n<p><a href=\"http:\/\/www.erp-recycling.pt\" target=\"_blank\" rel=\"noopener noreferrer\">Website<\/a><img loading=\"lazy\" decoding=\"async\" class=\"wp-image-394 alignleft\" style=\"margin-top: 1px;\" src=\"http:\/\/www.ket4f-gas.eu\/wp-content\/uploads\/2018\/08\/www.png\" alt=\"\" width=\"25\" height=\"25\"><\/p>\n<p><a href=\"mailto:c.ferreira@erp-recycling.org\" target=\"_blank\" rel=\"noopener noreferrer\">Carolina Ferreira<\/a><img loading=\"lazy\" decoding=\"async\" class=\"wp-image-394 alignleft\" style=\"margin-top: 1px;\" src=\"http:\/\/www.ket4f-gas.eu\/wp-content\/uploads\/2018\/08\/email.png\" alt=\"\" width=\"25\" height=\"25\"><\/p>\n<p>[\/et_pb_text][\/et_pb_column][et_pb_column type=&#8221;3_4&#8243;][et_pb_text _builder_version=&#8221;3.22.7&#8243; text_text_shadow_horizontal_length=&#8221;text_text_shadow_style,%91object Object%93&#8243; text_text_shadow_vertical_length=&#8221;text_text_shadow_style,%91object Object%93&#8243; text_text_shadow_blur_strength=&#8221;text_text_shadow_style,%91object Object%93&#8243; link_text_shadow_horizontal_length=&#8221;link_text_shadow_style,%91object Object%93&#8243; link_text_shadow_vertical_length=&#8221;link_text_shadow_style,%91object Object%93&#8243; link_text_shadow_blur_strength=&#8221;link_text_shadow_style,%91object Object%93&#8243; ul_text_shadow_horizontal_length=&#8221;ul_text_shadow_style,%91object Object%93&#8243; ul_text_shadow_vertical_length=&#8221;ul_text_shadow_style,%91object Object%93&#8243; ul_text_shadow_blur_strength=&#8221;ul_text_shadow_style,%91object Object%93&#8243; ol_text_shadow_horizontal_length=&#8221;ol_text_shadow_style,%91object Object%93&#8243; ol_text_shadow_vertical_length=&#8221;ol_text_shadow_style,%91object Object%93&#8243; ol_text_shadow_blur_strength=&#8221;ol_text_shadow_style,%91object Object%93&#8243; quote_text_shadow_horizontal_length=&#8221;quote_text_shadow_style,%91object Object%93&#8243; quote_text_shadow_vertical_length=&#8221;quote_text_shadow_style,%91object Object%93&#8243; quote_text_shadow_blur_strength=&#8221;quote_text_shadow_style,%91object Object%93&#8243; header_text_shadow_horizontal_length=&#8221;header_text_shadow_style,%91object Object%93&#8243; header_text_shadow_vertical_length=&#8221;header_text_shadow_style,%91object Object%93&#8243; header_text_shadow_blur_strength=&#8221;header_text_shadow_style,%91object Object%93&#8243; header_2_text_shadow_horizontal_length=&#8221;header_2_text_shadow_style,%91object Object%93&#8243; header_2_text_shadow_vertical_length=&#8221;header_2_text_shadow_style,%91object Object%93&#8243; header_2_text_shadow_blur_strength=&#8221;header_2_text_shadow_style,%91object Object%93&#8243; header_3_text_shadow_horizontal_length=&#8221;header_3_text_shadow_style,%91object Object%93&#8243; header_3_text_shadow_vertical_length=&#8221;header_3_text_shadow_style,%91object Object%93&#8243; header_3_text_shadow_blur_strength=&#8221;header_3_text_shadow_style,%91object Object%93&#8243; header_4_text_shadow_horizontal_length=&#8221;header_4_text_shadow_style,%91object Object%93&#8243; header_4_text_shadow_vertical_length=&#8221;header_4_text_shadow_style,%91object Object%93&#8243; header_4_text_shadow_blur_strength=&#8221;header_4_text_shadow_style,%91object Object%93&#8243; header_5_text_shadow_horizontal_length=&#8221;header_5_text_shadow_style,%91object Object%93&#8243; header_5_text_shadow_vertical_length=&#8221;header_5_text_shadow_style,%91object Object%93&#8243; header_5_text_shadow_blur_strength=&#8221;header_5_text_shadow_style,%91object Object%93&#8243; header_6_text_shadow_horizontal_length=&#8221;header_6_text_shadow_style,%91object Object%93&#8243; header_6_text_shadow_vertical_length=&#8221;header_6_text_shadow_style,%91object Object%93&#8243; header_6_text_shadow_blur_strength=&#8221;header_6_text_shadow_style,%91object Object%93&#8243; z_index_tablet=&#8221;500&#8243;]<\/p>\n<h3><span style=\"color: #ff9900;\"><strong>ERP PORTUGAL<\/strong><\/span><\/h3>\n<p style=\"text-align: justify;\">Como parte da <a href=\"http:\/\/www.erp-recycling.org\" target=\"_blank\" rel=\"noopener noreferrer\">Plataforma Europeia de Reciclagem<\/a>, a primeira plataforma pan-europeia de gest\u00e3o de res\u00edduos de equipamentos el\u00e9ctricos e electr\u00f3nicos (REEE), a ERP Portugal foi const\u00edtuida em 2005 por iniciativa de quatro grandes empresas do setor de produ\u00e7\u00e3o &#8211; Electrolux, Hewlett-Packard, Procter&#038;Gamble e Sony.<\/p>\n<p style=\"text-align: justify;\">A ERP Portugal \u00e9 uma associa\u00e7\u00e3o de direito privado sem fins lucrativos, licenciada pelo Governo Portugu\u00eas para a gest\u00e3o de res\u00edduos de equipamentos el\u00e9tricos e eletr\u00f3nicos (Decreto-Lei n.\u00ba 5258\/2018) e res\u00edduos de pilhas e acumuladores (RPA; Decreto-Lei n.\u00ba 11275-A \/ 2017.).<\/p>\n<p style=\"text-align: justify;\">Desde 2005, mais de 2650 pontos de coleta da atual rede da ERP Portugal, distribu\u00eddos por todo o pa\u00eds, recolheram um total de mais de 170 mil toneladas de REEE e RPA, atingindo os objetivos impostos pelas licen\u00e7as.<\/p>\n<p style=\"text-align: justify;\">Em 13 anos de actividade e caracterizada por sinergias na presta\u00e7\u00e3o de servi\u00e7os integrados, a ERP Portugal acompanhou a Europa e o resto do mundo em termos de cria\u00e7\u00e3o de medidas em prol da preserva\u00e7\u00e3o ambiental e da sustentabilidade, assumindo num curto per\u00edodo de tempo, um papel de relevo na sociedade portuguesa em termos de de gest\u00e3o de REEE e RPA.<\/p>\n<p>[\/et_pb_text][\/et_pb_column][\/et_pb_row][\/et_pb_section]<\/p>\n","protected":false},"excerpt":{"rendered":"<p><div class=\"et_pb_row et_pb_row_0 et_pb_row_empty\">\n\t\t\t\t\n\t\t\t\t\n\t\t\t\t\n\t\t\t\t\n\t\t\t\t\n\t\t\t<\/div> Portugal Website Carolina Ferreira ERP PORTUGAL Como parte da Plataforma Europeia de Reciclagem, a primeira plataforma pan-europeia de gest\u00e3o de res\u00edduos de equipamentos el\u00e9ctricos e electr\u00f3nicos (REEE), a ERP [&hellip;]<\/p>\n","protected":false},"author":5,"featured_media":0,"parent":0,"menu_order":0,"comment_status":"closed","ping_status":"closed","template":"","meta":{"_et_pb_use_builder":"on","_et_pb_old_content":"","_et_gb_content_width":"","footnotes":""},"class_list":["post-825","page","type-page","status-publish","hentry"],"_links":{"self":[{"href":"http:\/\/www.ket4f-gas.eu\/index.php?rest_route=\/wp\/v2\/pages\/825","targetHints":{"allow":["GET"]}}],"collection":[{"href":"http:\/\/www.ket4f-gas.eu\/index.php?rest_route=\/wp\/v2\/pages"}],"about":[{"href":"http:\/\/www.ket4f-gas.eu\/index.php?rest_route=\/wp\/v2\/types\/page"}],"author":[{"embeddable":true,"href":"http:\/\/www.ket4f-gas.eu\/index.php?rest_route=\/wp\/v2\/users\/5"}],"replies":[{"embeddable":true,"href":"http:\/\/www.ket4f-gas.eu\/index.php?rest_route=%2Fwp%2Fv2%2Fcomments&post=825"}],"version-history":[{"count":4,"href":"http:\/\/www.ket4f-gas.eu\/index.php?rest_route=\/wp\/v2\/pages\/825\/revisions"}],"predecessor-version":[{"id":1318,"href":"http:\/\/www.ket4f-gas.eu\/index.php?rest_route=\/wp\/v2\/pages\/825\/revisions\/1318"}],"wp:attachment":[{"href":"http:\/\/www.ket4f-gas.eu\/index.php?rest_route=%2Fwp%2Fv2%2Fmedia&parent=825"}],"curies":[{"name":"wp","href":"https:\/\/api.w.org\/{rel}","templated":true}]}}