{"id":831,"date":"2018-11-12T11:45:10","date_gmt":"2018-11-12T11:45:10","guid":{"rendered":"http:\/\/www.ket4f-gas.eu\/?page_id=831"},"modified":"2018-11-12T11:45:35","modified_gmt":"2018-11-12T11:45:35","slug":"erp-espana-fr","status":"publish","type":"page","link":"http:\/\/www.ket4f-gas.eu\/?page_id=831&lang=fr","title":{"rendered":"ERP SPAIN fr"},"content":{"rendered":"<p>[et_pb_section bb_built=&#8221;1&#8243;][et_pb_row][et_pb_column type=&#8221;1_4&#8243;][et_pb_image _builder_version=&#8221;3.7.1&#8243; src=&#8221;http:\/\/www.ket4f-gas.eu\/wp-content\/uploads\/2018\/08\/Log\u00f3tipo-ERP.gif&#8221; \/][et_pb_text _builder_version=&#8221;3.7.1&#8243;]<\/p>\n<p>Spain<img loading=\"lazy\" decoding=\"async\" class=\"wp-image-397 alignleft\" style=\"margin-top: 1px;\" src=\"http:\/\/www.ket4f-gas.eu\/wp-content\/uploads\/2018\/08\/Spain_flags.png\" alt=\"\" width=\"20\" height=\"20\" \/><\/p>\n<p><a href=\"https:\/\/erp-recycling.org\/es-es\/\" target=\"_blank\" rel=\"noopener\">Website<\/a><img loading=\"lazy\" decoding=\"async\" class=\"wp-image-394 alignleft\" style=\"margin-top: 1px;\" src=\"http:\/\/www.ket4f-gas.eu\/wp-content\/uploads\/2018\/08\/www.png\" alt=\"\" width=\"25\" height=\"25\" \/><\/p>\n<p><a href=\"mailto:matias.rodrigues@erp-recycling.org\" target=\"_blank\" rel=\"noopener\">Matias Rodrigues<\/a><img loading=\"lazy\" decoding=\"async\" class=\"wp-image-394 alignleft\" style=\"margin-top: 1px;\" src=\"http:\/\/www.ket4f-gas.eu\/wp-content\/uploads\/2018\/08\/email.png\" alt=\"\" width=\"25\" height=\"25\" \/><\/p>\n<p>[\/et_pb_text][\/et_pb_column][et_pb_column type=&#8221;3_4&#8243;][et_pb_text _builder_version=&#8221;3.7.1&#8243;]<\/p>\n<h3><span style=\"color: #ff9900;\"><strong>ERP SPAIN<\/strong><\/span><\/h3>\n<p style=\"text-align: justify;\">En tant que partie int\u00e9grante de la <a href=\"http:\/\/www.erp-recycling.org\" target=\"_blank\" rel=\"noopener\">Plate-forme Europ\u00e9enne de Recyclage<\/a>, ERP Espa\u00f1a est le seul Syst\u00e8me Paneurop\u00e9en de Responsabilit\u00e9 \u00c9largie des Producteurs en vigueur en Espagne. N\u00e9e en 2002 par quatre multinationales (Braun, Electrolux, HP et Sony) en r\u00e9ponse \u00e0 la premi\u00e8re directive de l&#8217;UE sur les d\u00e9chets d&#8217;\u00e9quipements \u00e9lectriques et \u00e9lectroniques (DEEE), elle se concentre sur la gestion des DEEE et des d\u00e9chets de batteries et batteries (RPA), permettant aux producteurs de se conformer \u00e0 la l\u00e9gislation et offrant des solutions de haute qualit\u00e9 au meilleur prix, ce qui simplifie le respect des obligations des producteurs.<\/p>\n<p style=\"text-align: justify;\">Dans le monde entier, services de gestion ERP pour DEEE, RPA et emballage dans 32 pays. En Espagne, il est exploit\u00e9 depuis 2005 en tant que SCRAP autoris\u00e9 pour les DEEE et depuis 2008 en tant que SCRAP pour les piles et accumulateurs.<\/p>\n<p>[\/et_pb_text][\/et_pb_column][\/et_pb_row][\/et_pb_section]<\/p>\n","protected":false},"excerpt":{"rendered":"<p><div class=\"et_pb_row et_pb_row_0 et_pb_row_empty\">\n\t\t\t\t\n\t\t\t\t\n\t\t\t\t\n\t\t\t\t\n\t\t\t\t\n\t\t\t<\/div> Spain Website Matias Rodrigues ERP SPAIN En tant que partie int\u00e9grante de la Plate-forme Europ\u00e9enne de Recyclage, ERP Espa\u00f1a est le seul Syst\u00e8me Paneurop\u00e9en de Responsabilit\u00e9 \u00c9largie des Producteurs [&hellip;]<\/p>\n","protected":false},"author":5,"featured_media":0,"parent":0,"menu_order":0,"comment_status":"closed","ping_status":"closed","template":"","meta":{"_et_pb_use_builder":"on","_et_pb_old_content":"","_et_gb_content_width":"","footnotes":""},"class_list":["post-831","page","type-page","status-publish","hentry"],"_links":{"self":[{"href":"http:\/\/www.ket4f-gas.eu\/index.php?rest_route=\/wp\/v2\/pages\/831","targetHints":{"allow":["GET"]}}],"collection":[{"href":"http:\/\/www.ket4f-gas.eu\/index.php?rest_route=\/wp\/v2\/pages"}],"about":[{"href":"http:\/\/www.ket4f-gas.eu\/index.php?rest_route=\/wp\/v2\/types\/page"}],"author":[{"embeddable":true,"href":"http:\/\/www.ket4f-gas.eu\/index.php?rest_route=\/wp\/v2\/users\/5"}],"replies":[{"embeddable":true,"href":"http:\/\/www.ket4f-gas.eu\/index.php?rest_route=%2Fwp%2Fv2%2Fcomments&post=831"}],"version-history":[{"count":2,"href":"http:\/\/www.ket4f-gas.eu\/index.php?rest_route=\/wp\/v2\/pages\/831\/revisions"}],"predecessor-version":[{"id":833,"href":"http:\/\/www.ket4f-gas.eu\/index.php?rest_route=\/wp\/v2\/pages\/831\/revisions\/833"}],"wp:attachment":[{"href":"http:\/\/www.ket4f-gas.eu\/index.php?rest_route=%2Fwp%2Fv2%2Fmedia&parent=831"}],"curies":[{"name":"wp","href":"https:\/\/api.w.org\/{rel}","templated":true}]}}