{"id":836,"date":"2018-11-12T11:48:08","date_gmt":"2018-11-12T11:48:08","guid":{"rendered":"http:\/\/www.ket4f-gas.eu\/?page_id=836"},"modified":"2018-11-12T11:48:08","modified_gmt":"2018-11-12T11:48:08","slug":"erp-spain-es","status":"publish","type":"page","link":"http:\/\/www.ket4f-gas.eu\/?page_id=836&lang=es","title":{"rendered":"ERP SPAIN es"},"content":{"rendered":"<p>[et_pb_section bb_built=&#8221;1&#8243;][et_pb_row][et_pb_column type=&#8221;1_4&#8243;][et_pb_image _builder_version=&#8221;3.7.1&#8243; src=&#8221;http:\/\/www.ket4f-gas.eu\/wp-content\/uploads\/2018\/08\/Log\u00f3tipo-ERP.gif&#8221; \/][et_pb_text _builder_version=&#8221;3.7.1&#8243;]<\/p>\n<p>Spain<img loading=\"lazy\" decoding=\"async\" class=\"wp-image-397 alignleft\" style=\"margin-top: 1px;\" src=\"http:\/\/www.ket4f-gas.eu\/wp-content\/uploads\/2018\/08\/Spain_flags.png\" alt=\"\" width=\"20\" height=\"20\" \/><\/p>\n<p><a href=\"https:\/\/erp-recycling.org\/es-es\/\" target=\"_blank\" rel=\"noopener\">Website<\/a><img loading=\"lazy\" decoding=\"async\" class=\"wp-image-394 alignleft\" style=\"margin-top: 1px;\" src=\"http:\/\/www.ket4f-gas.eu\/wp-content\/uploads\/2018\/08\/www.png\" alt=\"\" width=\"25\" height=\"25\" \/><\/p>\n<p><a href=\"mailto:matias.rodrigues@erp-recycling.org\" target=\"_blank\" rel=\"noopener\">Matias Rodrigues<\/a><img loading=\"lazy\" decoding=\"async\" class=\"wp-image-394 alignleft\" style=\"margin-top: 1px;\" src=\"http:\/\/www.ket4f-gas.eu\/wp-content\/uploads\/2018\/08\/email.png\" alt=\"\" width=\"25\" height=\"25\" \/><\/p>\n<p>[\/et_pb_text][\/et_pb_column][et_pb_column type=&#8221;3_4&#8243;][et_pb_text _builder_version=&#8221;3.7.1&#8243;]<\/p>\n<h3><span style=\"color: #ff9900;\"><strong>ERP SPAIN<\/strong><\/span><\/h3>\n<p style=\"text-align: justify;\">Como parte de la <a href=\"http:\/\/www.erp-recycling.org\" target=\"_blank\" rel=\"noopener\">Plataforma Europea de Reciclaje<\/a>, ERP Espa\u00f1a es el \u00fanico Sistema de Responsabilidad Ampliada del Productor de \u00e1mbito paneuropeo que opera en Espa\u00f1a. Nace en 2002 de la mano de cuatro compa\u00f1\u00edas multinacionales (Braun, Electrolux, HP y Sony) en respuesta a la primera Directiva de la UE sobre residuos de aparatos el\u00e9ctricos y electr\u00f3nicos (RAEE), y se centra en la gesti\u00f3n de RAEE y residuos de pilas y bater\u00edas (RPA), facilitando a los productores cumplir con la legislaci\u00f3n y ofreciendo soluciones de alta calidad al mejor precio, lo que simplifica el cumplimiento de las obligaciones de los productores.<\/p>\n<p style=\"text-align: justify;\">A escala mundial, ERP servicios de gesti\u00f3n de RAEE, RPA y envases en 32 pa\u00edses. En Espa\u00f1a opera desde 2005 como SCRAP autorizado de RAEE y desde 2008 tambi\u00e9n como SCRAP de pilas y acumuladores.<\/p>\n<p>[\/et_pb_text][\/et_pb_column][\/et_pb_row][\/et_pb_section]<\/p>\n","protected":false},"excerpt":{"rendered":"<p><div class=\"et_pb_row et_pb_row_0 et_pb_row_empty\">\n\t\t\t\t\n\t\t\t\t\n\t\t\t\t\n\t\t\t\t\n\t\t\t\t\n\t\t\t<\/div> Spain Website Matias Rodrigues ERP SPAIN Como parte de la Plataforma Europea de Reciclaje, ERP Espa\u00f1a es el \u00fanico Sistema de Responsabilidad Ampliada del Productor de \u00e1mbito paneuropeo que [&hellip;]<\/p>\n","protected":false},"author":5,"featured_media":0,"parent":0,"menu_order":0,"comment_status":"closed","ping_status":"closed","template":"","meta":{"_et_pb_use_builder":"on","_et_pb_old_content":"","_et_gb_content_width":"","footnotes":""},"class_list":["post-836","page","type-page","status-publish","hentry"],"_links":{"self":[{"href":"http:\/\/www.ket4f-gas.eu\/index.php?rest_route=\/wp\/v2\/pages\/836","targetHints":{"allow":["GET"]}}],"collection":[{"href":"http:\/\/www.ket4f-gas.eu\/index.php?rest_route=\/wp\/v2\/pages"}],"about":[{"href":"http:\/\/www.ket4f-gas.eu\/index.php?rest_route=\/wp\/v2\/types\/page"}],"author":[{"embeddable":true,"href":"http:\/\/www.ket4f-gas.eu\/index.php?rest_route=\/wp\/v2\/users\/5"}],"replies":[{"embeddable":true,"href":"http:\/\/www.ket4f-gas.eu\/index.php?rest_route=%2Fwp%2Fv2%2Fcomments&post=836"}],"version-history":[{"count":1,"href":"http:\/\/www.ket4f-gas.eu\/index.php?rest_route=\/wp\/v2\/pages\/836\/revisions"}],"predecessor-version":[{"id":837,"href":"http:\/\/www.ket4f-gas.eu\/index.php?rest_route=\/wp\/v2\/pages\/836\/revisions\/837"}],"wp:attachment":[{"href":"http:\/\/www.ket4f-gas.eu\/index.php?rest_route=%2Fwp%2Fv2%2Fmedia&parent=836"}],"curies":[{"name":"wp","href":"https:\/\/api.w.org\/{rel}","templated":true}]}}