{"id":85,"date":"2018-05-22T07:09:10","date_gmt":"2018-05-22T07:09:10","guid":{"rendered":"http:\/\/www.ket4f-gas.eu\/?page_id=85"},"modified":"2018-06-07T07:44:11","modified_gmt":"2018-06-07T07:44:11","slug":"program","status":"publish","type":"page","link":"http:\/\/www.ket4f-gas.eu\/?page_id=85","title":{"rendered":"Program"},"content":{"rendered":"<p>[et_pb_section bb_built=&#8221;1&#8243;][et_pb_row][et_pb_column type=&#8221;4_4&#8243;][et_pb_image _builder_version=&#8221;3.3.1&#8243; src=&#8221;http:\/\/www.ket4f-gas.eu\/wp-content\/uploads\/2018\/05\/banner.jpg&#8221; \/][\/et_pb_column][\/et_pb_row][et_pb_row][et_pb_column type=&#8221;4_4&#8243;][et_pb_text _builder_version=&#8221;3.3.1&#8243;]<\/p>\n<h1 style=\"text-align: center;\">Program*<\/h1>\n<p>&nbsp;<\/p>\n<h3 style=\"text-align: center;\">11 June 2018 \u2013 Auditorium CGD of the Faculty of Science and Technology (FCT NOVA), University NOVA de Lisboa \u2013 Campus of Caparica<\/h3>\n<p>*Official languages of Sudoe area (Portuguese, Spanish and French): simultaneous interpretation for English available.<br \/>\n<div class='et-box et-shadow'>\n\t\t\t\t\t<div class='et-box-content'><p style=\"text-align: justify;\"><strong>13:30h<\/strong>. <strong>Registration<\/strong><\/p>\n<p style=\"text-align: justify;\"><strong>14:00h<\/strong>. <strong>Welcome<\/strong>. Director of FCT NOVA<\/p>\n<p style=\"text-align: justify;\"><strong>14:10h<\/strong>.<strong> Presentation of KET4F-Gas Project<\/strong>. Lead Partner, FCT NOVA<\/p>\n<p style=\"text-align: justify;\"><strong>14:30h<\/strong>. <strong>Action on the emissions of fluorinated greenhouse gases in the regions of the SUDOE area: climatic changes, European regulation and national legislation.<\/strong><\/p>\n<ul style=\"text-align: justify;\">\n<li>Ana Rodrigues Daam, Head of the Division for Mitigation and Carbon Market of the Portuguese Environment Agency (APA)<\/li>\n<li>M\u00f3nica P\u00e9rez Medina, Head of the Waste Service, Xunta de Galicia<\/li>\n<\/ul>\n<p style=\"text-align: justify;\"><strong>15:10h<\/strong>. <strong>Kigali agreement: action on the emissions of fluorinated greenhouse gases outside the SUDOE area<\/strong>. Lourdes F. Vega, GRC Joint Chair Professor, Petroleum Institute (PI, Khalifa University of Science and Technology), Abu Dhabi, EAU<\/p>\n<p style=\"text-align: justify;\"><strong>15:30h<\/strong>. <strong>Best practices and methodologies available in the European context for waste management of electrical and electronic equipment (WEEE).<\/strong> Rosa Monforte, General Director of the European Recycling Platform of Portugal (ERP)<\/p>\n<p>&nbsp;<\/p>\n<p style=\"text-align: justify;\"><strong>15:50h<\/strong>. <strong>Spanish overview on the fluorinated greenhouse gas waste management.<\/strong> Enrique Gonz\u00e1lez, R&amp;D Coordinator, FCC \u00c1mbito, Espa\u00f1a<\/p>\n<p style=\"text-align: justify;\"><strong>16:10h<\/strong>. <strong>Challenges of Fluorinated Greenhouse gas waste management in Portugal<\/strong>. Jos\u00e9 Aranda Correia, Head of Research and Development Departament, Ambigroup Reciclagem, S.A., Portugal<\/p>\n<p style=\"text-align: justify;\"><strong>16:30h<\/strong>. <strong>Environmental impact of fluorinated greenhouse gases: balance between environment, society and economy.<\/strong> Ana Filipa Alves, ZERO \u2013 Sustainable Terrestrial System Association, Portugal<\/p>\n<p style=\"text-align: justify;\"><strong>16:50h<\/strong>. <strong>Conclusions\/Wrap-up<\/strong>, Research Vice-Rector of UNL<\/p>\n<p style=\"text-align: justify;\"><strong>17:00h<\/strong>. <strong>Networking Cocktail<\/strong> at the \u201cPregui\u00e7odromo\u201d of the Library of FCT NOVA<\/p><\/div><\/div><\/p>\n<p>&nbsp;<\/p>\n<p>[\/et_pb_text][\/et_pb_column][\/et_pb_row][\/et_pb_section]<\/p>\n","protected":false},"excerpt":{"rendered":"<p><div class=\"et_pb_row et_pb_row_0 et_pb_row_empty\">\n\t\t\t\t\n\t\t\t\t\n\t\t\t\t\n\t\t\t\t\n\t\t\t\t\n\t\t\t<\/div><div class=\"et_pb_row et_pb_row_1 et_pb_row_empty\">\n\t\t\t\t\n\t\t\t\t\n\t\t\t\t\n\t\t\t\t\n\t\t\t\t\n\t\t\t<\/div> Program* &nbsp; 11 June 2018 \u2013 Auditorium CGD of the Faculty of Science and Technology (FCT NOVA), University NOVA de Lisboa \u2013 Campus of Caparica *Official languages of Sudoe [&hellip;]<\/p>\n","protected":false},"author":5,"featured_media":0,"parent":0,"menu_order":0,"comment_status":"closed","ping_status":"closed","template":"","meta":{"_et_pb_use_builder":"on","_et_pb_old_content":"","_et_gb_content_width":"","footnotes":""},"class_list":["post-85","page","type-page","status-publish","hentry"],"_links":{"self":[{"href":"http:\/\/www.ket4f-gas.eu\/index.php?rest_route=\/wp\/v2\/pages\/85","targetHints":{"allow":["GET"]}}],"collection":[{"href":"http:\/\/www.ket4f-gas.eu\/index.php?rest_route=\/wp\/v2\/pages"}],"about":[{"href":"http:\/\/www.ket4f-gas.eu\/index.php?rest_route=\/wp\/v2\/types\/page"}],"author":[{"embeddable":true,"href":"http:\/\/www.ket4f-gas.eu\/index.php?rest_route=\/wp\/v2\/users\/5"}],"replies":[{"embeddable":true,"href":"http:\/\/www.ket4f-gas.eu\/index.php?rest_route=%2Fwp%2Fv2%2Fcomments&post=85"}],"version-history":[{"count":19,"href":"http:\/\/www.ket4f-gas.eu\/index.php?rest_route=\/wp\/v2\/pages\/85\/revisions"}],"predecessor-version":[{"id":197,"href":"http:\/\/www.ket4f-gas.eu\/index.php?rest_route=\/wp\/v2\/pages\/85\/revisions\/197"}],"wp:attachment":[{"href":"http:\/\/www.ket4f-gas.eu\/index.php?rest_route=%2Fwp%2Fv2%2Fmedia&parent=85"}],"curies":[{"name":"wp","href":"https:\/\/api.w.org\/{rel}","templated":true}]}}